{"id":201585,"date":"2026-04-03T13:53:17","date_gmt":"2026-04-03T13:53:17","guid":{"rendered":"https:\/\/modesthanim.com\/product\/nakisli-sweatshirt-1-7-yas-antrasit\/"},"modified":"2026-04-15T22:31:59","modified_gmt":"2026-04-15T22:31:59","slug":"nakisli-sweatshirt-1-7-yas-antrasit","status":"publish","type":"product","link":"https:\/\/mod.wisdar.net\/tr\/urun\/nakisli-sweatshirt-1-7-yas-antrasit\/","title":{"rendered":"Nak\u0131\u015fl\u0131 Sweatshirt 1-7 Ya\u015f Antrasit"},"content":{"rendered":"<p>. %97 Pamuk %3 oeko-tex sertifikal\u0131 Elastan<\/p>\n<p>. \u0130\u00e7i kal\u0131n pamuklu, \u015fardonlu kuma\u015ft\u0131r<\/p>\n<p>. So\u011fuk k\u0131\u015f g\u00fcnleri i\u00e7in uygundur<\/p>\n<p>. Nefes alan, yumu\u015fac\u0131k ve saf bir dokuya sahiptir<\/p>\n<p>. \u00c7ama\u015f\u0131r makinesinde maksimum 30\u00baC\u2019lik k\u0131sa programda y\u0131kay\u0131n\u0131z<\/p>\n","protected":false},"excerpt":{"rendered":"<p>. %97 Pamuk %3 oeko-tex sertifikal\u0131 Elastan . \u0130\u00e7i kal\u0131n pamuklu, \u015fardonlu kuma\u015ft\u0131r . So\u011fuk k\u0131\u015f g\u00fcnleri i\u00e7in uygundur . Nefes alan, yumu\u015fac\u0131k ve saf bir dokuya sahiptir . \u00c7ama\u015f\u0131r makinesinde maksimum 30\u00baC\u2019lik k\u0131sa programda y\u0131kay\u0131n\u0131z<\/p>\n","protected":false},"featured_media":201579,"comment_status":"open","ping_status":"closed","template":"","meta":[],"product_brand":[],"product_cat":[8739,8694,8742,8697,8700],"product_tag":[7758,7488],"class_list":{"0":"post-201585","1":"product","2":"type-product","3":"status-publish","4":"has-post-thumbnail","6":"product_cat-erkek-cocuklar-2-14-yas","7":"product_cat-cocuklar","8":"product_cat-tisortler-gomlekler","9":"product_cat-yenidogan-0-12-ay","10":"product_cat-yenidogan-giyim","11":"product_tag-kis-giyim","12":"product_tag-pamuk","13":"pa_brand-cigit","14":"pa_color-antrasit","15":"pa_size-12-18-ay","16":"pa_size-18-24-ay","17":"pa_size-2-3-yas","18":"pa_size-3-4-yas","19":"pa_size-4-5-yas","20":"pa_size-5-6-yas","21":"pa_size-6-7-yas","23":"first","24":"instock","25":"sale","26":"shipping-taxable","27":"purchasable","28":"product-type-variable"},"_links":{"self":[{"href":"https:\/\/mod.wisdar.net\/tr\/wp-json\/wp\/v2\/product\/201585","targetHints":{"allow":["GET"]}}],"collection":[{"href":"https:\/\/mod.wisdar.net\/tr\/wp-json\/wp\/v2\/product"}],"about":[{"href":"https:\/\/mod.wisdar.net\/tr\/wp-json\/wp\/v2\/types\/product"}],"replies":[{"embeddable":true,"href":"https:\/\/mod.wisdar.net\/tr\/wp-json\/wp\/v2\/comments?post=201585"}],"wp:featuredmedia":[{"embeddable":true,"href":"https:\/\/mod.wisdar.net\/tr\/wp-json\/wp\/v2\/media\/201579"}],"wp:attachment":[{"href":"https:\/\/mod.wisdar.net\/tr\/wp-json\/wp\/v2\/media?parent=201585"}],"wp:term":[{"taxonomy":"product_brand","embeddable":true,"href":"https:\/\/mod.wisdar.net\/tr\/wp-json\/wp\/v2\/product_brand?post=201585"},{"taxonomy":"product_cat","embeddable":true,"href":"https:\/\/mod.wisdar.net\/tr\/wp-json\/wp\/v2\/product_cat?post=201585"},{"taxonomy":"product_tag","embeddable":true,"href":"https:\/\/mod.wisdar.net\/tr\/wp-json\/wp\/v2\/product_tag?post=201585"}],"curies":[{"name":"wp","href":"https:\/\/api.w.org\/{rel}","templated":true}]}}