{"id":201623,"date":"2026-04-03T13:53:33","date_gmt":"2026-04-03T13:53:33","guid":{"rendered":"https:\/\/modesthanim.com\/product\/kiz-bebek-pamuklu-uzun-kollu-fiyonk-islemeli-cepli-denim-ceket\/"},"modified":"2026-04-15T20:57:42","modified_gmt":"2026-04-15T20:57:42","slug":"kiz-bebek-pamuklu-uzun-kollu-fiyonk-islemeli-cepli-denim-ceket","status":"publish","type":"product","link":"https:\/\/mod.wisdar.net\/tr\/urun\/kiz-bebek-pamuklu-uzun-kollu-fiyonk-islemeli-cepli-denim-ceket\/","title":{"rendered":"K\u0131z Bebek Pamuklu Uzun Kollu Fiyonk \u0130\u015flemeli Cepli Denim Ceket"},"content":{"rendered":"<p>Sevimli fiyonk detaylar\u0131yla dikkat \u00e7eken denim ceket, minikler i\u00e7in ideal bir se\u00e7enek sunuyor. D\u00fc\u011fmeli tasar\u0131m\u0131 ve cepli yap\u0131s\u0131yla hem \u015f\u0131kl\u0131k hem de fonksiyonellik sa\u011fl\u0131yor. Pamuklu yap\u0131s\u0131 sayesinde yumu\u015fak ve rahat bir kullan\u0131m sunan denim ceket, bebeklere konfor sunuyor.<\/p>\n<p>\u00dcr\u00fcn \u00d6zellikleri<br \/>\nKol Tipi: Uzun Kol<br \/>\nKuma\u015f: %100 Pamuk<br \/>\nDetay: Cepli, D\u00fc\u011fmeli<br \/>\nKullan\u0131m Alan\u0131: G\u00fcnl\u00fck Giyim, \u00d6zel G\u00fcnler<\/p>\n<p>Koton k\u0131z bebek ceket modelleri, zarafeti ve konforu bir araya getiriyor! Miniklerin \u015f\u0131kl\u0131\u011f\u0131 ve rahatl\u0131\u011f\u0131 i\u00e7in Koton\u2019un benzersiz tasar\u0131mlar\u0131n\u0131 ka\u00e7\u0131rmay\u0131n!<\/p>\n<p>\u00dcr\u00fcnlerimiz kimyasallara kar\u015f\u0131 test edilerek, t\u00fcm g\u00fcvenlik kurallar\u0131na uygun olarak \u00fcretilir. \u00dcr\u00fcnlerimizde sa\u011fl\u0131\u011fa zararl\u0131 boyalar ve a\u011f\u0131r metaller, tehlikeli yutulabilecek k\u00fc\u00e7\u00fck ve keskin par\u00e7alar, kordon ve ba\u011fc\u0131klar bulunmamaktad\u0131r.<\/p>\n<p>\u2014 Technical Details \u2014<br \/>\nkuma\u015f: %100 PAMUK<br \/>\nkol_boyu: Uzun Kol<br \/>\nkol_tipi: D\u00fc\u015f\u00fck Omuz<br \/>\nyaka_tipi: G\u00f6mlek Yaka<br \/>\nsil\u00fcet: Basic<br \/>\n\u00fcr\u00fcn_tipi_stil: Basic<br \/>\n\u00fcr\u00fcn\u00fcn_alt_markas\u0131: Kidswear<br \/>\nsat\u0131c\u0131_imalat\u00e7\u0131_ithalat\u00e7\u0131_ismi: Koton Ma\u011fazac\u0131l\u0131k Tekstil Sanayi ve Ticaret A.\u015e.<br \/>\nposta_adresi: Ayaza\u011fa Mah. Maslak Ayaza\u011fa Cad. No:3 \u0130\u00e7 Kap\u0131 No:5 Sar\u0131yer\/\u0130stanbul<br \/>\ne_posta_adresi: mim@koton.com<\/p>\n","protected":false},"excerpt":{"rendered":"<p>Sevimli fiyonk detaylar\u0131yla dikkat \u00e7eken denim ceket, minikler i\u00e7in ideal bir se\u00e7enek sunuyor. D\u00fc\u011fmeli tasar\u0131m\u0131 ve cepli yap\u0131s\u0131yla hem \u015f\u0131kl\u0131k hem de fonksiyonellik sa\u011fl\u0131yor. Pamuklu yap\u0131s\u0131 sayesinde yumu\u015fak ve rahat bir kullan\u0131m sunan denim ceket, bebeklere konfor sunuyor. \u00dcr\u00fcn \u00d6zellikleri Kol Tipi: Uzun Kol Kuma\u015f: %100 Pamuk Detay: Cepli, D\u00fc\u011fmeli Kullan\u0131m Alan\u0131: G\u00fcnl\u00fck Giyim, \u00d6zel [&hellip;]<\/p>\n","protected":false},"featured_media":201614,"comment_status":"open","ping_status":"closed","template":"","meta":[],"product_brand":[],"product_cat":[10820,8715,8694],"product_tag":[8039,6768],"class_list":{"0":"post-201623","1":"product","2":"type-product","3":"status-publish","4":"has-post-thumbnail","6":"product_cat-kiz-cocuk-ceket-yelek","7":"product_cat-kiz-cocuklari-2-14-yas","8":"product_cat-cocuklar","9":"product_tag-koton","10":"product_tag-uzun-kol","11":"pa_brand-koton","12":"pa_color-light-indigo","13":"pa_size-12-18-ay-2","14":"pa_size-18-24-ay-2","15":"pa_size-24-36-ay-2","16":"pa_size-3-4-yas-2","17":"pa_size-4-5-yas-2","19":"first","20":"instock","21":"sale","22":"shipping-taxable","23":"purchasable","24":"product-type-variable"},"_links":{"self":[{"href":"https:\/\/mod.wisdar.net\/tr\/wp-json\/wp\/v2\/product\/201623","targetHints":{"allow":["GET"]}}],"collection":[{"href":"https:\/\/mod.wisdar.net\/tr\/wp-json\/wp\/v2\/product"}],"about":[{"href":"https:\/\/mod.wisdar.net\/tr\/wp-json\/wp\/v2\/types\/product"}],"replies":[{"embeddable":true,"href":"https:\/\/mod.wisdar.net\/tr\/wp-json\/wp\/v2\/comments?post=201623"}],"wp:featuredmedia":[{"embeddable":true,"href":"https:\/\/mod.wisdar.net\/tr\/wp-json\/wp\/v2\/media\/201614"}],"wp:attachment":[{"href":"https:\/\/mod.wisdar.net\/tr\/wp-json\/wp\/v2\/media?parent=201623"}],"wp:term":[{"taxonomy":"product_brand","embeddable":true,"href":"https:\/\/mod.wisdar.net\/tr\/wp-json\/wp\/v2\/product_brand?post=201623"},{"taxonomy":"product_cat","embeddable":true,"href":"https:\/\/mod.wisdar.net\/tr\/wp-json\/wp\/v2\/product_cat?post=201623"},{"taxonomy":"product_tag","embeddable":true,"href":"https:\/\/mod.wisdar.net\/tr\/wp-json\/wp\/v2\/product_tag?post=201623"}],"curies":[{"name":"wp","href":"https:\/\/api.w.org\/{rel}","templated":true}]}}