{"id":20163,"date":"2025-11-07T20:16:06","date_gmt":"2025-11-02T14:24:07","guid":{"rendered":"https:\/\/modesthanim.com\/product\/beli-lastikli-cepli-pantolon-bej\/"},"modified":"2026-03-06T11:56:18","modified_gmt":"2026-03-06T11:56:18","slug":"beli-lastikli-cepli-pantolon-bej","status":"publish","type":"product","link":"https:\/\/mod.wisdar.net\/tr\/urun\/beli-lastikli-cepli-pantolon-bej\/","title":{"rendered":"Beli Lastikli Cepli Pantolon \u2013 Bej"},"content":{"rendered":"<p>Rahat bel lasti\u011fi ve fonksiyonel cepleriyle \u00f6ne \u00e7\u0131kan bu pantolon, konforu ve pratikli\u011fi bir arada sunar. G\u00fcnl\u00fck stiliniz i\u00e7in ideal bir tamamlay\u0131c\u0131d\u0131r.<\/p>\n<p>\u2014 Teknik Detaylar \u2014<br \/>\nDesen: D\u00fcz<br \/>\nBel Tipi: Normal Bel<br \/>\nPa\u00e7a Tipi: Boru<br \/>\nCep: Yan Cep<br \/>\nAstar: Astars\u0131z<br \/>\n\u00dcr\u00fcn Boyu: 107 cm<br \/>\nKal\u0131p Tipi: Normal Kal\u0131p<br \/>\nMankenin Giydi\u011fi Beden: 38<br \/>\nManken \u00d6l\u00e7\u00fcleri: Boy: 176 cm, G\u00f6\u011f\u00fcs: 80 cm, Bel: 60 cm, Basen: 90 cm<\/p>\n","protected":false},"excerpt":{"rendered":"<p>Rahat bel lasti\u011fi ve fonksiyonel cepleriyle \u00f6ne \u00e7\u0131kan bu pantolon, konforu ve pratikli\u011fi bir arada sunar. G\u00fcnl\u00fck stiliniz i\u00e7in ideal bir tamamlay\u0131c\u0131d\u0131r. \u2014 Teknik Detaylar \u2014 Desen: D\u00fcz Bel Tipi: Normal Bel Pa\u00e7a Tipi: Boru Cep: Yan Cep Astar: Astars\u0131z \u00dcr\u00fcn Boyu: 107 cm Kal\u0131p Tipi: Normal Kal\u0131p Mankenin Giydi\u011fi Beden: 38 Manken \u00d6l\u00e7\u00fcleri: Boy: [&hellip;]<\/p>\n","protected":false},"featured_media":0,"comment_status":"open","ping_status":"closed","template":"","meta":[],"product_brand":[],"product_cat":[1882],"product_tag":[],"class_list":{"0":"post-20163","1":"product","2":"type-product","3":"status-publish","5":"product_cat-alt-giyim","6":"pa_color-bej","7":"pa_size-4706","8":"pa_size-4711","9":"pa_size-4713","10":"pa_size-4751","11":"pa_size-4749","12":"pa_size-4747","13":"pa_size-std","15":"first","16":"instock","17":"sale","18":"shipping-taxable","19":"purchasable","20":"product-type-variable"},"_links":{"self":[{"href":"https:\/\/mod.wisdar.net\/tr\/wp-json\/wp\/v2\/product\/20163","targetHints":{"allow":["GET"]}}],"collection":[{"href":"https:\/\/mod.wisdar.net\/tr\/wp-json\/wp\/v2\/product"}],"about":[{"href":"https:\/\/mod.wisdar.net\/tr\/wp-json\/wp\/v2\/types\/product"}],"replies":[{"embeddable":true,"href":"https:\/\/mod.wisdar.net\/tr\/wp-json\/wp\/v2\/comments?post=20163"}],"wp:attachment":[{"href":"https:\/\/mod.wisdar.net\/tr\/wp-json\/wp\/v2\/media?parent=20163"}],"wp:term":[{"taxonomy":"product_brand","embeddable":true,"href":"https:\/\/mod.wisdar.net\/tr\/wp-json\/wp\/v2\/product_brand?post=20163"},{"taxonomy":"product_cat","embeddable":true,"href":"https:\/\/mod.wisdar.net\/tr\/wp-json\/wp\/v2\/product_cat?post=20163"},{"taxonomy":"product_tag","embeddable":true,"href":"https:\/\/mod.wisdar.net\/tr\/wp-json\/wp\/v2\/product_tag?post=20163"}],"curies":[{"name":"wp","href":"https:\/\/api.w.org\/{rel}","templated":true}]}}