{"id":201693,"date":"2026-04-03T13:54:49","date_gmt":"2026-04-03T13:54:49","guid":{"rendered":"https:\/\/modesthanim.com\/product\/jakarli-organze-abiye-elbise-nane-yesili\/"},"modified":"2026-04-05T21:16:23","modified_gmt":"2026-04-05T21:16:23","slug":"jakarli-organze-abiye-elbise-nane-yesili","status":"publish","type":"product","link":"https:\/\/mod.wisdar.net\/tr\/urun\/jakarli-organze-abiye-elbise-nane-yesili\/","title":{"rendered":"Jakarl\u0131 Organze Abiye Elbise Nane Ye\u015fili"},"content":{"rendered":"<p>Yuvarlak Yaka Elbise<br \/>\nDar bel silueti<br \/>\nElastik man\u015fetli raglan balon kollar<br \/>\nUzun arka kuyruklu y\u00fcksek-al\u00e7ak etek<br \/>\nTamamen astarl\u0131<br \/>\nGizli arka fermuar<\/p>\n<p>Kuma\u015f Kompozisyonu:<br \/>\nKabuk: %100 Polyester<br \/>\nAstar: %100 Polyester<\/p>\n<p>Beden Bilgisi:<br \/>\nBeden 36: \u00d6n Uzunluk: 158 cm, Arka Uzunluk: 174 cm, Bel: 35 cm, Etek: 203 cm, Kol Uzunlu\u011fu: 76 cm, G\u00f6\u011f\u00fcs: 42 cm<br \/>\nBeden 38: \u00d6n Uzunluk: 159 cm, Arka Uzunluk: 175 cm, Bel: 37 cm, Etek: 203 cm, Kol Uzunlu\u011fu: 77 cm, G\u00f6\u011f\u00fcs: 44 cm<br \/>\nBeden 40: \u00d6n Uzunluk: 160 cm, Arka Uzunluk: 176 cm, Bel: 39 cm, Etek: 203 cm, Kol Uzunlu\u011fu: 78 cm, G\u00f6\u011f\u00fcs: 46 cm<br \/>\nBeden 42: \u00d6n Uzunluk: 161 cm, Arka Uzunluk: 177 cm, Bel: 41 cm, Etek: 203 cm, Kol Uzunlu\u011fu: 79 cm, G\u00f6\u011f\u00fcs: 48 cm<\/p>\n<p>Bak\u0131m Talimatlar\u0131:<br \/>\nD\u00fc\u015f\u00fck s\u0131cakl\u0131kta \u00fct\u00fcleyin<br \/>\n\u00c7ama\u015f\u0131r suyu kullanmay\u0131n<br \/>\nSadece kuru temizleme<br \/>\nKurutma makinesinde kurutmay\u0131n<br \/>\nNot: Hassas kuma\u015f \u2013 dikkatli \u00fct\u00fcleyin<\/p>\n","protected":false},"excerpt":{"rendered":"<p>Yuvarlak Yaka Elbise Dar bel silueti Elastik man\u015fetli raglan balon kollar Uzun arka kuyruklu y\u00fcksek-al\u00e7ak etek Tamamen astarl\u0131 Gizli arka fermuar Kuma\u015f Kompozisyonu: Kabuk: %100 Polyester Astar: %100 Polyester Beden Bilgisi: Beden 36: \u00d6n Uzunluk: 158 cm, Arka Uzunluk: 174 cm, Bel: 35 cm, Etek: 203 cm, Kol Uzunlu\u011fu: 76 cm, G\u00f6\u011f\u00fcs: 42 cm Beden [&hellip;]<\/p>\n","protected":false},"featured_media":201677,"comment_status":"open","ping_status":"closed","template":"","meta":[],"product_brand":[],"product_cat":[6249,1936],"product_tag":[8427,6744,7959],"class_list":{"0":"post-201693","1":"product","2":"type-product","3":"status-publish","4":"has-post-thumbnail","6":"product_cat-elbiseler","7":"product_cat-resmi-ve-aksam-elbiseleri","8":"product_tag-gece-elbisesi","9":"product_tag-kadin-modasi","10":"product_tag-resmi-giyim","11":"pa_brand-manuka","12":"pa_color-nane","13":"pa_size-4701","14":"pa_size-4706","15":"pa_size-4711","16":"pa_size-4713","18":"first","19":"instock","20":"sale","21":"shipping-taxable","22":"purchasable","23":"product-type-variable"},"_links":{"self":[{"href":"https:\/\/mod.wisdar.net\/tr\/wp-json\/wp\/v2\/product\/201693","targetHints":{"allow":["GET"]}}],"collection":[{"href":"https:\/\/mod.wisdar.net\/tr\/wp-json\/wp\/v2\/product"}],"about":[{"href":"https:\/\/mod.wisdar.net\/tr\/wp-json\/wp\/v2\/types\/product"}],"replies":[{"embeddable":true,"href":"https:\/\/mod.wisdar.net\/tr\/wp-json\/wp\/v2\/comments?post=201693"}],"wp:featuredmedia":[{"embeddable":true,"href":"https:\/\/mod.wisdar.net\/tr\/wp-json\/wp\/v2\/media\/201677"}],"wp:attachment":[{"href":"https:\/\/mod.wisdar.net\/tr\/wp-json\/wp\/v2\/media?parent=201693"}],"wp:term":[{"taxonomy":"product_brand","embeddable":true,"href":"https:\/\/mod.wisdar.net\/tr\/wp-json\/wp\/v2\/product_brand?post=201693"},{"taxonomy":"product_cat","embeddable":true,"href":"https:\/\/mod.wisdar.net\/tr\/wp-json\/wp\/v2\/product_cat?post=201693"},{"taxonomy":"product_tag","embeddable":true,"href":"https:\/\/mod.wisdar.net\/tr\/wp-json\/wp\/v2\/product_tag?post=201693"}],"curies":[{"name":"wp","href":"https:\/\/api.w.org\/{rel}","templated":true}]}}