{"id":201728,"date":"2026-04-03T13:54:54","date_gmt":"2026-04-03T13:54:54","guid":{"rendered":"https:\/\/modesthanim.com\/product\/kapsonlu-fermuarli-hirka-1-14-yas-murdum\/"},"modified":"2026-04-06T17:11:31","modified_gmt":"2026-04-06T17:11:31","slug":"kapsonlu-fermuarli-hirka-1-14-yas-murdum","status":"publish","type":"product","link":"https:\/\/mod.wisdar.net\/tr\/urun\/kapsonlu-fermuarli-hirka-1-14-yas-murdum\/","title":{"rendered":"Kap\u015fonlu Fermuarl\u0131 H\u0131rka 1-14 Ya\u015f M\u00fcrd\u00fcm"},"content":{"rendered":"<p>. %97 Pamuk %3 oeko-tex sertifikal\u0131 Elastan<\/p>\n<p>. \u0130\u00e7i kal\u0131n pamuklu, \u015fardonlu kuma\u015ft\u0131r<\/p>\n<p>. So\u011fuk k\u0131\u015f g\u00fcnleri i\u00e7in uygundur<\/p>\n<p>. Nefes alan, yumu\u015fac\u0131k ve saf bir dokuya sahiptir<\/p>\n<p>. \u00c7ama\u015f\u0131r makinesinde maksimum 30\u00baC\u2019lik k\u0131sa programda y\u0131kay\u0131n\u0131z<\/p>\n","protected":false},"excerpt":{"rendered":"<p>. %97 Pamuk %3 oeko-tex sertifikal\u0131 Elastan . \u0130\u00e7i kal\u0131n pamuklu, \u015fardonlu kuma\u015ft\u0131r . So\u011fuk k\u0131\u015f g\u00fcnleri i\u00e7in uygundur . Nefes alan, yumu\u015fac\u0131k ve saf bir dokuya sahiptir . \u00c7ama\u015f\u0131r makinesinde maksimum 30\u00baC\u2019lik k\u0131sa programda y\u0131kay\u0131n\u0131z<\/p>\n","protected":false},"featured_media":201724,"comment_status":"open","ping_status":"closed","template":"","meta":[],"product_brand":[],"product_cat":[8739,8751,8694],"product_tag":[7766,8108,7488,7422],"class_list":{"0":"post-201728","1":"product","2":"type-product","3":"status-publish","4":"has-post-thumbnail","6":"product_cat-erkek-cocuklar-2-14-yas","7":"product_cat-kapusonlular","8":"product_cat-cocuklar","9":"product_tag-kapusonlu-sweatshirt-2","10":"product_tag-kis","11":"product_tag-pamuk","12":"product_tag-sweatshirt","13":"pa_brand-cigit","14":"pa_color-murdum","15":"pa_size-10-11-yas","16":"pa_size-11-12-yas","17":"pa_size-12-13-yas","18":"pa_size-12-18-ay","19":"pa_size-13-14-yas","20":"pa_size-18-24-ay","21":"pa_size-2-3-yas","22":"pa_size-3-4-yas","23":"pa_size-4-5-yas","24":"pa_size-5-6-yas","25":"pa_size-6-7-yas","26":"pa_size-7-8-yas","27":"pa_size-8-9-yas","28":"pa_size-9-10-yas","30":"first","31":"outofstock","32":"shipping-taxable","33":"product-type-variable"},"_links":{"self":[{"href":"https:\/\/mod.wisdar.net\/tr\/wp-json\/wp\/v2\/product\/201728","targetHints":{"allow":["GET"]}}],"collection":[{"href":"https:\/\/mod.wisdar.net\/tr\/wp-json\/wp\/v2\/product"}],"about":[{"href":"https:\/\/mod.wisdar.net\/tr\/wp-json\/wp\/v2\/types\/product"}],"replies":[{"embeddable":true,"href":"https:\/\/mod.wisdar.net\/tr\/wp-json\/wp\/v2\/comments?post=201728"}],"wp:featuredmedia":[{"embeddable":true,"href":"https:\/\/mod.wisdar.net\/tr\/wp-json\/wp\/v2\/media\/201724"}],"wp:attachment":[{"href":"https:\/\/mod.wisdar.net\/tr\/wp-json\/wp\/v2\/media?parent=201728"}],"wp:term":[{"taxonomy":"product_brand","embeddable":true,"href":"https:\/\/mod.wisdar.net\/tr\/wp-json\/wp\/v2\/product_brand?post=201728"},{"taxonomy":"product_cat","embeddable":true,"href":"https:\/\/mod.wisdar.net\/tr\/wp-json\/wp\/v2\/product_cat?post=201728"},{"taxonomy":"product_tag","embeddable":true,"href":"https:\/\/mod.wisdar.net\/tr\/wp-json\/wp\/v2\/product_tag?post=201728"}],"curies":[{"name":"wp","href":"https:\/\/api.w.org\/{rel}","templated":true}]}}