{"id":201793,"date":"2026-04-03T13:55:57","date_gmt":"2026-04-03T13:55:57","guid":{"rendered":"https:\/\/modesthanim.com\/product\/bej-baskili-erkek-bebek-citcitli-body-ve-tayt\/"},"modified":"2026-04-09T06:12:34","modified_gmt":"2026-04-09T06:12:34","slug":"bej-baskili-erkek-bebek-citcitli-body-ve-tayt","status":"publish","type":"product","link":"https:\/\/mod.wisdar.net\/tr\/urun\/bej-baskili-erkek-bebek-citcitli-body-ve-tayt\/","title":{"rendered":"Bej Bask\u0131l\u0131 Erkek Bebek \u00c7\u0131t\u00e7\u0131tl\u0131 Body ve Tayt"},"content":{"rendered":"<p>LCW baby Bej Bask\u0131l\u0131 Erkek Bebek \u00c7\u0131t\u00e7\u0131tl\u0131 Body ve Tayt size \u00f6zel indirim, taksit ve kap\u0131da \u00f6deme avantajlar\u0131yla LCW&#8217;de! Hemen online al\u0131\u015fveri\u015f yap, \u00fcr\u00fcn kap\u0131na gelsin! \u2013 S6MH42Z1-LQE<\/p>\n<p>\u2014 Technical Details \u2014<br \/>\nSat\u0131c\u0131: LC Waikiki<br \/>\nMarka: LCW baby<br \/>\n\u00dcr\u00fcn Tipi: Tak\u0131m<br \/>\nCinsiyet: Erkek Bebek<br \/>\nKal\u0131p: Dar &amp; Slim<br \/>\nBel Fiti: Beli Lastikli<br \/>\nDesen: Bask\u0131l\u0131<br \/>\nYaka: Bisiklet Yaka<br \/>\nPa\u00e7a Fiti: Dar Pa\u00e7a<br \/>\nKol Boyu: Uzun Kollu<br \/>\nMalzeme: Y\u00fcksek Pamuk \u0130\u00e7erir<br \/>\nKoleksiyon: Yenido\u011fan<br \/>\nPar\u00e7a Say\u0131s\u0131: 2 Par\u00e7a<\/p>\n","protected":false},"excerpt":{"rendered":"<p>LCW baby Bej Bask\u0131l\u0131 Erkek Bebek \u00c7\u0131t\u00e7\u0131tl\u0131 Body ve Tayt size \u00f6zel indirim, taksit ve kap\u0131da \u00f6deme avantajlar\u0131yla LCW&#8217;de! Hemen online al\u0131\u015fveri\u015f yap, \u00fcr\u00fcn kap\u0131na gelsin! \u2013 S6MH42Z1-LQE \u2014 Technical Details \u2014 Sat\u0131c\u0131: LC Waikiki Marka: LCW baby \u00dcr\u00fcn Tipi: Tak\u0131m Cinsiyet: Erkek Bebek Kal\u0131p: Dar &amp; Slim Bel Fiti: Beli Lastikli Desen: Bask\u0131l\u0131 Yaka: [&hellip;]<\/p>\n","protected":false},"featured_media":201785,"comment_status":"open","ping_status":"closed","template":"","meta":[],"product_brand":[],"product_cat":[8703,8694,8697],"product_tag":[8022,6753,7480],"class_list":{"0":"post-201793","1":"product","2":"type-product","3":"status-publish","4":"has-post-thumbnail","6":"product_cat-bebek-setleri","7":"product_cat-cocuklar","8":"product_cat-yenidogan-0-12-ay","9":"product_tag-baskili-2","10":"product_tag-bej","11":"product_tag-tayt","12":"pa_brand-lcw-baby","13":"pa_color-bej","14":"pa_size-0-1-ay","15":"pa_size-1-3-ay","16":"pa_size-12-18-ay","17":"pa_size-3-6-ay","18":"pa_size-6-9-ay","19":"pa_size-9-12-ay","21":"first","22":"instock","23":"sale","24":"shipping-taxable","25":"purchasable","26":"product-type-variable"},"_links":{"self":[{"href":"https:\/\/mod.wisdar.net\/tr\/wp-json\/wp\/v2\/product\/201793","targetHints":{"allow":["GET"]}}],"collection":[{"href":"https:\/\/mod.wisdar.net\/tr\/wp-json\/wp\/v2\/product"}],"about":[{"href":"https:\/\/mod.wisdar.net\/tr\/wp-json\/wp\/v2\/types\/product"}],"replies":[{"embeddable":true,"href":"https:\/\/mod.wisdar.net\/tr\/wp-json\/wp\/v2\/comments?post=201793"}],"wp:featuredmedia":[{"embeddable":true,"href":"https:\/\/mod.wisdar.net\/tr\/wp-json\/wp\/v2\/media\/201785"}],"wp:attachment":[{"href":"https:\/\/mod.wisdar.net\/tr\/wp-json\/wp\/v2\/media?parent=201793"}],"wp:term":[{"taxonomy":"product_brand","embeddable":true,"href":"https:\/\/mod.wisdar.net\/tr\/wp-json\/wp\/v2\/product_brand?post=201793"},{"taxonomy":"product_cat","embeddable":true,"href":"https:\/\/mod.wisdar.net\/tr\/wp-json\/wp\/v2\/product_cat?post=201793"},{"taxonomy":"product_tag","embeddable":true,"href":"https:\/\/mod.wisdar.net\/tr\/wp-json\/wp\/v2\/product_tag?post=201793"}],"curies":[{"name":"wp","href":"https:\/\/api.w.org\/{rel}","templated":true}]}}