{"id":201837,"date":"2026-04-03T13:56:27","date_gmt":"2026-04-03T13:56:27","guid":{"rendered":"https:\/\/modesthanim.com\/product\/bej-renkli-cicek-desenli-kusakli-tunik\/"},"modified":"2026-04-03T13:57:03","modified_gmt":"2026-04-03T13:57:03","slug":"bej-renkli-cicek-desenli-kusakli-tunik","status":"publish","type":"product","link":"https:\/\/mod.wisdar.net\/tr\/urun\/bej-renkli-cicek-desenli-kusakli-tunik\/","title":{"rendered":"Bej Renkli \u00c7i\u00e7ek Desenli Ku\u015fakl\u0131 Tunik"},"content":{"rendered":"<p>Bu tunik, yumu\u015fak tonlardaki \u00e7i\u00e7ek desenleri ile romantik bir hava sunarken, \u00e7\u0131kar\u0131labilir ku\u015fak detay\u0131 v\u00fccut \u015feklini zarif bir \u015fekilde vurgular.<\/p>\n<p>\u2014 Teknik Detaylar \u2014<br \/>\nDesen: \u00c7i\u00e7ekli<br \/>\nYaka Tipi: G\u00f6mlek Yakas\u0131<br \/>\nKol Tipi: Uzun Kol<br \/>\nCep: Cepsiz<br \/>\nAstar: Astars\u0131z<br \/>\n\u00dcr\u00fcn Uzunlu\u011fu: 110 cm<br \/>\nKal\u0131p: Normal Kal\u0131p<br \/>\nModelin Giydi\u011fi Beden: 38<br \/>\nModel \u00d6l\u00e7\u00fcleri: Boy: 177 cm, G\u00f6\u011f\u00fcs: 88 cm, Bel: 58 cm, Kal\u00e7a: 93 cm<\/p>\n","protected":false},"excerpt":{"rendered":"<p>Bu tunik, yumu\u015fak tonlardaki \u00e7i\u00e7ek desenleri ile romantik bir hava sunarken, \u00e7\u0131kar\u0131labilir ku\u015fak detay\u0131 v\u00fccut \u015feklini zarif bir \u015fekilde vurgular. \u2014 Teknik Detaylar \u2014 Desen: \u00c7i\u00e7ekli Yaka Tipi: G\u00f6mlek Yakas\u0131 Kol Tipi: Uzun Kol Cep: Cepsiz Astar: Astars\u0131z \u00dcr\u00fcn Uzunlu\u011fu: 110 cm Kal\u0131p: Normal Kal\u0131p Modelin Giydi\u011fi Beden: 38 Model \u00d6l\u00e7\u00fcleri: Boy: 177 cm, G\u00f6\u011f\u00fcs: [&hellip;]<\/p>\n","protected":false},"featured_media":201828,"comment_status":"open","ping_status":"closed","template":"","meta":[],"product_brand":[],"product_cat":[2050,1909],"product_tag":[6753,7508,6771,7668,7488,5016,6768],"class_list":{"0":"post-201837","1":"product","2":"type-product","3":"status-publish","4":"has-post-thumbnail","6":"product_cat-blazer-ceketler","7":"product_cat-bluzlar-ve-gomlekler","8":"product_tag-bej","9":"product_tag-cicekli","10":"product_tag-gomlek-yaka","11":"product_tag-kemerli","12":"product_tag-pamuk","13":"product_tag-unlined","14":"product_tag-uzun-kol","15":"pa_brand-tugba","16":"pa_color-bej","17":"pa_size-4706","18":"pa_size-4711","19":"pa_size-4713","20":"pa_size-4751","21":"pa_size-4749","22":"pa_size-4747","24":"first","25":"instock","26":"sale","27":"shipping-taxable","28":"purchasable","29":"product-type-variable"},"_links":{"self":[{"href":"https:\/\/mod.wisdar.net\/tr\/wp-json\/wp\/v2\/product\/201837","targetHints":{"allow":["GET"]}}],"collection":[{"href":"https:\/\/mod.wisdar.net\/tr\/wp-json\/wp\/v2\/product"}],"about":[{"href":"https:\/\/mod.wisdar.net\/tr\/wp-json\/wp\/v2\/types\/product"}],"replies":[{"embeddable":true,"href":"https:\/\/mod.wisdar.net\/tr\/wp-json\/wp\/v2\/comments?post=201837"}],"wp:featuredmedia":[{"embeddable":true,"href":"https:\/\/mod.wisdar.net\/tr\/wp-json\/wp\/v2\/media\/201828"}],"wp:attachment":[{"href":"https:\/\/mod.wisdar.net\/tr\/wp-json\/wp\/v2\/media?parent=201837"}],"wp:term":[{"taxonomy":"product_brand","embeddable":true,"href":"https:\/\/mod.wisdar.net\/tr\/wp-json\/wp\/v2\/product_brand?post=201837"},{"taxonomy":"product_cat","embeddable":true,"href":"https:\/\/mod.wisdar.net\/tr\/wp-json\/wp\/v2\/product_cat?post=201837"},{"taxonomy":"product_tag","embeddable":true,"href":"https:\/\/mod.wisdar.net\/tr\/wp-json\/wp\/v2\/product_tag?post=201837"}],"curies":[{"name":"wp","href":"https:\/\/api.w.org\/{rel}","templated":true}]}}