{"id":201875,"date":"2026-04-03T13:57:07","date_gmt":"2026-04-03T13:57:07","guid":{"rendered":"https:\/\/modesthanim.com\/product\/tasli-dugmeli-blazer-ceket-mercan\/"},"modified":"2026-04-03T14:33:45","modified_gmt":"2026-04-03T14:33:45","slug":"tasli-dugmeli-blazer-ceket-mercan","status":"publish","type":"product","link":"https:\/\/mod.wisdar.net\/tr\/urun\/tasli-dugmeli-blazer-ceket-mercan\/","title":{"rendered":"Ta\u015fl\u0131 D\u00fc\u011fmeli Blazer Ceket \u2013 Mercan"},"content":{"rendered":"<p>Klasik \u015f\u0131kl\u0131\u011fa zarif bir dokunu\u015f&#8230; Bu blazer ceket, \u00f6zenle tasarlanm\u0131\u015f ta\u015fl\u0131 d\u00fc\u011fmeleri ile dikkat \u00e7ekiyor ve her detay\u0131yla sofistike ve modern bir g\u00f6r\u00fcn\u00fcm sunuyor.<\/p>\n<p>Kuma\u015f Kompozisyonu: %88 Modal, %12 Polyester<br \/>\nDesen: D\u00fcz<br \/>\nYaka Tipi: Blazer Yaka<br \/>\nKol Tipi: Uzun Kol<br \/>\nCep: Dekoratif D\u00fcnya<br \/>\nAstar: Astars\u0131z<br \/>\n\u00dcr\u00fcn Uzunlu\u011fu: 90 cm<br \/>\nKal\u0131p: Normal Kal\u0131p<br \/>\nModelin Giydi\u011fi Beden: 38<br \/>\nModel \u00d6l\u00e7\u00fcleri: Boy: 177 cm, G\u00f6\u011f\u00fcs: 88 cm, Bel: 58 cm, Kal\u00e7a: 93 cm<\/p>\n","protected":false},"excerpt":{"rendered":"<p>Klasik \u015f\u0131kl\u0131\u011fa zarif bir dokunu\u015f&#8230; Bu blazer ceket, \u00f6zenle tasarlanm\u0131\u015f ta\u015fl\u0131 d\u00fc\u011fmeleri ile dikkat \u00e7ekiyor ve her detay\u0131yla sofistike ve<\/p>\n","protected":false},"featured_media":201870,"comment_status":"open","ping_status":"closed","template":"","meta":[],"product_brand":[],"product_cat":[2050],"product_tag":[7943,5012,5013,8399],"class_list":{"0":"post-201875","1":"product","2":"type-product","3":"status-publish","4":"has-post-thumbnail","6":"product_cat-blazer-ceketler","7":"product_tag-blazer","8":"product_tag-elegant","9":"product_tag-modern","10":"product_tag-sik-2","11":"pa_brand-tugba","12":"pa_color-mercan","13":"pa_size-4706","14":"pa_size-4711","15":"pa_size-4713","16":"pa_size-4751","17":"pa_size-4749","18":"pa_size-4747","20":"first","21":"instock","22":"sale","23":"shipping-taxable","24":"purchasable","25":"product-type-variable"},"_links":{"self":[{"href":"https:\/\/mod.wisdar.net\/tr\/wp-json\/wp\/v2\/product\/201875","targetHints":{"allow":["GET"]}}],"collection":[{"href":"https:\/\/mod.wisdar.net\/tr\/wp-json\/wp\/v2\/product"}],"about":[{"href":"https:\/\/mod.wisdar.net\/tr\/wp-json\/wp\/v2\/types\/product"}],"replies":[{"embeddable":true,"href":"https:\/\/mod.wisdar.net\/tr\/wp-json\/wp\/v2\/comments?post=201875"}],"version-history":[{"count":0,"href":"https:\/\/mod.wisdar.net\/tr\/wp-json\/wp\/v2\/product\/201875\/revisions"}],"wp:featuredmedia":[{"embeddable":true,"href":"https:\/\/mod.wisdar.net\/tr\/wp-json\/wp\/v2\/media\/201870"}],"wp:attachment":[{"href":"https:\/\/mod.wisdar.net\/tr\/wp-json\/wp\/v2\/media?parent=201875"}],"wp:term":[{"taxonomy":"product_brand","embeddable":true,"href":"https:\/\/mod.wisdar.net\/tr\/wp-json\/wp\/v2\/product_brand?post=201875"},{"taxonomy":"product_cat","embeddable":true,"href":"https:\/\/mod.wisdar.net\/tr\/wp-json\/wp\/v2\/product_cat?post=201875"},{"taxonomy":"product_tag","embeddable":true,"href":"https:\/\/mod.wisdar.net\/tr\/wp-json\/wp\/v2\/product_tag?post=201875"}],"curies":[{"name":"wp","href":"https:\/\/api.w.org\/{rel}","templated":true}]}}