{"id":201941,"date":"2026-04-03T13:58:13","date_gmt":"2026-04-03T13:58:13","guid":{"rendered":"https:\/\/modesthanim.com\/product\/yesil-wideleg-kadin-jean-pantolon\/"},"modified":"2026-04-03T13:58:26","modified_gmt":"2026-04-03T13:58:26","slug":"yesil-wideleg-kadin-jean-pantolon","status":"publish","type":"product","link":"https:\/\/mod.wisdar.net\/tr\/urun\/yesil-wideleg-kadin-jean-pantolon\/","title":{"rendered":"Ye\u015fil Wideleg Kad\u0131n Jean Pantolon"},"content":{"rendered":"<p>LCWAIKIKI Classic Ye\u015fil Wideleg Kad\u0131n Jean Pantolon size \u00f6zel indirim, taksit ve kap\u0131da \u00f6deme avantajlar\u0131yla LCW&#8217;de! Hemen online al\u0131\u015fveri\u015f yap, \u00fcr\u00fcn kap\u0131na gelsin! \u2013 S6IH58Z8-MPC<\/p>\n<p>\u2014 Technical Details \u2014<br \/>\n\u00dcr\u00fcn Tipi: Jean Pantolon<br \/>\nCinsiyet: Kad\u0131n<br \/>\nKal\u0131p: Wideleg<br \/>\nKuma\u015f: Denim G\u00f6r\u00fcn\u00fcml\u00fc<br \/>\nBel Fiti: Y\u00fcksek Bel<br \/>\nDesen: D\u00fcz<br \/>\nPa\u00e7a Fiti: Geni\u015f Pa\u00e7a<br \/>\nMalzeme: Y\u00fcksek Pamuk \u0130\u00e7erir<\/p>\n","protected":false},"excerpt":{"rendered":"<p>LCWAIKIKI Classic Ye\u015fil Wideleg Kad\u0131n Jean Pantolon size \u00f6zel indirim, taksit ve kap\u0131da \u00f6deme avantajlar\u0131yla LCW&#8217;de! Hemen online al\u0131\u015fveri\u015f yap, \u00fcr\u00fcn kap\u0131na gelsin! \u2013 S6IH58Z8-MPC \u2014 Technical Details \u2014 \u00dcr\u00fcn Tipi: Jean Pantolon Cinsiyet: Kad\u0131n Kal\u0131p: Wideleg Kuma\u015f: Denim G\u00f6r\u00fcn\u00fcml\u00fc Bel Fiti: Y\u00fcksek Bel Desen: D\u00fcz Pa\u00e7a Fiti: Geni\u015f Pa\u00e7a Malzeme: Y\u00fcksek Pamuk \u0130\u00e7erir<\/p>\n","protected":false},"featured_media":201933,"comment_status":"open","ping_status":"closed","template":"","meta":[],"product_brand":[],"product_cat":[1882],"product_tag":[7809,6761,7810,7807,7808,7650,7811],"class_list":{"0":"post-201941","1":"product","2":"type-product","3":"status-publish","4":"has-post-thumbnail","6":"product_cat-alt-giyim","7":"product_tag-bol-paca-3","8":"product_tag-bol-paca","9":"product_tag-denim-gorunum","10":"product_tag-jean","11":"product_tag-solid","12":"product_tag-yuksek-bel-3","13":"product_tag-yuksek-pamuk-icerigi","14":"pa_brand-lcwaikiki-classic","15":"pa_color-yesil","16":"pa_size-4701","17":"pa_size-4706","18":"pa_size-4711","19":"pa_size-4713","20":"pa_size-4751","21":"pa_size-4749","23":"first","24":"instock","25":"shipping-taxable","26":"purchasable","27":"product-type-variable"},"_links":{"self":[{"href":"https:\/\/mod.wisdar.net\/tr\/wp-json\/wp\/v2\/product\/201941","targetHints":{"allow":["GET"]}}],"collection":[{"href":"https:\/\/mod.wisdar.net\/tr\/wp-json\/wp\/v2\/product"}],"about":[{"href":"https:\/\/mod.wisdar.net\/tr\/wp-json\/wp\/v2\/types\/product"}],"replies":[{"embeddable":true,"href":"https:\/\/mod.wisdar.net\/tr\/wp-json\/wp\/v2\/comments?post=201941"}],"wp:featuredmedia":[{"embeddable":true,"href":"https:\/\/mod.wisdar.net\/tr\/wp-json\/wp\/v2\/media\/201933"}],"wp:attachment":[{"href":"https:\/\/mod.wisdar.net\/tr\/wp-json\/wp\/v2\/media?parent=201941"}],"wp:term":[{"taxonomy":"product_brand","embeddable":true,"href":"https:\/\/mod.wisdar.net\/tr\/wp-json\/wp\/v2\/product_brand?post=201941"},{"taxonomy":"product_cat","embeddable":true,"href":"https:\/\/mod.wisdar.net\/tr\/wp-json\/wp\/v2\/product_cat?post=201941"},{"taxonomy":"product_tag","embeddable":true,"href":"https:\/\/mod.wisdar.net\/tr\/wp-json\/wp\/v2\/product_tag?post=201941"}],"curies":[{"name":"wp","href":"https:\/\/api.w.org\/{rel}","templated":true}]}}