{"id":20198,"date":"2025-11-07T20:16:06","date_gmt":"2025-11-02T14:24:43","guid":{"rendered":"https:\/\/modesthanim.com\/product\/beli-lastikli-pantolon-bej\/"},"modified":"2026-04-07T04:30:39","modified_gmt":"2026-04-07T04:30:39","slug":"beli-lastikli-pantolon-bej","status":"publish","type":"product","link":"https:\/\/mod.wisdar.net\/tr\/urun\/beli-lastikli-pantolon-bej\/","title":{"rendered":"Beli Lastikli Pantolon \u2013 Bej"},"content":{"rendered":"<p>Elastik bel tasar\u0131m\u0131 ile konforlu bir kullan\u0131m sunan bu pantolon, sade tasar\u0131m\u0131yla her t\u00fcrl\u00fc stile uyum sa\u011flar. G\u00fcnl\u00fck kullan\u0131m i\u00e7in ideal olan bu pantolon, mevsim ge\u00e7i\u015flerinde gard\u0131robunuzun olmazsa olmazlar\u0131ndand\u0131r.<\/p>\n<p>\u2014 Teknik Detaylar \u2014<br \/>\nDesen: D\u00fcz<br \/>\nBel Tipi: Normal Bel \u2013 Beli Lastikli<br \/>\nPa\u00e7a Tipi: Bol Pa\u00e7a<br \/>\nCep: Yan Cep<br \/>\nAstar: Astars\u0131z<br \/>\n\u00dcr\u00fcn Boyu: 107 cm<br \/>\nKal\u0131p Tipi: Normal Kal\u0131p<br \/>\nMankenin Giydi\u011fi Beden: 38<br \/>\nManken \u00d6l\u00e7\u00fcleri: Boy: 176 cm, G\u00f6\u011f\u00fcs: 80 cm, Bel: 60 cm, Basen: 90 cm<\/p>\n","protected":false},"excerpt":{"rendered":"<p>Elastik bel tasar\u0131m\u0131 ile konforlu bir kullan\u0131m sunan bu pantolon, sade tasar\u0131m\u0131yla her t\u00fcrl\u00fc stile uyum sa\u011flar. G\u00fcnl\u00fck kullan\u0131m i\u00e7in ideal olan bu pantolon, mevsim ge\u00e7i\u015flerinde gard\u0131robunuzun olmazsa olmazlar\u0131ndand\u0131r. \u2014 Teknik Detaylar \u2014 Desen: D\u00fcz Bel Tipi: Normal Bel \u2013 Beli Lastikli Pa\u00e7a Tipi: Bol Pa\u00e7a Cep: Yan Cep Astar: Astars\u0131z \u00dcr\u00fcn Boyu: 107 cm [&hellip;]<\/p>\n","protected":false},"featured_media":0,"comment_status":"open","ping_status":"closed","template":"","meta":[],"product_brand":[],"product_cat":[1882],"product_tag":[],"class_list":{"0":"post-20198","1":"product","2":"type-product","3":"status-publish","5":"product_cat-alt-giyim","6":"pa_brand-tugba","7":"pa_color-bej","8":"pa_size-4706","9":"pa_size-4711","10":"pa_size-4713","11":"pa_size-4751","12":"pa_size-4749","13":"pa_size-4747","15":"first","16":"instock","17":"sale","18":"shipping-taxable","19":"purchasable","20":"product-type-variable"},"_links":{"self":[{"href":"https:\/\/mod.wisdar.net\/tr\/wp-json\/wp\/v2\/product\/20198","targetHints":{"allow":["GET"]}}],"collection":[{"href":"https:\/\/mod.wisdar.net\/tr\/wp-json\/wp\/v2\/product"}],"about":[{"href":"https:\/\/mod.wisdar.net\/tr\/wp-json\/wp\/v2\/types\/product"}],"replies":[{"embeddable":true,"href":"https:\/\/mod.wisdar.net\/tr\/wp-json\/wp\/v2\/comments?post=20198"}],"wp:attachment":[{"href":"https:\/\/mod.wisdar.net\/tr\/wp-json\/wp\/v2\/media?parent=20198"}],"wp:term":[{"taxonomy":"product_brand","embeddable":true,"href":"https:\/\/mod.wisdar.net\/tr\/wp-json\/wp\/v2\/product_brand?post=20198"},{"taxonomy":"product_cat","embeddable":true,"href":"https:\/\/mod.wisdar.net\/tr\/wp-json\/wp\/v2\/product_cat?post=20198"},{"taxonomy":"product_tag","embeddable":true,"href":"https:\/\/mod.wisdar.net\/tr\/wp-json\/wp\/v2\/product_tag?post=20198"}],"curies":[{"name":"wp","href":"https:\/\/api.w.org\/{rel}","templated":true}]}}