{"id":201993,"date":"2026-04-03T13:58:56","date_gmt":"2026-04-03T13:58:56","guid":{"rendered":"https:\/\/modesthanim.com\/product\/slim-fit-dar-kesim-dik-yaka-ici-yumusak-tuylu-hirka\/"},"modified":"2026-04-03T13:59:15","modified_gmt":"2026-04-03T13:59:15","slug":"slim-fit-dar-kesim-dik-yaka-ici-yumusak-tuylu-hirka","status":"publish","type":"product","link":"https:\/\/mod.wisdar.net\/tr\/urun\/slim-fit-dar-kesim-dik-yaka-ici-yumusak-tuylu-hirka\/","title":{"rendered":"Slim Fit Dar Kesim Dik Yaka \u0130\u00e7i Yumu\u015fak T\u00fcyl\u00fc H\u0131rka"},"content":{"rendered":"<p>Slim fit kesimi ve dar yap\u0131s\u0131yla DeFactoFit Slim Fit Dar Kesim Dik Yaka \u0130\u00e7i Yumu\u015fak T\u00fcyl\u00fc H\u0131rka, v\u00fccuda oturan tasar\u0131m\u0131yla \u015f\u0131k bir g\u00f6r\u00fcn\u00fcm sunuyor. Yumu\u015fak t\u00fcyl\u00fc i\u00e7 y\u00fczeyi sayesinde s\u0131cak ve konforlu bir kullan\u0131m sa\u011fl\u0131yor.<\/p>\n<p>\u2014 Technical Details \u2014<br \/>\nModel \u00d6l\u00e7\u00fcleri: M Beden \u2013 1,79cm \u2013 90\/61\/90<br \/>\nNumune Bedeni: M<br \/>\nAna Kuma\u015f \u0130\u00e7eri\u011fi: Elastan 14%, Poliester 86%<br \/>\nMarka: Defacto<br \/>\nMen\u015fei: TR<br \/>\n\u00dcr\u00fcn Grubu: Kad\u0131n H\u0131rka<br \/>\nCep ve Fermuar Detay\u0131: Cepli<br \/>\nYa\u015fam Tarz\u0131: Sporcu<br \/>\nKol Boyu: Uzun Kollu<br \/>\n\u00dcr\u00fcn Y\u00fcksekli\u011fi: 150<br \/>\nKal\u0131p: Sl\u0131m F\u0131t Dar Kesim<br \/>\nYaka: Dik Yaka<br \/>\nKullan\u0131m Alan\u0131: G\u00fcnl\u00fck Giyim<br \/>\nRenk: Bej \/ Ta\u015f<br \/>\n\u00dcr\u00fcn Uzunluk \u00d6l\u00e7\u00fcleri: Omuzdan Arka Boy: Xs-48 cm, S-49 cm, M-50 cm, L-51 cm, Xl-52 cm<\/p>\n","protected":false},"excerpt":{"rendered":"<p>Slim fit kesimi ve dar yap\u0131s\u0131yla DeFactoFit Slim Fit Dar Kesim Dik Yaka \u0130\u00e7i Yumu\u015fak T\u00fcyl\u00fc H\u0131rka, v\u00fccuda oturan tasar\u0131m\u0131yla \u015f\u0131k bir g\u00f6r\u00fcn\u00fcm sunuyor. Yumu\u015fak t\u00fcyl\u00fc i\u00e7 y\u00fczeyi sayesinde s\u0131cak ve konforlu bir kullan\u0131m sa\u011fl\u0131yor. \u2014 Technical Details \u2014 Model \u00d6l\u00e7\u00fcleri: M Beden \u2013 1,79cm \u2013 90\/61\/90 Numune Bedeni: M Ana Kuma\u015f \u0130\u00e7eri\u011fi: Elastan 14%, [&hellip;]<\/p>\n","protected":false},"featured_media":201985,"comment_status":"open","ping_status":"closed","template":"","meta":[],"product_brand":[],"product_cat":[6948,6951],"product_tag":[7313,6753,7312,7311,7354,7308,7402,7310,7403,6768,7356],"class_list":{"0":"post-201993","1":"product","2":"type-product","3":"status-publish","4":"has-post-thumbnail","6":"product_cat-spor-giyim","7":"product_cat-ust-giyim-ustler","8":"product_tag-atletik","9":"product_tag-bej","10":"product_tag-dar-kesim","11":"product_tag-dik-yaka","12":"product_tag-gunluk-giyim-2","13":"product_tag-hirka","14":"product_tag-kadin-hirka","15":"product_tag-slim-fit","16":"product_tag-tas","17":"product_tag-uzun-kol","18":"product_tag-yumusak-polar-astarli","19":"pa_brand-defacto","20":"pa_color-tas","21":"pa_size-l","22":"pa_size-m","23":"pa_size-s","24":"pa_size-xl","25":"pa_size-xs","27":"first","28":"instock","29":"shipping-taxable","30":"purchasable","31":"product-type-variable"},"_links":{"self":[{"href":"https:\/\/mod.wisdar.net\/tr\/wp-json\/wp\/v2\/product\/201993","targetHints":{"allow":["GET"]}}],"collection":[{"href":"https:\/\/mod.wisdar.net\/tr\/wp-json\/wp\/v2\/product"}],"about":[{"href":"https:\/\/mod.wisdar.net\/tr\/wp-json\/wp\/v2\/types\/product"}],"replies":[{"embeddable":true,"href":"https:\/\/mod.wisdar.net\/tr\/wp-json\/wp\/v2\/comments?post=201993"}],"wp:featuredmedia":[{"embeddable":true,"href":"https:\/\/mod.wisdar.net\/tr\/wp-json\/wp\/v2\/media\/201985"}],"wp:attachment":[{"href":"https:\/\/mod.wisdar.net\/tr\/wp-json\/wp\/v2\/media?parent=201993"}],"wp:term":[{"taxonomy":"product_brand","embeddable":true,"href":"https:\/\/mod.wisdar.net\/tr\/wp-json\/wp\/v2\/product_brand?post=201993"},{"taxonomy":"product_cat","embeddable":true,"href":"https:\/\/mod.wisdar.net\/tr\/wp-json\/wp\/v2\/product_cat?post=201993"},{"taxonomy":"product_tag","embeddable":true,"href":"https:\/\/mod.wisdar.net\/tr\/wp-json\/wp\/v2\/product_tag?post=201993"}],"curies":[{"name":"wp","href":"https:\/\/api.w.org\/{rel}","templated":true}]}}