{"id":202022,"date":"2026-04-03T13:59:10","date_gmt":"2026-04-03T13:59:10","guid":{"rendered":"https:\/\/modesthanim.com\/product\/fermuarli-cep-detayli-kapusonlu-oversize-sweatshirt\/"},"modified":"2026-04-03T13:59:42","modified_gmt":"2026-04-03T13:59:42","slug":"fermuarli-cep-detayli-kapusonlu-oversize-sweatshirt","status":"publish","type":"product","link":"https:\/\/mod.wisdar.net\/tr\/urun\/fermuarli-cep-detayli-kapusonlu-oversize-sweatshirt\/","title":{"rendered":"Fermuarl\u0131 Cep Detayl\u0131 Kap\u00fc\u015fonlu Oversize Sweatshirt"},"content":{"rendered":"<p>Oversize, kap\u00fc\u015fonlu sweatshirt, rahat bir kullan\u0131m sunuyor. \u00d6n k\u0131sm\u0131nda bulunan kanguru cep detay\u0131 ile hem stil hem de konfor kazand\u0131r\u0131yor. Kap\u00fc\u015fonlu yaka tasar\u0131m\u0131, so\u011fuk havalarda ekstra koruma sa\u011fl\u0131yor. Yumu\u015fak dokusuyla her an\u0131n\u0131z\u0131 keyifli hale getiren bu sweatshirt, g\u00fcnl\u00fck giyim i\u00e7in ideal bir se\u00e7im sunuyor.<\/p>\n<p>Stil \u00d6nerisi<br \/>\nFermuarl\u0131, kap\u00fc\u015fonlu sweatshirt, jogger pantolonlar ve spor ayakkab\u0131larla rahatl\u0131kla kombinlenebilir. G\u00fcnl\u00fck gezilerde sportif bir tarz yaratmak i\u00e7in m\u00fckemmel bir se\u00e7imdir. Ayr\u0131ca, serin havalarda tayt ve botlarla kombinleyerek \u015f\u0131kl\u0131\u011f\u0131n\u0131z\u0131 art\u0131rabilirsiniz. Minimal bir s\u0131rt \u00e7antas\u0131 ve \u015fapka ile stilinizi tamamlayarak, rahat ve modern bir g\u00f6r\u00fcn\u00fcm elde edebilirsiniz.<\/p>\n<p>\u00dcr\u00fcn \u00d6zellikleri<br \/>\nKuma\u015f: %65 Pamuk, %35 Polyester<br \/>\nKol Tipi: Uzun Kol<br \/>\nYaka Tipi: Kap\u00fc\u015fonlu<br \/>\nDetay: Fermuarl\u0131, Kanguru Cepli<br \/>\nFit: Oversize<br \/>\nKullan\u0131m Alan\u0131: G\u00fcnl\u00fck Giyim, Spor Giyim<\/p>\n<p>Koton&#8217;un trend ve konforu bir araya getiren sweatshirt modelleri her gard\u0131robun vazge\u00e7ilmezi oluyor. \u015eimdi stilinize rahat bir dokunu\u015f kat\u0131n!<\/p>\n","protected":false},"excerpt":{"rendered":"<p>Oversize, kap\u00fc\u015fonlu sweatshirt, rahat bir kullan\u0131m sunuyor. \u00d6n k\u0131sm\u0131nda bulunan kanguru cep detay\u0131 ile hem stil hem de konfor kazand\u0131r\u0131yor. Kap\u00fc\u015fonlu yaka tasar\u0131m\u0131, so\u011fuk havalarda ekstra koruma sa\u011fl\u0131yor. Yumu\u015fak dokusuyla her an\u0131n\u0131z\u0131 keyifli hale getiren bu sweatshirt, g\u00fcnl\u00fck giyim i\u00e7in ideal bir se\u00e7im sunuyor. Stil \u00d6nerisi Fermuarl\u0131, kap\u00fc\u015fonlu sweatshirt, jogger pantolonlar ve spor ayakkab\u0131larla rahatl\u0131kla [&hellip;]<\/p>\n","protected":false},"featured_media":202017,"comment_status":"open","ping_status":"closed","template":"","meta":[],"product_brand":[],"product_cat":[6948,6951],"product_tag":[7418,7419,7354,7421,7423,6751,7420,7422],"class_list":{"0":"post-202022","1":"product","2":"type-product","3":"status-publish","4":"has-post-thumbnail","6":"product_cat-spor-giyim","7":"product_cat-ust-giyim-ustler","8":"product_tag-fermuar","9":"product_tag-gunluk","10":"product_tag-gunluk-giyim-2","11":"product_tag-kapusonlu","12":"product_tag-oversize-2","13":"product_tag-rahat","14":"product_tag-sportif","15":"product_tag-sweatshirt","16":"pa_brand-koton","17":"pa_color-vizon","18":"pa_size-l","19":"pa_size-m","20":"pa_size-s","21":"pa_size-xl","22":"pa_size-xs","24":"first","25":"instock","26":"shipping-taxable","27":"purchasable","28":"product-type-variable"},"_links":{"self":[{"href":"https:\/\/mod.wisdar.net\/tr\/wp-json\/wp\/v2\/product\/202022","targetHints":{"allow":["GET"]}}],"collection":[{"href":"https:\/\/mod.wisdar.net\/tr\/wp-json\/wp\/v2\/product"}],"about":[{"href":"https:\/\/mod.wisdar.net\/tr\/wp-json\/wp\/v2\/types\/product"}],"replies":[{"embeddable":true,"href":"https:\/\/mod.wisdar.net\/tr\/wp-json\/wp\/v2\/comments?post=202022"}],"wp:featuredmedia":[{"embeddable":true,"href":"https:\/\/mod.wisdar.net\/tr\/wp-json\/wp\/v2\/media\/202017"}],"wp:attachment":[{"href":"https:\/\/mod.wisdar.net\/tr\/wp-json\/wp\/v2\/media?parent=202022"}],"wp:term":[{"taxonomy":"product_brand","embeddable":true,"href":"https:\/\/mod.wisdar.net\/tr\/wp-json\/wp\/v2\/product_brand?post=202022"},{"taxonomy":"product_cat","embeddable":true,"href":"https:\/\/mod.wisdar.net\/tr\/wp-json\/wp\/v2\/product_cat?post=202022"},{"taxonomy":"product_tag","embeddable":true,"href":"https:\/\/mod.wisdar.net\/tr\/wp-json\/wp\/v2\/product_tag?post=202022"}],"curies":[{"name":"wp","href":"https:\/\/api.w.org\/{rel}","templated":true}]}}