{"id":202077,"date":"2026-04-03T14:04:49","date_gmt":"2026-04-03T14:04:49","guid":{"rendered":"https:\/\/modesthanim.com\/product\/lacivert-huri-etek-takimi\/"},"modified":"2026-04-03T14:05:16","modified_gmt":"2026-04-03T14:05:16","slug":"lacivert-huri-etek-takimi","status":"publish","type":"product","link":"https:\/\/mod.wisdar.net\/tr\/urun\/lacivert-huri-etek-takimi\/","title":{"rendered":"Lacivert Huri Etek Tak\u0131m\u0131"},"content":{"rendered":"<p>Bu tak\u0131m, birinci s\u0131n\u0131f \u00f6rme \u00e7elik kuma\u015ftan yap\u0131lm\u0131\u015ft\u0131r. \u00dcst k\u0131sm\u0131nda d\u00fc\u011fme detaylar\u0131 bulunmaktad\u0131r. Etek k\u0131sm\u0131 pilelidir. Ete\u011fin beli lastiklidir. \u00dcst uzunlu\u011fu: 56cm, Omuz: 34cm, G\u00f6\u011f\u00fcs: 45cm Etek uzunlu\u011fu: 89cm, Bel: 38cm<\/p>\n","protected":false},"excerpt":{"rendered":"<p>Bu tak\u0131m, birinci s\u0131n\u0131f \u00f6rme \u00e7elik kuma\u015ftan yap\u0131lm\u0131\u015ft\u0131r. \u00dcst k\u0131sm\u0131nda d\u00fc\u011fme detaylar\u0131 bulunmaktad\u0131r. Etek k\u0131sm\u0131 pilelidir. Ete\u011fin beli lastiklidir. \u00dcst uzunlu\u011fu: 56cm, Omuz: 34cm, G\u00f6\u011f\u00fcs: 45cm Etek uzunlu\u011fu: 89cm, Bel: 38cm<\/p>\n","protected":false},"featured_media":202071,"comment_status":"open","ping_status":"closed","template":"","meta":[],"product_brand":[],"product_cat":[1900],"product_tag":[7238,8088,6747],"class_list":{"0":"post-202077","1":"product","2":"type-product","3":"status-publish","4":"has-post-thumbnail","6":"product_cat-koordinatlar-setler","7":"product_tag-lacivert","8":"product_tag-lastikli-bel-2","9":"product_tag-pile-detayli","10":"pa_brand-butikkolik","11":"pa_color-lacivert","12":"pa_size-1-38-40-42","13":"pa_size-2-42-44-46","14":"pa_size-l-xl-44-46","15":"pa_size-s-m-38-40-42","17":"first","18":"instock","19":"shipping-taxable","20":"purchasable","21":"product-type-variable"},"_links":{"self":[{"href":"https:\/\/mod.wisdar.net\/tr\/wp-json\/wp\/v2\/product\/202077","targetHints":{"allow":["GET"]}}],"collection":[{"href":"https:\/\/mod.wisdar.net\/tr\/wp-json\/wp\/v2\/product"}],"about":[{"href":"https:\/\/mod.wisdar.net\/tr\/wp-json\/wp\/v2\/types\/product"}],"replies":[{"embeddable":true,"href":"https:\/\/mod.wisdar.net\/tr\/wp-json\/wp\/v2\/comments?post=202077"}],"wp:featuredmedia":[{"embeddable":true,"href":"https:\/\/mod.wisdar.net\/tr\/wp-json\/wp\/v2\/media\/202071"}],"wp:attachment":[{"href":"https:\/\/mod.wisdar.net\/tr\/wp-json\/wp\/v2\/media?parent=202077"}],"wp:term":[{"taxonomy":"product_brand","embeddable":true,"href":"https:\/\/mod.wisdar.net\/tr\/wp-json\/wp\/v2\/product_brand?post=202077"},{"taxonomy":"product_cat","embeddable":true,"href":"https:\/\/mod.wisdar.net\/tr\/wp-json\/wp\/v2\/product_cat?post=202077"},{"taxonomy":"product_tag","embeddable":true,"href":"https:\/\/mod.wisdar.net\/tr\/wp-json\/wp\/v2\/product_tag?post=202077"}],"curies":[{"name":"wp","href":"https:\/\/api.w.org\/{rel}","templated":true}]}}