{"id":202119,"date":"2026-04-03T14:05:20","date_gmt":"2026-04-03T14:05:20","guid":{"rendered":"https:\/\/modesthanim.com\/product\/bordo-erkek-bebek-kalin-sweatshirt-ve-esofman-alti\/"},"modified":"2026-04-09T00:46:52","modified_gmt":"2026-04-09T00:46:52","slug":"bordo-erkek-bebek-kalin-sweatshirt-ve-esofman-alti","status":"publish","type":"product","link":"https:\/\/mod.wisdar.net\/tr\/urun\/bordo-erkek-bebek-kalin-sweatshirt-ve-esofman-alti\/","title":{"rendered":"Bordo Erkek Bebek Kal\u0131n Sweatshirt ve E\u015fofman Alt\u0131"},"content":{"rendered":"<p>LCW baby Bordo Erkek Bebek Kal\u0131n Sweatshirt ve E\u015fofman Alt\u0131 size \u00f6zel indirim, taksit ve kap\u0131da \u00f6deme avantajlar\u0131yla LCW&#8217;de! Hemen online al\u0131\u015fveri\u015f yap, \u00fcr\u00fcn kap\u0131na gelsin! \u2013 W5GK72Z1-ZGR<\/p>\n<p>\u2014 Technical Details \u2014<br \/>\nMen\u015fei: Turk\u0131ye<br \/>\nSat\u0131c\u0131: LC Waikiki<br \/>\nMarka: LCW baby<br \/>\n\u00dcr\u00fcn Tipi: Tak\u0131m<br \/>\nCinsiyet: Erkek Bebek<br \/>\nKal\u0131p: Standart &amp; Regular<br \/>\nKuma\u015f: 3 \u0130plik \u015eardonlu<br \/>\nBel Fiti: Beli Lastikli<br \/>\nDesen: D\u00fcz<br \/>\nYaka: Hakim Yaka<br \/>\nPa\u00e7a Fiti: Lastikli Pa\u00e7a<br \/>\nKal\u0131nl\u0131k: Kal\u0131n<br \/>\nKol Boyu: Uzun Kollu<br \/>\nPaket \u0130\u00e7eri\u011fi: 2&#8217;li Paket<br \/>\nMalzeme: %100 Pamuk<\/p>\n","protected":false},"excerpt":{"rendered":"<p>LCW baby Bordo Erkek Bebek Kal\u0131n Sweatshirt ve E\u015fofman Alt\u0131 size \u00f6zel indirim, taksit ve kap\u0131da \u00f6deme avantajlar\u0131yla LCW&#8217;de! Hemen online al\u0131\u015fveri\u015f yap, \u00fcr\u00fcn kap\u0131na gelsin! \u2013 W5GK72Z1-ZGR \u2014 Technical Details \u2014 Men\u015fei: Turk\u0131ye Sat\u0131c\u0131: LC Waikiki Marka: LCW baby \u00dcr\u00fcn Tipi: Tak\u0131m Cinsiyet: Erkek Bebek Kal\u0131p: Standart &amp; Regular Kuma\u015f: 3 \u0130plik \u015eardonlu Bel [&hellip;]<\/p>\n","protected":false},"featured_media":202110,"comment_status":"open","ping_status":"closed","template":"","meta":[],"product_brand":[],"product_cat":[8703,8694,8697],"product_tag":[7150,7651,7421,7758,6765,7488,7422,6768],"class_list":{"0":"post-202119","1":"product","2":"type-product","3":"status-publish","4":"has-post-thumbnail","6":"product_cat-bebek-setleri","7":"product_cat-cocuklar","8":"product_cat-yenidogan-0-12-ay","9":"product_tag-bordo","10":"product_tag-esofman-alti","11":"product_tag-kapusonlu","12":"product_tag-kis-giyim","13":"product_tag-lastikli-bel","14":"product_tag-pamuk","15":"product_tag-sweatshirt","16":"product_tag-uzun-kol","17":"pa_brand-lcw-baby","18":"pa_color-bordo","19":"pa_size-1-3-ay","20":"pa_size-12-18-ay","21":"pa_size-18-24-ay","22":"pa_size-2-3-yas","23":"pa_size-3-4-yas","24":"pa_size-3-6-ay","25":"pa_size-6-9-ay","26":"pa_size-9-12-ay","28":"first","29":"instock","30":"sale","31":"shipping-taxable","32":"purchasable","33":"product-type-variable"},"_links":{"self":[{"href":"https:\/\/mod.wisdar.net\/tr\/wp-json\/wp\/v2\/product\/202119","targetHints":{"allow":["GET"]}}],"collection":[{"href":"https:\/\/mod.wisdar.net\/tr\/wp-json\/wp\/v2\/product"}],"about":[{"href":"https:\/\/mod.wisdar.net\/tr\/wp-json\/wp\/v2\/types\/product"}],"replies":[{"embeddable":true,"href":"https:\/\/mod.wisdar.net\/tr\/wp-json\/wp\/v2\/comments?post=202119"}],"wp:featuredmedia":[{"embeddable":true,"href":"https:\/\/mod.wisdar.net\/tr\/wp-json\/wp\/v2\/media\/202110"}],"wp:attachment":[{"href":"https:\/\/mod.wisdar.net\/tr\/wp-json\/wp\/v2\/media?parent=202119"}],"wp:term":[{"taxonomy":"product_brand","embeddable":true,"href":"https:\/\/mod.wisdar.net\/tr\/wp-json\/wp\/v2\/product_brand?post=202119"},{"taxonomy":"product_cat","embeddable":true,"href":"https:\/\/mod.wisdar.net\/tr\/wp-json\/wp\/v2\/product_cat?post=202119"},{"taxonomy":"product_tag","embeddable":true,"href":"https:\/\/mod.wisdar.net\/tr\/wp-json\/wp\/v2\/product_tag?post=202119"}],"curies":[{"name":"wp","href":"https:\/\/api.w.org\/{rel}","templated":true}]}}