{"id":202161,"date":"2026-04-03T14:05:43","date_gmt":"2026-04-03T14:05:43","guid":{"rendered":"https:\/\/modesthanim.com\/product\/cep-detayli-cizgili-trenckot-turuncu-2\/"},"modified":"2026-04-03T14:06:06","modified_gmt":"2026-04-03T14:06:06","slug":"cep-detayli-cizgili-trenckot-turuncu-2","status":"publish","type":"product","link":"https:\/\/mod.wisdar.net\/tr\/urun\/cep-detayli-cizgili-trenckot-turuncu-2\/","title":{"rendered":"Cep Detayl\u0131 \u00c7izgili Tren\u00e7kot \u2013 Turuncu"},"content":{"rendered":"<p>Bu tren\u00e7kot, \u00e7izgili desenleri ile dinamizm kazan\u0131r ve fonksiyonel cepleri sayesinde pratik fakat \u015f\u0131k bir g\u00f6r\u00fcn\u00fcm sunar.<br \/>\nKuma\u015f \u0130\u00e7eri\u011fi: %61 Polyester, %39 Pamuk<br \/>\nDesen: D\u00fcz<br \/>\nYaka Tipi: Blazer Yaka<br \/>\nKol Tipi: Uzun Kol<br \/>\nCep: K\u00f6r\u00fckl\u00fc Cep<br \/>\nAstar: Astars\u0131z<br \/>\n\u00dcr\u00fcn Uzunlu\u011fu: 116 cm<br \/>\nKal\u0131p: Normal Kal\u0131p<br \/>\nModelin Giydi\u011fi Beden: 36<br \/>\nModel \u00d6l\u00e7\u00fcleri:<br \/>\nBoy: 176 cm<br \/>\nG\u00f6\u011f\u00fcs: 82 cm<br \/>\nBel: 61 cm<br \/>\nKal\u00e7a: 88 cm<\/p>\n","protected":false},"excerpt":{"rendered":"<p>Bu tren\u00e7kot, \u00e7izgili desenleri ile dinamizm kazan\u0131r ve fonksiyonel cepleri sayesinde pratik fakat \u015f\u0131k bir g\u00f6r\u00fcn\u00fcm sunar. Kuma\u015f \u0130\u00e7eri\u011fi: %61 Polyester, %39 Pamuk Desen: D\u00fcz Yaka Tipi: Blazer Yaka Kol Tipi: Uzun Kol Cep: K\u00f6r\u00fckl\u00fc Cep Astar: Astars\u0131z \u00dcr\u00fcn Uzunlu\u011fu: 116 cm Kal\u0131p: Normal Kal\u0131p Modelin Giydi\u011fi Beden: 36 Model \u00d6l\u00e7\u00fcleri: Boy: 176 cm G\u00f6\u011f\u00fcs: [&hellip;]<\/p>\n","protected":false},"featured_media":202150,"comment_status":"open","ping_status":"closed","template":"","meta":[],"product_brand":[],"product_cat":[2047],"product_tag":[6776],"class_list":{"0":"post-202161","1":"product","2":"type-product","3":"status-publish","4":"has-post-thumbnail","6":"product_cat-paltolar","7":"product_tag-trenckot","8":"pa_brand-tugba","9":"pa_color-oranj","10":"pa_size-4701","11":"pa_size-4706","12":"pa_size-4711","13":"pa_size-4713","14":"pa_size-4751","15":"pa_size-4749","17":"first","18":"outofstock","19":"shipping-taxable","20":"product-type-variable"},"_links":{"self":[{"href":"https:\/\/mod.wisdar.net\/tr\/wp-json\/wp\/v2\/product\/202161","targetHints":{"allow":["GET"]}}],"collection":[{"href":"https:\/\/mod.wisdar.net\/tr\/wp-json\/wp\/v2\/product"}],"about":[{"href":"https:\/\/mod.wisdar.net\/tr\/wp-json\/wp\/v2\/types\/product"}],"replies":[{"embeddable":true,"href":"https:\/\/mod.wisdar.net\/tr\/wp-json\/wp\/v2\/comments?post=202161"}],"wp:featuredmedia":[{"embeddable":true,"href":"https:\/\/mod.wisdar.net\/tr\/wp-json\/wp\/v2\/media\/202150"}],"wp:attachment":[{"href":"https:\/\/mod.wisdar.net\/tr\/wp-json\/wp\/v2\/media?parent=202161"}],"wp:term":[{"taxonomy":"product_brand","embeddable":true,"href":"https:\/\/mod.wisdar.net\/tr\/wp-json\/wp\/v2\/product_brand?post=202161"},{"taxonomy":"product_cat","embeddable":true,"href":"https:\/\/mod.wisdar.net\/tr\/wp-json\/wp\/v2\/product_cat?post=202161"},{"taxonomy":"product_tag","embeddable":true,"href":"https:\/\/mod.wisdar.net\/tr\/wp-json\/wp\/v2\/product_tag?post=202161"}],"curies":[{"name":"wp","href":"https:\/\/api.w.org\/{rel}","templated":true}]}}