{"id":202192,"date":"2026-04-03T14:06:08","date_gmt":"2026-04-03T14:06:08","guid":{"rendered":"https:\/\/modesthanim.com\/product\/tyess-bsc-kiz-bebek-lila-esofman-alti\/"},"modified":"2026-04-03T14:06:25","modified_gmt":"2026-04-03T14:06:25","slug":"tyess-bsc-kiz-bebek-lila-esofman-alti","status":"publish","type":"product","link":"https:\/\/mod.wisdar.net\/tr\/urun\/tyess-bsc-kiz-bebek-lila-esofman-alti\/","title":{"rendered":"Tyess BSC K\u0131z Bebek Lila E\u015fofman Alt\u0131"},"content":{"rendered":"<p>K\u0131z Bebek Lila E\u015fofman Alt\u0131 \u2013 %93 Pamuk, %7 Elastan  \u2013 Pa\u00e7a : Man\u015fetli Pa\u00e7a  Bel : Normal Bel Kal\u0131p : Geni\u015f  Boy : Standart Cep : Cepsiz<\/p>\n","protected":false},"excerpt":{"rendered":"<p>K\u0131z Bebek Lila E\u015fofman Alt\u0131 \u2013 %93 Pamuk, %7 Elastan \u2013 Pa\u00e7a : Man\u015fetli Pa\u00e7a Bel : Normal Bel Kal\u0131p : Geni\u015f Boy : Standart Cep : Cepsiz<\/p>\n","protected":false},"featured_media":202183,"comment_status":"open","ping_status":"closed","template":"","meta":[],"product_brand":[],"product_cat":[8715,8694,8727,8697,8700],"product_tag":[7651,7426,7053,7488,6751],"class_list":{"0":"post-202192","1":"product","2":"type-product","3":"status-publish","4":"has-post-thumbnail","6":"product_cat-kiz-cocuklari-2-14-yas","7":"product_cat-cocuklar","8":"product_cat-pantolon","9":"product_cat-yenidogan-0-12-ay","10":"product_cat-yenidogan-giyim","11":"product_tag-esofman-alti","12":"product_tag-gunluk-giyim-3","13":"product_tag-lila","14":"product_tag-pamuk","15":"product_tag-rahat","16":"pa_brand-tyess-bsc","17":"pa_color-lila","18":"pa_size-12-18-ay","19":"pa_size-18-24-ay","20":"pa_size-3-4-yas","21":"pa_size-3-6-ay","22":"pa_size-6-9-ay","23":"pa_size-9-12-ay","25":"first","26":"instock","27":"sale","28":"shipping-taxable","29":"purchasable","30":"product-type-variable"},"_links":{"self":[{"href":"https:\/\/mod.wisdar.net\/tr\/wp-json\/wp\/v2\/product\/202192","targetHints":{"allow":["GET"]}}],"collection":[{"href":"https:\/\/mod.wisdar.net\/tr\/wp-json\/wp\/v2\/product"}],"about":[{"href":"https:\/\/mod.wisdar.net\/tr\/wp-json\/wp\/v2\/types\/product"}],"replies":[{"embeddable":true,"href":"https:\/\/mod.wisdar.net\/tr\/wp-json\/wp\/v2\/comments?post=202192"}],"wp:featuredmedia":[{"embeddable":true,"href":"https:\/\/mod.wisdar.net\/tr\/wp-json\/wp\/v2\/media\/202183"}],"wp:attachment":[{"href":"https:\/\/mod.wisdar.net\/tr\/wp-json\/wp\/v2\/media?parent=202192"}],"wp:term":[{"taxonomy":"product_brand","embeddable":true,"href":"https:\/\/mod.wisdar.net\/tr\/wp-json\/wp\/v2\/product_brand?post=202192"},{"taxonomy":"product_cat","embeddable":true,"href":"https:\/\/mod.wisdar.net\/tr\/wp-json\/wp\/v2\/product_cat?post=202192"},{"taxonomy":"product_tag","embeddable":true,"href":"https:\/\/mod.wisdar.net\/tr\/wp-json\/wp\/v2\/product_tag?post=202192"}],"curies":[{"name":"wp","href":"https:\/\/api.w.org\/{rel}","templated":true}]}}