{"id":202234,"date":"2026-04-03T14:06:53","date_gmt":"2026-04-03T14:06:53","guid":{"rendered":"https:\/\/modesthanim.com\/product\/siyah-kemerli-gizli-patli-gomlek\/"},"modified":"2026-04-10T16:41:07","modified_gmt":"2026-04-10T16:41:07","slug":"siyah-kemerli-gizli-patli-gomlek","status":"publish","type":"product","link":"https:\/\/mod.wisdar.net\/tr\/urun\/siyah-kemerli-gizli-patli-gomlek\/","title":{"rendered":"Siyah Kemerli Gizli Patl\u0131 G\u00f6mlek"},"content":{"rendered":"<p>Siyah Kemerli Gizli Patl\u0131 G\u00f6mle\u011fimiz ile modern ve rahat bir stil yakalay\u0131n. ALLDAY&#8217;de G\u00f6mlek Tunik kategorimizdeki di\u011fer modelleri ke\u015ffedin. K\u0131yafetinizi tamamlamak i\u00e7in hemen ke\u015ffedin!<\/p>\n<p>\u2014 Teknik Detaylar \u2014<br \/>\nMevsim: 26-K\u0131\u015f D\u00f6ng\u00fcs\u00fc<br \/>\nKuma\u015f \u0130\u00e7eri\u011fi: %50 Pamuk, %50 Polyester<br \/>\nKuma\u015f Grubu: Pamuk Polyester<br \/>\nCep Detay\u0131: Cepsiz<br \/>\nYaka: G\u00f6mlek<br \/>\nKol Deseni: D\u00fc\u015f\u00fck<br \/>\nBoyut \/ Uzunluk: 65 CM<br \/>\nTasar\u0131m D\u00f6nemi: 25-Yaz<br \/>\nKal\u0131p: RAHAT<br \/>\nBel: Kemerli<br \/>\nDesen: D\u00fcz<br \/>\nTema: 3.NE\u015eEL\u0130<br \/>\n\u00c7izgi: GEN\u00c7<br \/>\n\u00dcr\u00fcn Lig: A Kalite<br \/>\nMevsimlik Sat\u0131\u015f D\u00f6nemi: Mevsimsiz<br \/>\nMateryal Tipi: Dokuma<\/p>\n","protected":false},"excerpt":{"rendered":"<p>Siyah Kemerli Gizli Patl\u0131 G\u00f6mle\u011fimiz ile modern ve rahat bir stil yakalay\u0131n. ALLDAY&#8217;de G\u00f6mlek Tunik kategorimizdeki di\u011fer modelleri ke\u015ffedin. K\u0131yafetinizi tamamlamak i\u00e7in hemen ke\u015ffedin! \u2014 Teknik Detaylar \u2014 Mevsim: 26-K\u0131\u015f D\u00f6ng\u00fcs\u00fc Kuma\u015f \u0130\u00e7eri\u011fi: %50 Pamuk, %50 Polyester Kuma\u015f Grubu: Pamuk Polyester Cep Detay\u0131: Cepsiz Yaka: G\u00f6mlek Kol Deseni: D\u00fc\u015f\u00fck Boyut \/ Uzunluk: 65 CM Tasar\u0131m [&hellip;]<\/p>\n","protected":false},"featured_media":202228,"comment_status":"open","ping_status":"closed","template":"","meta":[],"product_brand":[],"product_cat":[1909],"product_tag":[7802,7668,7488,7021,7074],"class_list":{"0":"post-202234","1":"product","2":"type-product","3":"status-publish","4":"has-post-thumbnail","6":"product_cat-bluzlar-ve-gomlekler","7":"product_tag-duz","8":"product_tag-kemerli","9":"product_tag-pamuk","10":"product_tag-polyester","11":"product_tag-siyah","12":"pa_brand-allday","13":"pa_color-siyah","14":"pa_size-4701","15":"pa_size-4706","16":"pa_size-4711","17":"pa_size-4713","19":"first","20":"instock","21":"sale","22":"shipping-taxable","23":"purchasable","24":"product-type-variable"},"_links":{"self":[{"href":"https:\/\/mod.wisdar.net\/tr\/wp-json\/wp\/v2\/product\/202234","targetHints":{"allow":["GET"]}}],"collection":[{"href":"https:\/\/mod.wisdar.net\/tr\/wp-json\/wp\/v2\/product"}],"about":[{"href":"https:\/\/mod.wisdar.net\/tr\/wp-json\/wp\/v2\/types\/product"}],"replies":[{"embeddable":true,"href":"https:\/\/mod.wisdar.net\/tr\/wp-json\/wp\/v2\/comments?post=202234"}],"wp:featuredmedia":[{"embeddable":true,"href":"https:\/\/mod.wisdar.net\/tr\/wp-json\/wp\/v2\/media\/202228"}],"wp:attachment":[{"href":"https:\/\/mod.wisdar.net\/tr\/wp-json\/wp\/v2\/media?parent=202234"}],"wp:term":[{"taxonomy":"product_brand","embeddable":true,"href":"https:\/\/mod.wisdar.net\/tr\/wp-json\/wp\/v2\/product_brand?post=202234"},{"taxonomy":"product_cat","embeddable":true,"href":"https:\/\/mod.wisdar.net\/tr\/wp-json\/wp\/v2\/product_cat?post=202234"},{"taxonomy":"product_tag","embeddable":true,"href":"https:\/\/mod.wisdar.net\/tr\/wp-json\/wp\/v2\/product_tag?post=202234"}],"curies":[{"name":"wp","href":"https:\/\/api.w.org\/{rel}","templated":true}]}}