{"id":202305,"date":"2026-04-03T14:07:39","date_gmt":"2026-04-03T14:07:39","guid":{"rendered":"https:\/\/modesthanim.com\/product\/siyah-zincir-nakisli-elastik-kollu-modal-gomlek-tunik-2\/"},"modified":"2026-04-03T14:07:49","modified_gmt":"2026-04-03T14:07:49","slug":"siyah-zincir-nakisli-elastik-kollu-modal-gomlek-tunik-2","status":"publish","type":"product","link":"https:\/\/mod.wisdar.net\/tr\/urun\/siyah-zincir-nakisli-elastik-kollu-modal-gomlek-tunik-2\/","title":{"rendered":"Siyah Zincir Nak\u0131\u015fl\u0131 Elastik Kollu Modal G\u00f6mlek Tunik"},"content":{"rendered":"<p>Siyah Zincir Nak\u0131\u015fl\u0131 Elastik Kollu Modal G\u00f6mlek Tunik ile modern ve rahat bir stil yakalay\u0131n. ALLDAY&#8217;in G\u00f6mlek Tunik kategorisindeki di\u011fer modelleri ke\u015ffedin. K\u0131yafetinizi tamamlamak i\u00e7in hemen \u015fimdi Siyah Zincir Nak\u0131\u015fl\u0131 Elastik Kollu Modal G\u00f6mlek Tunik&#8217;i ke\u015ffedin!<\/p>\n<p>\u2014 Teknik Detaylar \u2014<br \/>\nMevsim: 25-Yaz Rpt<br \/>\nKuma\u015f \u0130\u00e7eri\u011fi: %84 CMD %16 PES<br \/>\nCep Detay\u0131: Cepsiz<br \/>\nYaka: G\u00f6mlek<br \/>\nKol Tipi: Ba\u011fl\u0131<br \/>\nBoy \/ Uzunluk: 80 CM<br \/>\nTasar\u0131m D\u00f6nemi: 25-Yaz<br \/>\nKal\u0131p: RAHAT<br \/>\nBel: Bel<br \/>\nDesen: D\u00fcz<br \/>\nTema: 3.DO\u011eAL<br \/>\n\u00c7izgi: G\u00dcNL\u00dcK<br \/>\n\u00dcr\u00fcn Lig: A Kalite<br \/>\nSezon Sat\u0131\u015f D\u00f6nemi: Yaz<br \/>\nMalzeme T\u00fcr\u00fc: Dokuma<\/p>\n","protected":false},"excerpt":{"rendered":"<p>Siyah Zincir Nak\u0131\u015fl\u0131 Elastik Kollu Modal G\u00f6mlek Tunik ile modern ve rahat bir stil yakalay\u0131n. ALLDAY&#8217;in G\u00f6mlek Tunik kategorisindeki di\u011fer modelleri ke\u015ffedin. K\u0131yafetinizi tamamlamak i\u00e7in hemen \u015fimdi Siyah Zincir Nak\u0131\u015fl\u0131 Elastik Kollu Modal G\u00f6mlek Tunik&#8217;i ke\u015ffedin! \u2014 Teknik Detaylar \u2014 Mevsim: 25-Yaz Rpt Kuma\u015f \u0130\u00e7eri\u011fi: %84 CMD %16 PES Cep Detay\u0131: Cepsiz Yaka: G\u00f6mlek Kol [&hellip;]<\/p>\n","protected":false},"featured_media":202298,"comment_status":"open","ping_status":"closed","template":"","meta":[],"product_brand":[],"product_cat":[1909],"product_tag":[7419],"class_list":{"0":"post-202305","1":"product","2":"type-product","3":"status-publish","4":"has-post-thumbnail","6":"product_cat-bluzlar-ve-gomlekler","7":"product_tag-gunluk","8":"pa_brand-allday","9":"pa_color-siyah","10":"pa_size-4701","11":"pa_size-4706","12":"pa_size-4711","13":"pa_size-4713","14":"pa_size-4751","16":"first","17":"outofstock","18":"shipping-taxable","19":"product-type-variable"},"_links":{"self":[{"href":"https:\/\/mod.wisdar.net\/tr\/wp-json\/wp\/v2\/product\/202305","targetHints":{"allow":["GET"]}}],"collection":[{"href":"https:\/\/mod.wisdar.net\/tr\/wp-json\/wp\/v2\/product"}],"about":[{"href":"https:\/\/mod.wisdar.net\/tr\/wp-json\/wp\/v2\/types\/product"}],"replies":[{"embeddable":true,"href":"https:\/\/mod.wisdar.net\/tr\/wp-json\/wp\/v2\/comments?post=202305"}],"wp:featuredmedia":[{"embeddable":true,"href":"https:\/\/mod.wisdar.net\/tr\/wp-json\/wp\/v2\/media\/202298"}],"wp:attachment":[{"href":"https:\/\/mod.wisdar.net\/tr\/wp-json\/wp\/v2\/media?parent=202305"}],"wp:term":[{"taxonomy":"product_brand","embeddable":true,"href":"https:\/\/mod.wisdar.net\/tr\/wp-json\/wp\/v2\/product_brand?post=202305"},{"taxonomy":"product_cat","embeddable":true,"href":"https:\/\/mod.wisdar.net\/tr\/wp-json\/wp\/v2\/product_cat?post=202305"},{"taxonomy":"product_tag","embeddable":true,"href":"https:\/\/mod.wisdar.net\/tr\/wp-json\/wp\/v2\/product_tag?post=202305"}],"curies":[{"name":"wp","href":"https:\/\/api.w.org\/{rel}","templated":true}]}}