{"id":202338,"date":"2026-04-03T14:07:45","date_gmt":"2026-04-03T14:07:45","guid":{"rendered":"https:\/\/modesthanim.com\/product\/bej-renkli-crossover-mini-yelek\/"},"modified":"2026-04-03T14:08:17","modified_gmt":"2026-04-03T14:08:17","slug":"bej-renkli-crossover-mini-yelek","status":"publish","type":"product","link":"https:\/\/mod.wisdar.net\/tr\/urun\/bej-renkli-crossover-mini-yelek\/","title":{"rendered":"Bej Renkli Crossover Mini Yelek"},"content":{"rendered":"<p>Crossover kesime sahip bu mini yelek, sofistike bir duru\u015f sergileyerek modern ve \u015f\u0131k bir stil sunar. Yap\u0131sal formu zarif bir g\u00f6r\u00fcn\u00fcm sa\u011flar ve katmanl\u0131 k\u0131yafetlerle m\u00fckemmel bir tamamlay\u0131c\u0131d\u0131r.<\/p>\n<p>Kuma\u015f \u0130\u00e7eri\u011fi: %100 Polyester<br \/>\nDesen: D\u00fcz<br \/>\nYaka Tipi: V-Yaka<br \/>\nKol Tipi: Kolsuz<br \/>\nCep: Dekoratif Kapak<br \/>\nAstar: Astarl\u0131<br \/>\n\u00dcr\u00fcn Uzunlu\u011fu: 55 cm<br \/>\nKal\u0131p: Normal Kal\u0131p<br \/>\nModelin Giydi\u011fi Beden: 38<br \/>\nModel \u00d6l\u00e7\u00fcleri: Boy: 176 cm, G\u00f6\u011f\u00fcs: 75 cm, Bel: 59 cm, Kal\u00e7a: 87 cm<\/p>\n<p>\u2014 Teknik Detaylar \u2014<br \/>\nDesen: D\u00fcz<br \/>\nYaka Tipi: V-Yaka<br \/>\nKol Tipi: Kolsuz<br \/>\nCep: Dekoratif Kapak<br \/>\nAstar: Astarl\u0131<br \/>\n\u00dcr\u00fcn Uzunlu\u011fu: 55 cm<br \/>\nKal\u0131p: Normal Kal\u0131p<br \/>\nModelin Giydi\u011fi Beden: 38<br \/>\nModel \u00d6l\u00e7\u00fcleri: Boy: 176 cm, G\u00f6\u011f\u00fcs: 75 cm, Bel: 59 cm, Kal\u00e7a: 87 cm<\/p>\n","protected":false},"excerpt":{"rendered":"<p>Crossover kesime sahip bu mini yelek, sofistike bir duru\u015f sergileyerek modern ve \u015f\u0131k bir stil sunar. Yap\u0131sal formu zarif bir g\u00f6r\u00fcn\u00fcm sa\u011flar ve katmanl\u0131 k\u0131yafetlerle m\u00fckemmel bir tamamlay\u0131c\u0131d\u0131r. Kuma\u015f \u0130\u00e7eri\u011fi: %100 Polyester Desen: D\u00fcz Yaka Tipi: V-Yaka Kol Tipi: Kolsuz Cep: Dekoratif Kapak Astar: Astarl\u0131 \u00dcr\u00fcn Uzunlu\u011fu: 55 cm Kal\u0131p: Normal Kal\u0131p Modelin Giydi\u011fi Beden: [&hellip;]<\/p>\n","protected":false},"featured_media":202321,"comment_status":"open","ping_status":"closed","template":"","meta":[],"product_brand":[],"product_cat":[2053],"product_tag":[5012,6744,5013],"class_list":{"0":"post-202338","1":"product","2":"type-product","3":"status-publish","4":"has-post-thumbnail","6":"product_cat-yelekler-yelekler","7":"product_tag-elegant","8":"product_tag-kadin-modasi","9":"product_tag-modern","10":"pa_brand-tugba","11":"pa_color-bej","12":"pa_size-4706","13":"pa_size-4711","14":"pa_size-4713","15":"pa_size-4751","16":"pa_size-4749","17":"pa_size-4747","19":"first","20":"instock","21":"sale","22":"shipping-taxable","23":"purchasable","24":"product-type-variable"},"_links":{"self":[{"href":"https:\/\/mod.wisdar.net\/tr\/wp-json\/wp\/v2\/product\/202338","targetHints":{"allow":["GET"]}}],"collection":[{"href":"https:\/\/mod.wisdar.net\/tr\/wp-json\/wp\/v2\/product"}],"about":[{"href":"https:\/\/mod.wisdar.net\/tr\/wp-json\/wp\/v2\/types\/product"}],"replies":[{"embeddable":true,"href":"https:\/\/mod.wisdar.net\/tr\/wp-json\/wp\/v2\/comments?post=202338"}],"wp:featuredmedia":[{"embeddable":true,"href":"https:\/\/mod.wisdar.net\/tr\/wp-json\/wp\/v2\/media\/202321"}],"wp:attachment":[{"href":"https:\/\/mod.wisdar.net\/tr\/wp-json\/wp\/v2\/media?parent=202338"}],"wp:term":[{"taxonomy":"product_brand","embeddable":true,"href":"https:\/\/mod.wisdar.net\/tr\/wp-json\/wp\/v2\/product_brand?post=202338"},{"taxonomy":"product_cat","embeddable":true,"href":"https:\/\/mod.wisdar.net\/tr\/wp-json\/wp\/v2\/product_cat?post=202338"},{"taxonomy":"product_tag","embeddable":true,"href":"https:\/\/mod.wisdar.net\/tr\/wp-json\/wp\/v2\/product_tag?post=202338"}],"curies":[{"name":"wp","href":"https:\/\/api.w.org\/{rel}","templated":true}]}}