{"id":20243,"date":"2025-11-07T20:16:06","date_gmt":"2025-11-02T14:25:35","guid":{"rendered":"https:\/\/modesthanim.com\/product\/anvelop-pileli-pantolon-lacivert\/"},"modified":"2026-04-15T21:16:45","modified_gmt":"2026-04-15T21:16:45","slug":"anvelop-pileli-pantolon-lacivert","status":"publish","type":"product","link":"https:\/\/mod.wisdar.net\/tr\/urun\/anvelop-pileli-pantolon-lacivert\/","title":{"rendered":"Anvelop Pileli Pantolon \u2013 Lacivert"},"content":{"rendered":"<p>Katmanl\u0131 anvelop kesimi ile dikkat \u00e7eken bu pantolon, pile detaylar\u0131 sayesinde dinamik ve ak\u0131c\u0131 bir siluet sunar. Kuma\u015f \u0130\u00e7eri\u011fi: %100 Polyester. Desen: D\u00fcz. Bel Tipi: Normal Bel. Pa\u00e7a Tipi: Bol Pa\u00e7a. Cep: Cepsiz. Astar: Astars\u0131z. \u00dcr\u00fcn Boyu: 95 cm. Kal\u0131p Tipi: Rahat Kal\u0131p. Mankenin Giydi\u011fi Beden: 38. Manken \u00d6l\u00e7\u00fcleri: Boy: 175 cm, G\u00f6\u011f\u00fcs: 80 cm, Bel: 62 cm, Basen: 89 cm.<\/p>\n","protected":false},"excerpt":{"rendered":"<p>Katmanl\u0131 anvelop kesimi ile dikkat \u00e7eken bu pantolon, pile detaylar\u0131 sayesinde dinamik ve ak\u0131c\u0131 bir siluet sunar. Kuma\u015f \u0130\u00e7eri\u011fi: %100 Polyester. Desen: D\u00fcz. Bel Tipi: Normal Bel. Pa\u00e7a Tipi: Bol Pa\u00e7a. Cep: Cepsiz. Astar: Astars\u0131z. \u00dcr\u00fcn Boyu: 95 cm. Kal\u0131p Tipi: Rahat Kal\u0131p. Mankenin Giydi\u011fi Beden: 38. Manken \u00d6l\u00e7\u00fcleri: Boy: 175 cm, G\u00f6\u011f\u00fcs: 80 cm, [&hellip;]<\/p>\n","protected":false},"featured_media":20217,"comment_status":"open","ping_status":"closed","template":"","meta":[],"product_brand":[],"product_cat":[1882],"product_tag":[],"class_list":{"0":"post-20243","1":"product","2":"type-product","3":"status-publish","4":"has-post-thumbnail","6":"product_cat-alt-giyim","7":"pa_brand-tugba","8":"pa_color-lacivert","9":"pa_size-4706","10":"pa_size-4711","11":"pa_size-4713","12":"pa_size-4751","13":"pa_size-4749","15":"first","16":"instock","17":"sale","18":"shipping-taxable","19":"purchasable","20":"product-type-variable"},"_links":{"self":[{"href":"https:\/\/mod.wisdar.net\/tr\/wp-json\/wp\/v2\/product\/20243","targetHints":{"allow":["GET"]}}],"collection":[{"href":"https:\/\/mod.wisdar.net\/tr\/wp-json\/wp\/v2\/product"}],"about":[{"href":"https:\/\/mod.wisdar.net\/tr\/wp-json\/wp\/v2\/types\/product"}],"replies":[{"embeddable":true,"href":"https:\/\/mod.wisdar.net\/tr\/wp-json\/wp\/v2\/comments?post=20243"}],"wp:featuredmedia":[{"embeddable":true,"href":"https:\/\/mod.wisdar.net\/tr\/wp-json\/wp\/v2\/media\/20217"}],"wp:attachment":[{"href":"https:\/\/mod.wisdar.net\/tr\/wp-json\/wp\/v2\/media?parent=20243"}],"wp:term":[{"taxonomy":"product_brand","embeddable":true,"href":"https:\/\/mod.wisdar.net\/tr\/wp-json\/wp\/v2\/product_brand?post=20243"},{"taxonomy":"product_cat","embeddable":true,"href":"https:\/\/mod.wisdar.net\/tr\/wp-json\/wp\/v2\/product_cat?post=20243"},{"taxonomy":"product_tag","embeddable":true,"href":"https:\/\/mod.wisdar.net\/tr\/wp-json\/wp\/v2\/product_tag?post=20243"}],"curies":[{"name":"wp","href":"https:\/\/api.w.org\/{rel}","templated":true}]}}