{"id":202486,"date":"2026-04-03T14:10:02","date_gmt":"2026-04-03T14:10:02","guid":{"rendered":"https:\/\/modesthanim.com\/product\/fistolu-gomlek-siyah\/"},"modified":"2026-04-03T14:10:30","modified_gmt":"2026-04-03T14:10:30","slug":"fistolu-gomlek-siyah","status":"publish","type":"product","link":"https:\/\/mod.wisdar.net\/tr\/urun\/fistolu-gomlek-siyah\/","title":{"rendered":"F\u0130STOLU G\u00d6MLEK S\u0130YAH"},"content":{"rendered":"<p>\u00d6ZEL TASARIM OMUZ VATKA DETAYLI F\u0130STOLU G\u00d6MLEK<br \/>\nKUMA\u015e %100 PAMUKTUR.<br \/>\n\u00dcR\u00dcN \u00d6ZELL\u0130KLER\u0130 2 BEDEN \u0130\u00c7\u0130N<br \/>\nG\u00d6\u011e\u00dcS 106 CM<br \/>\nBEL 106 CM<br \/>\nBASEN 114 CM<br \/>\nUZUNLUK: 68 CM<br \/>\n1 BEDEN:36-38<br \/>\n2 BEDEN:38-40<br \/>\n3 BEDEN:40-42<br \/>\n4 BEDEN:42-44 UYUMLUDUR.<br \/>\nMANKEN \u00dcZER\u0130NDE K\u0130 BEDEN 2.<br \/>\nMANKEN \u00d6L\u00c7\u00dcLER\u0130\u00a0BOY :176 CM , G\u00d6\u011e\u00dcS :85 CM , BEL 62: CM , BASEN:92 CM\u00a0<\/p>\n<p>\u2014 Teknik Detaylar \u2014<br \/>\nG\u00f6\u011f\u00fcs: 106 CM<br \/>\nBel: 106 CM<br \/>\nBasen: 114 CM<br \/>\nUzunluk: 68 CM<br \/>\nBeden 1: 36-38<br \/>\nBeden 2: 38-40<br \/>\nBeden 3: 40-42<br \/>\nBeden 4: 42-44<br \/>\nManken Bedeni: 2<br \/>\nManken Boy: 176 CM<br \/>\nManken G\u00f6\u011f\u00fcs: 85 CM<br \/>\nManken Bel: 62 CM<br \/>\nManken Basen: 92 CM<\/p>\n","protected":false},"excerpt":{"rendered":"<p>\u00d6ZEL TASARIM OMUZ VATKA DETAYLI F\u0130STOLU G\u00d6MLEK KUMA\u015e %100 PAMUKTUR. \u00dcR\u00dcN \u00d6ZELL\u0130KLER\u0130 2 BEDEN \u0130\u00c7\u0130N G\u00d6\u011e\u00dcS 106 CM BEL 106 CM BASEN 114 CM UZUNLUK: 68 CM 1 BEDEN:36-38 2 BEDEN:38-40 3 BEDEN:40-42 4 BEDEN:42-44 UYUMLUDUR. MANKEN \u00dcZER\u0130NDE K\u0130 BEDEN 2. MANKEN \u00d6L\u00c7\u00dcLER\u0130\u00a0BOY :176 CM , G\u00d6\u011e\u00dcS :85 CM , BEL 62: CM , BASEN:92 [&hellip;]<\/p>\n","protected":false},"featured_media":202470,"comment_status":"open","ping_status":"closed","template":"","meta":[],"product_brand":[],"product_cat":[1909],"product_tag":[],"class_list":{"0":"post-202486","1":"product","2":"type-product","3":"status-publish","4":"has-post-thumbnail","6":"product_cat-bluzlar-ve-gomlekler","7":"pa_brand-nurkalay","8":"pa_color-siyah","9":"pa_size-4446","10":"pa_size-4463","11":"pa_size-4680","12":"pa_size-4694","14":"first","15":"instock","16":"sale","17":"shipping-taxable","18":"purchasable","19":"product-type-variable"},"_links":{"self":[{"href":"https:\/\/mod.wisdar.net\/tr\/wp-json\/wp\/v2\/product\/202486","targetHints":{"allow":["GET"]}}],"collection":[{"href":"https:\/\/mod.wisdar.net\/tr\/wp-json\/wp\/v2\/product"}],"about":[{"href":"https:\/\/mod.wisdar.net\/tr\/wp-json\/wp\/v2\/types\/product"}],"replies":[{"embeddable":true,"href":"https:\/\/mod.wisdar.net\/tr\/wp-json\/wp\/v2\/comments?post=202486"}],"wp:featuredmedia":[{"embeddable":true,"href":"https:\/\/mod.wisdar.net\/tr\/wp-json\/wp\/v2\/media\/202470"}],"wp:attachment":[{"href":"https:\/\/mod.wisdar.net\/tr\/wp-json\/wp\/v2\/media?parent=202486"}],"wp:term":[{"taxonomy":"product_brand","embeddable":true,"href":"https:\/\/mod.wisdar.net\/tr\/wp-json\/wp\/v2\/product_brand?post=202486"},{"taxonomy":"product_cat","embeddable":true,"href":"https:\/\/mod.wisdar.net\/tr\/wp-json\/wp\/v2\/product_cat?post=202486"},{"taxonomy":"product_tag","embeddable":true,"href":"https:\/\/mod.wisdar.net\/tr\/wp-json\/wp\/v2\/product_tag?post=202486"}],"curies":[{"name":"wp","href":"https:\/\/api.w.org\/{rel}","templated":true}]}}