{"id":202506,"date":"2026-04-03T14:10:15","date_gmt":"2026-04-03T14:10:15","guid":{"rendered":"https:\/\/modesthanim.com\/product\/zikzak-ferace\/"},"modified":"2026-04-15T21:43:28","modified_gmt":"2026-04-15T21:43:28","slug":"zikzak-ferace","status":"publish","type":"product","link":"https:\/\/mod.wisdar.net\/tr\/urun\/zikzak-ferace\/","title":{"rendered":"Z\u0130KZAK FERACE"},"content":{"rendered":"<p>Bu \u015f\u0131k ferace, zikzak deseniyle modern bir tarz sunar. Y\u00fcksek kaliteli kuma\u015ftan \u00fcretilmi\u015f olup, g\u00fcnl\u00fck kullan\u0131m i\u00e7in rahat ve \u015f\u0131kt\u0131r. Her mevsime uygun olan bu \u00fcr\u00fcn, gard\u0131robunuzun vazge\u00e7ilmez bir par\u00e7as\u0131 olacak.<\/p>\n","protected":false},"excerpt":{"rendered":"<p>Bu \u015f\u0131k ferace, zikzak deseniyle modern bir tarz sunar. Y\u00fcksek kaliteli kuma\u015ftan \u00fcretilmi\u015f olup, g\u00fcnl\u00fck kullan\u0131m i\u00e7in rahat ve \u015f\u0131kt\u0131r. Her mevsime uygun olan bu \u00fcr\u00fcn, gard\u0131robunuzun vazge\u00e7ilmez bir par\u00e7as\u0131 olacak.<\/p>\n","protected":false},"featured_media":202497,"comment_status":"open","ping_status":"closed","template":"","meta":[],"product_brand":[],"product_cat":[4028],"product_tag":[],"class_list":{"0":"post-202506","1":"product","2":"type-product","3":"status-publish","4":"has-post-thumbnail","6":"product_cat-abaya","7":"pa_brand-efsa","8":"pa_size-4711","9":"pa_size-4713","10":"pa_size-4751","11":"pa_size-4749","12":"pa_size-4747","13":"pa_size-4746","15":"first","16":"instock","17":"sale","18":"shipping-taxable","19":"purchasable","20":"product-type-variable"},"_links":{"self":[{"href":"https:\/\/mod.wisdar.net\/tr\/wp-json\/wp\/v2\/product\/202506","targetHints":{"allow":["GET"]}}],"collection":[{"href":"https:\/\/mod.wisdar.net\/tr\/wp-json\/wp\/v2\/product"}],"about":[{"href":"https:\/\/mod.wisdar.net\/tr\/wp-json\/wp\/v2\/types\/product"}],"replies":[{"embeddable":true,"href":"https:\/\/mod.wisdar.net\/tr\/wp-json\/wp\/v2\/comments?post=202506"}],"wp:featuredmedia":[{"embeddable":true,"href":"https:\/\/mod.wisdar.net\/tr\/wp-json\/wp\/v2\/media\/202497"}],"wp:attachment":[{"href":"https:\/\/mod.wisdar.net\/tr\/wp-json\/wp\/v2\/media?parent=202506"}],"wp:term":[{"taxonomy":"product_brand","embeddable":true,"href":"https:\/\/mod.wisdar.net\/tr\/wp-json\/wp\/v2\/product_brand?post=202506"},{"taxonomy":"product_cat","embeddable":true,"href":"https:\/\/mod.wisdar.net\/tr\/wp-json\/wp\/v2\/product_cat?post=202506"},{"taxonomy":"product_tag","embeddable":true,"href":"https:\/\/mod.wisdar.net\/tr\/wp-json\/wp\/v2\/product_tag?post=202506"}],"curies":[{"name":"wp","href":"https:\/\/api.w.org\/{rel}","templated":true}]}}