{"id":202550,"date":"2026-04-03T14:11:04","date_gmt":"2026-04-03T14:11:04","guid":{"rendered":"https:\/\/modesthanim.com\/product\/laura-krem-renkli-gece-elbisesi\/"},"modified":"2026-04-05T21:21:36","modified_gmt":"2026-04-05T21:21:36","slug":"laura-krem-renkli-gece-elbisesi","status":"publish","type":"product","link":"https:\/\/mod.wisdar.net\/tr\/urun\/laura-krem-renkli-gece-elbisesi\/","title":{"rendered":"Laura Krem Renkli Gece Elbisesi"},"content":{"rendered":"<p>Bu \u015f\u0131k elbise, v\u00fccuda oturan kesimiyle tasarlanm\u0131\u015f olup omuzlarda organza f\u0131rf\u0131r detayl\u0131 uzun kollara sahiptir. Ekstra konfor i\u00e7in tamamen astarl\u0131d\u0131r ve arka k\u0131sm\u0131nda gizli fermuar bulunmaktad\u0131r.<\/p>\n<p>Kuma\u015f Kompozisyonu:<br \/>\nAna Kuma\u015f: %100 Polyester<br \/>\nAstarl\u0131k Kuma\u015f: %100 Polyester<br \/>\nF\u0131rf\u0131r Detay\u0131: %100 Polyester<\/p>\n<p>Beden Bilgileri:<br \/>\nBeden 36: \u00d6n Uzunluk: 152 cm, Arka Uzunluk: 167 cm, Etek Geni\u015fli\u011fi: 95 cm, Kol Uzunlu\u011fu: 62 cm, G\u00f6\u011f\u00fcs (\u00c7evre): 42.5 cm<br \/>\nBeden 38: \u00d6n Uzunluk: 153 cm, Arka Uzunluk: 168 cm, Etek Geni\u015fli\u011fi: 97 cm, Kol Uzunlu\u011fu: 63 cm, G\u00f6\u011f\u00fcs (\u00c7evre): 44.5 cm<br \/>\nBeden 40: \u00d6n Uzunluk: 154 cm, Arka Uzunluk: 169 cm, Etek Geni\u015fli\u011fi: 99 cm, Kol Uzunlu\u011fu: 64 cm, G\u00f6\u011f\u00fcs (\u00c7evre): 46.5 cm<br \/>\nBeden 42: \u00d6n Uzunluk: 155 cm, Arka Uzunluk: 170 cm, Etek Geni\u015fli\u011fi: 102 cm, Kol Uzunlu\u011fu: 65 cm, G\u00f6\u011f\u00fcs (\u00c7evre): 48.5 cm<\/p>\n<p>Bak\u0131m Talimatlar\u0131:<br \/>\nSadece Kuru Temizleme<br \/>\nD\u00fc\u015f\u00fck Is\u0131da \u00dct\u00fcleyin<\/p>\n","protected":false},"excerpt":{"rendered":"<p>Bu \u015f\u0131k elbise, v\u00fccuda oturan kesimiyle tasarlanm\u0131\u015f olup omuzlarda organza f\u0131rf\u0131r detayl\u0131 uzun kollara sahiptir. Ekstra konfor i\u00e7in tamamen astarl\u0131d\u0131r ve arka k\u0131sm\u0131nda gizli fermuar bulunmaktad\u0131r. Kuma\u015f Kompozisyonu: Ana Kuma\u015f: %100 Polyester Astarl\u0131k Kuma\u015f: %100 Polyester F\u0131rf\u0131r Detay\u0131: %100 Polyester Beden Bilgileri: Beden 36: \u00d6n Uzunluk: 152 cm, Arka Uzunluk: 167 cm, Etek Geni\u015fli\u011fi: 95 [&hellip;]<\/p>\n","protected":false},"featured_media":202543,"comment_status":"open","ping_status":"closed","template":"","meta":[],"product_brand":[],"product_cat":[6249,1936],"product_tag":[],"class_list":{"0":"post-202550","1":"product","2":"type-product","3":"status-publish","4":"has-post-thumbnail","6":"product_cat-elbiseler","7":"product_cat-resmi-ve-aksam-elbiseleri","8":"pa_brand-manuka","9":"pa_color-ekru","10":"pa_size-4701","11":"pa_size-4706","12":"pa_size-4711","13":"pa_size-4713","15":"first","16":"instock","17":"sale","18":"shipping-taxable","19":"purchasable","20":"product-type-variable"},"_links":{"self":[{"href":"https:\/\/mod.wisdar.net\/tr\/wp-json\/wp\/v2\/product\/202550","targetHints":{"allow":["GET"]}}],"collection":[{"href":"https:\/\/mod.wisdar.net\/tr\/wp-json\/wp\/v2\/product"}],"about":[{"href":"https:\/\/mod.wisdar.net\/tr\/wp-json\/wp\/v2\/types\/product"}],"replies":[{"embeddable":true,"href":"https:\/\/mod.wisdar.net\/tr\/wp-json\/wp\/v2\/comments?post=202550"}],"wp:featuredmedia":[{"embeddable":true,"href":"https:\/\/mod.wisdar.net\/tr\/wp-json\/wp\/v2\/media\/202543"}],"wp:attachment":[{"href":"https:\/\/mod.wisdar.net\/tr\/wp-json\/wp\/v2\/media?parent=202550"}],"wp:term":[{"taxonomy":"product_brand","embeddable":true,"href":"https:\/\/mod.wisdar.net\/tr\/wp-json\/wp\/v2\/product_brand?post=202550"},{"taxonomy":"product_cat","embeddable":true,"href":"https:\/\/mod.wisdar.net\/tr\/wp-json\/wp\/v2\/product_cat?post=202550"},{"taxonomy":"product_tag","embeddable":true,"href":"https:\/\/mod.wisdar.net\/tr\/wp-json\/wp\/v2\/product_tag?post=202550"}],"curies":[{"name":"wp","href":"https:\/\/api.w.org\/{rel}","templated":true}]}}