{"id":202659,"date":"2026-04-03T14:12:22","date_gmt":"2026-04-03T14:12:22","guid":{"rendered":"https:\/\/modesthanim.com\/product\/kus-goz-detay-elbise-haki\/"},"modified":"2026-04-10T08:05:48","modified_gmt":"2026-04-10T08:05:48","slug":"kus-goz-detay-elbise-haki","status":"publish","type":"product","link":"https:\/\/mod.wisdar.net\/tr\/urun\/kus-goz-detay-elbise-haki\/","title":{"rendered":"KU\u015e G\u00d6Z DETAY ELB\u0130SE Haki"},"content":{"rendered":"<p>\u2014 Technical Details \u2014<br \/>\nTedarik\u00e7i Mam\u00fcl Kodu: 1071<\/p>\n","protected":false},"excerpt":{"rendered":"<p>\u2014 Technical Details \u2014 Tedarik\u00e7i Mam\u00fcl Kodu: 1071<\/p>\n","protected":false},"featured_media":202646,"comment_status":"open","ping_status":"closed","template":"","meta":[],"product_brand":[],"product_cat":[6249],"product_tag":[],"class_list":{"0":"post-202659","1":"product","2":"type-product","3":"status-publish","4":"has-post-thumbnail","6":"product_cat-elbiseler","7":"pa_brand-markasiz","8":"pa_color-haki","9":"pa_size-4446","10":"pa_size-4463","11":"pa_size-4680","12":"pa_size-4694","13":"pa_size-10592","15":"first","16":"outofstock","17":"shipping-taxable","18":"product-type-variable"},"_links":{"self":[{"href":"https:\/\/mod.wisdar.net\/tr\/wp-json\/wp\/v2\/product\/202659","targetHints":{"allow":["GET"]}}],"collection":[{"href":"https:\/\/mod.wisdar.net\/tr\/wp-json\/wp\/v2\/product"}],"about":[{"href":"https:\/\/mod.wisdar.net\/tr\/wp-json\/wp\/v2\/types\/product"}],"replies":[{"embeddable":true,"href":"https:\/\/mod.wisdar.net\/tr\/wp-json\/wp\/v2\/comments?post=202659"}],"wp:featuredmedia":[{"embeddable":true,"href":"https:\/\/mod.wisdar.net\/tr\/wp-json\/wp\/v2\/media\/202646"}],"wp:attachment":[{"href":"https:\/\/mod.wisdar.net\/tr\/wp-json\/wp\/v2\/media?parent=202659"}],"wp:term":[{"taxonomy":"product_brand","embeddable":true,"href":"https:\/\/mod.wisdar.net\/tr\/wp-json\/wp\/v2\/product_brand?post=202659"},{"taxonomy":"product_cat","embeddable":true,"href":"https:\/\/mod.wisdar.net\/tr\/wp-json\/wp\/v2\/product_cat?post=202659"},{"taxonomy":"product_tag","embeddable":true,"href":"https:\/\/mod.wisdar.net\/tr\/wp-json\/wp\/v2\/product_tag?post=202659"}],"curies":[{"name":"wp","href":"https:\/\/api.w.org\/{rel}","templated":true}]}}