{"id":202728,"date":"2026-04-03T14:13:07","date_gmt":"2026-04-03T14:13:07","guid":{"rendered":"https:\/\/modesthanim.com\/product\/dugme-detayli-cizgili-blazer-siyah\/"},"modified":"2026-04-12T21:57:17","modified_gmt":"2026-04-12T21:57:17","slug":"dugme-detayli-cizgili-blazer-siyah","status":"publish","type":"product","link":"https:\/\/mod.wisdar.net\/tr\/urun\/dugme-detayli-cizgili-blazer-siyah\/","title":{"rendered":"D\u00fc\u011fme Detayl\u0131 \u00c7izgili Blazer Siyah"},"content":{"rendered":"<p>\u00dcr\u00fcn tek olarak sat\u0131lmaktad\u0131r. Elde y\u0131kanmaz kuru temizleme yap\u0131n\u0131z.<\/p>\n<p>\u2014 Technical Details \u2014<br \/>\nsezon: BAHAR<br \/>\ncinsiyet: Kad\u0131n<br \/>\nmalzeme: Polyester \/ Viskon<br \/>\nkal\u0131p: Dar Kal\u0131p<br \/>\nkol_boyu: Uzun Kollu<br \/>\nyaka_tipi: V Yaka<br \/>\nmanken_\u00f6l\u00e7\u00fcleri: 1,73<br \/>\nmankenin_giydi\u011fi_beden: S Beden<\/p>\n","protected":false},"excerpt":{"rendered":"<p>\u00dcr\u00fcn tek olarak sat\u0131lmaktad\u0131r. Elde y\u0131kanmaz kuru temizleme yap\u0131n\u0131z. \u2014 Technical Details \u2014 sezon: BAHAR cinsiyet: Kad\u0131n malzeme: Polyester \/ Viskon kal\u0131p: Dar Kal\u0131p kol_boyu: Uzun Kollu yaka_tipi: V Yaka manken_\u00f6l\u00e7\u00fcleri: 1,73 mankenin_giydi\u011fi_beden: S Beden<\/p>\n","protected":false},"featured_media":202717,"comment_status":"open","ping_status":"closed","template":"","meta":[],"product_brand":[],"product_cat":[2050],"product_tag":[7943,7912,7021,7074,7310],"class_list":{"0":"post-202728","1":"product","2":"type-product","3":"status-publish","4":"has-post-thumbnail","6":"product_cat-blazer-ceketler","7":"product_tag-blazer","8":"product_tag-cizgili","9":"product_tag-polyester","10":"product_tag-siyah","11":"product_tag-slim-fit","12":"pa_brand-minik-terzi","13":"pa_color-siyah","14":"pa_size-l","15":"pa_size-m","16":"pa_size-s","17":"pa_size-xs","19":"first","20":"outofstock","21":"shipping-taxable","22":"product-type-variable"},"_links":{"self":[{"href":"https:\/\/mod.wisdar.net\/tr\/wp-json\/wp\/v2\/product\/202728","targetHints":{"allow":["GET"]}}],"collection":[{"href":"https:\/\/mod.wisdar.net\/tr\/wp-json\/wp\/v2\/product"}],"about":[{"href":"https:\/\/mod.wisdar.net\/tr\/wp-json\/wp\/v2\/types\/product"}],"replies":[{"embeddable":true,"href":"https:\/\/mod.wisdar.net\/tr\/wp-json\/wp\/v2\/comments?post=202728"}],"wp:featuredmedia":[{"embeddable":true,"href":"https:\/\/mod.wisdar.net\/tr\/wp-json\/wp\/v2\/media\/202717"}],"wp:attachment":[{"href":"https:\/\/mod.wisdar.net\/tr\/wp-json\/wp\/v2\/media?parent=202728"}],"wp:term":[{"taxonomy":"product_brand","embeddable":true,"href":"https:\/\/mod.wisdar.net\/tr\/wp-json\/wp\/v2\/product_brand?post=202728"},{"taxonomy":"product_cat","embeddable":true,"href":"https:\/\/mod.wisdar.net\/tr\/wp-json\/wp\/v2\/product_cat?post=202728"},{"taxonomy":"product_tag","embeddable":true,"href":"https:\/\/mod.wisdar.net\/tr\/wp-json\/wp\/v2\/product_tag?post=202728"}],"curies":[{"name":"wp","href":"https:\/\/api.w.org\/{rel}","templated":true}]}}