{"id":202766,"date":"2026-04-03T14:13:22","date_gmt":"2026-04-03T14:13:22","guid":{"rendered":"https:\/\/modesthanim.com\/product\/mila-suslemeli-abiye-elbise-bej\/"},"modified":"2026-04-05T21:22:25","modified_gmt":"2026-04-05T21:22:25","slug":"mila-suslemeli-abiye-elbise-bej","status":"publish","type":"product","link":"https:\/\/mod.wisdar.net\/tr\/urun\/mila-suslemeli-abiye-elbise-bej\/","title":{"rendered":"Mila S\u00fcslemeli Abiye Elbise Bej"},"content":{"rendered":"<p>Y\u00fcksek Yakal\u0131 Elbise<br \/>\nFermuarl\u0131 kapatma<br \/>\nToplanan ayr\u0131nt\u0131lar<br \/>\nHafif \u00e7an man\u015fetli uzun kollu<br \/>\nUzun arka kuyruklu y\u00fcksek-al\u00e7ak etek<br \/>\nDa\u011f\u0131n\u0131k ta\u015f s\u00fcslemeleri<br \/>\nOmuz pedleri<br \/>\nTamamen astarl\u0131<\/p>\n<p>Beden Bilgisi:<br \/>\nBeden 36: \u00d6n Uzunluk: 161 cm, Arka Uzunluk: 173 cm, Bel: 35,5 cm, Etek: 96 cm, Kol Uzunlu\u011fu: 68 cm, G\u00f6\u011f\u00fcs: 40,5 cm<br \/>\nBeden 38: \u00d6n Uzunluk: 162 cm, Arka Uzunluk: 174 cm, Bel: 37,5 cm, Etek: 98 cm, Kol Uzunlu\u011fu: 69 cm, G\u00f6\u011f\u00fcs: 42,5 cm<br \/>\nBeden 40: \u00d6n Uzunluk: 163 cm, Arka Uzunluk: 175 cm, Bel: 39,5 cm, Etek: 100 cm, Kol Uzunlu\u011fu: 70 cm, G\u00f6\u011f\u00fcs: 44,5 cm<\/p>\n","protected":false},"excerpt":{"rendered":"<p>Y\u00fcksek Yakal\u0131 Elbise Fermuarl\u0131 kapatma Toplanan ayr\u0131nt\u0131lar Hafif \u00e7an man\u015fetli uzun kollu Uzun arka kuyruklu y\u00fcksek-al\u00e7ak etek Da\u011f\u0131n\u0131k ta\u015f s\u00fcslemeleri Omuz pedleri Tamamen astarl\u0131 Beden Bilgisi: Beden 36: \u00d6n Uzunluk: 161 cm, Arka Uzunluk: 173 cm, Bel: 35,5 cm, Etek: 96 cm, Kol Uzunlu\u011fu: 68 cm, G\u00f6\u011f\u00fcs: 40,5 cm Beden 38: \u00d6n Uzunluk: 162 cm, [&hellip;]<\/p>\n","protected":false},"featured_media":202749,"comment_status":"open","ping_status":"closed","template":"","meta":[],"product_brand":[],"product_cat":[6249,1936],"product_tag":[6753,8427,6772],"class_list":{"0":"post-202766","1":"product","2":"type-product","3":"status-publish","4":"has-post-thumbnail","6":"product_cat-elbiseler","7":"product_cat-resmi-ve-aksam-elbiseleri","8":"product_tag-bej","9":"product_tag-gece-elbisesi","10":"product_tag-ozel-gun","11":"pa_brand-manuka","12":"pa_color-bej","13":"pa_size-4701","14":"pa_size-4706","15":"pa_size-4711","17":"first","18":"outofstock","19":"shipping-taxable","20":"product-type-variable"},"_links":{"self":[{"href":"https:\/\/mod.wisdar.net\/tr\/wp-json\/wp\/v2\/product\/202766","targetHints":{"allow":["GET"]}}],"collection":[{"href":"https:\/\/mod.wisdar.net\/tr\/wp-json\/wp\/v2\/product"}],"about":[{"href":"https:\/\/mod.wisdar.net\/tr\/wp-json\/wp\/v2\/types\/product"}],"replies":[{"embeddable":true,"href":"https:\/\/mod.wisdar.net\/tr\/wp-json\/wp\/v2\/comments?post=202766"}],"wp:featuredmedia":[{"embeddable":true,"href":"https:\/\/mod.wisdar.net\/tr\/wp-json\/wp\/v2\/media\/202749"}],"wp:attachment":[{"href":"https:\/\/mod.wisdar.net\/tr\/wp-json\/wp\/v2\/media?parent=202766"}],"wp:term":[{"taxonomy":"product_brand","embeddable":true,"href":"https:\/\/mod.wisdar.net\/tr\/wp-json\/wp\/v2\/product_brand?post=202766"},{"taxonomy":"product_cat","embeddable":true,"href":"https:\/\/mod.wisdar.net\/tr\/wp-json\/wp\/v2\/product_cat?post=202766"},{"taxonomy":"product_tag","embeddable":true,"href":"https:\/\/mod.wisdar.net\/tr\/wp-json\/wp\/v2\/product_tag?post=202766"}],"curies":[{"name":"wp","href":"https:\/\/api.w.org\/{rel}","templated":true}]}}