{"id":202809,"date":"2026-04-03T14:14:08","date_gmt":"2026-04-03T14:14:08","guid":{"rendered":"https:\/\/modesthanim.com\/product\/kiz-bebek-uzun-kollu-bisiklet-yaka-cicek-nakis-detayli-triko-hirka-2\/"},"modified":"2026-04-15T20:27:05","modified_gmt":"2026-04-15T20:27:05","slug":"kiz-bebek-uzun-kollu-bisiklet-yaka-cicek-nakis-detayli-triko-hirka-2","status":"publish","type":"product","link":"https:\/\/mod.wisdar.net\/tr\/urun\/kiz-bebek-uzun-kollu-bisiklet-yaka-cicek-nakis-detayli-triko-hirka-2\/","title":{"rendered":"K\u0131z Bebek Uzun Kollu Bisiklet Yaka \u00c7i\u00e7ek Nak\u0131\u015f Detayl\u0131 Triko H\u0131rka"},"content":{"rendered":"<p>Triko h\u0131rka, yumu\u015fak dokusuyla bebekler i\u00e7in sevimli bir se\u00e7enek sunuyor. Bisiklet yaka tasar\u0131m\u0131 ve uzun kollar\u0131 ile serin havalarda konfor sa\u011fl\u0131yor. \u00dczerindeki \u00e7i\u00e7ekli nak\u0131\u015f detaylar\u0131 h\u0131rkaya \u015f\u0131kl\u0131k katarken, d\u00fc\u011fmeli \u00f6n k\u0131sm\u0131 ile pratik bir kullan\u0131m sa\u011fl\u0131yor. Triko h\u0131rka, g\u00fcnl\u00fck kombinlerin favorisi olmaya aday.<\/p>\n<p>\u00dcr\u00fcn \u00d6zellikleri<br \/>\nKol Tipi: Uzun Kol<br \/>\nYaka Tipi: Bisiklet Yaka<br \/>\nDetay: Nak\u0131\u015fl\u0131, D\u00fc\u011fmeli<br \/>\nKullan\u0131m Alan\u0131: G\u00fcnl\u00fck Giyim<\/p>\n<p>Koton k\u0131z bebek giyim koleksiyonu, sevimli tasar\u0131mlar\u0131yla miniklerin kalbini \u00e7al\u0131yor! Koton Kids koleksiyonundaki e\u011flenceli ve konforlu par\u00e7alarla miniklerin d\u00fcnyas\u0131n\u0131 renklendirin!<\/p>\n<p>\u00dcr\u00fcnlerimiz kimyasallara kar\u015f\u0131 test edilerek, t\u00fcm g\u00fcvenlik kurallar\u0131na uygun olarak \u00fcretilir. \u00dcr\u00fcnlerimizde sa\u011fl\u0131\u011fa zararl\u0131 boyalar ve a\u011f\u0131r metaller, tehlikeli yutulabilecek k\u00fc\u00e7\u00fck ve keskin par\u00e7alar, kordon ve ba\u011fc\u0131klar bulunmamaktad\u0131r.<\/p>\n","protected":false},"excerpt":{"rendered":"<p>Triko h\u0131rka, yumu\u015fak dokusuyla bebekler i\u00e7in sevimli bir se\u00e7enek sunuyor. Bisiklet yaka tasar\u0131m\u0131 ve uzun kollar\u0131 ile serin havalarda konfor sa\u011fl\u0131yor. \u00dczerindeki \u00e7i\u00e7ekli nak\u0131\u015f detaylar\u0131 h\u0131rkaya \u015f\u0131kl\u0131k katarken, d\u00fc\u011fmeli \u00f6n k\u0131sm\u0131 ile pratik bir kullan\u0131m sa\u011fl\u0131yor. Triko h\u0131rka, g\u00fcnl\u00fck kombinlerin favorisi olmaya aday. \u00dcr\u00fcn \u00d6zellikleri Kol Tipi: Uzun Kol Yaka Tipi: Bisiklet Yaka Detay: Nak\u0131\u015fl\u0131, [&hellip;]<\/p>\n","protected":false},"featured_media":202802,"comment_status":"open","ping_status":"closed","template":"","meta":[],"product_brand":[],"product_cat":[8715,8694,8724,8697,8700],"product_tag":[7508,7354,6751,6768],"class_list":{"0":"post-202809","1":"product","2":"type-product","3":"status-publish","4":"has-post-thumbnail","6":"product_cat-kiz-cocuklari-2-14-yas","7":"product_cat-cocuklar","8":"product_cat-tisortler-bluzlar","9":"product_cat-yenidogan-0-12-ay","10":"product_cat-yenidogan-giyim","11":"product_tag-cicekli","12":"product_tag-gunluk-giyim-2","13":"product_tag-rahat","14":"product_tag-uzun-kol","15":"pa_brand-koton","16":"pa_color-pembe","17":"pa_size-12-18-ay-2","18":"pa_size-18-24-ay-2","19":"pa_size-24-36-ay-2","20":"pa_size-3-4-yas-2","21":"pa_size-4-5-yas-2","22":"pa_size-9-12-ay-3","24":"first","25":"outofstock","26":"shipping-taxable","27":"product-type-variable"},"_links":{"self":[{"href":"https:\/\/mod.wisdar.net\/tr\/wp-json\/wp\/v2\/product\/202809","targetHints":{"allow":["GET"]}}],"collection":[{"href":"https:\/\/mod.wisdar.net\/tr\/wp-json\/wp\/v2\/product"}],"about":[{"href":"https:\/\/mod.wisdar.net\/tr\/wp-json\/wp\/v2\/types\/product"}],"replies":[{"embeddable":true,"href":"https:\/\/mod.wisdar.net\/tr\/wp-json\/wp\/v2\/comments?post=202809"}],"wp:featuredmedia":[{"embeddable":true,"href":"https:\/\/mod.wisdar.net\/tr\/wp-json\/wp\/v2\/media\/202802"}],"wp:attachment":[{"href":"https:\/\/mod.wisdar.net\/tr\/wp-json\/wp\/v2\/media?parent=202809"}],"wp:term":[{"taxonomy":"product_brand","embeddable":true,"href":"https:\/\/mod.wisdar.net\/tr\/wp-json\/wp\/v2\/product_brand?post=202809"},{"taxonomy":"product_cat","embeddable":true,"href":"https:\/\/mod.wisdar.net\/tr\/wp-json\/wp\/v2\/product_cat?post=202809"},{"taxonomy":"product_tag","embeddable":true,"href":"https:\/\/mod.wisdar.net\/tr\/wp-json\/wp\/v2\/product_tag?post=202809"}],"curies":[{"name":"wp","href":"https:\/\/api.w.org\/{rel}","templated":true}]}}