{"id":202863,"date":"2026-04-03T14:14:59","date_gmt":"2026-04-03T14:14:59","guid":{"rendered":"https:\/\/modesthanim.com\/product\/bisiklet-yaka-kalin-gomlek-siyah\/"},"modified":"2026-04-11T07:31:40","modified_gmt":"2026-04-11T07:31:40","slug":"bisiklet-yaka-kalin-gomlek-siyah","status":"publish","type":"product","link":"https:\/\/mod.wisdar.net\/tr\/urun\/bisiklet-yaka-kalin-gomlek-siyah\/","title":{"rendered":"Bisiklet Yaka Kal\u0131n G\u00f6mlek Siyah"},"content":{"rendered":"<p>Beden Yard\u0131m Rehberi <\/p>\n<p>BEDEN KILAVUZU<\/p>\n<p>\u00a0<\/p>\n<p>\t\t\t\u00d6l\u00e7\u00fcler<br \/>\n\t\t\tS<br \/>\n\t\t\tM<br \/>\n\t\t\tL<br \/>\n\t\t\tXL<\/p>\n<p>\t\t\tBoy<br \/>\n\t\t\t74,0 cm<br \/>\n\t\t\t74,5 cm<br \/>\n\t\t\t75,0 cm<br \/>\n\t\t\t75,5 cm<\/p>\n<p>\t\t\tG\u00f6\u011f\u00fcs \u00c7evresi<br \/>\n\t\t\t108 cm<br \/>\n\t\t\t112 cm<br \/>\n\t\t\t116 cm<br \/>\n\t\t\t120 cm<\/p>\n<p>\t\t\tKol Boyu<br \/>\n\t\t\t60,0 cm<br \/>\n\t\t\t60,5 cm<br \/>\n\t\t\t61,0 cm<br \/>\n\t\t\t61,5 cm<\/p>\n<p>\u2014 Technical Details \u2014<br \/>\n\u00dcr\u00fcn Hakk\u0131nda: Kemerlidir.<br \/>\nMarka: Minik Terzi<br \/>\nSezon: KI\u015e<br \/>\nCinsiyet: Kad\u0131n<br \/>\nMalzeme: Pamuk \/ Polyester<br \/>\nKuma\u015f \u0130\u00e7eri\u011fi: %92 Viskon %8 Pes<br \/>\nKal\u0131p: Tam Kal\u0131p<br \/>\nKol Boyu: Uzun Kollu<br \/>\nYaka Tipi: Bisiklet Yaka<br \/>\nManken \u00d6l\u00e7\u00fcleri: 1,76<br \/>\nMankenin Giydi\u011fi Beden: S Beden<br \/>\nA\u00e7\u0131klama: Ters \u00e7evirerek k\u0131sa programda 30\u00b0 y\u0131kay\u0131n\u0131z.<\/p>\n","protected":false},"excerpt":{"rendered":"<p>Beden Yard\u0131m Rehberi BEDEN KILAVUZU \u00a0 \u00d6l\u00e7\u00fcler S M L XL Boy 74,0 cm 74,5 cm 75,0 cm 75,5 cm G\u00f6\u011f\u00fcs \u00c7evresi 108 cm 112 cm 116 cm 120 cm Kol Boyu 60,0 cm 60,5 cm 61,0 cm 61,5 cm \u2014 Technical Details \u2014 \u00dcr\u00fcn Hakk\u0131nda: Kemerlidir. Marka: Minik Terzi Sezon: KI\u015e Cinsiyet: Kad\u0131n Malzeme: [&hellip;]<\/p>\n","protected":false},"featured_media":202858,"comment_status":"open","ping_status":"closed","template":"","meta":[],"product_brand":[],"product_cat":[1909],"product_tag":[8023,6744,7758,7425,6768],"class_list":{"0":"post-202863","1":"product","2":"type-product","3":"status-publish","4":"has-post-thumbnail","6":"product_cat-bluzlar-ve-gomlekler","7":"product_tag-bisiklet-yaka","8":"product_tag-kadin-modasi","9":"product_tag-kis-giyim","10":"product_tag-pamuk-karisimi","11":"product_tag-uzun-kol","12":"pa_brand-minik-terzi","13":"pa_color-siyah","14":"pa_size-l","15":"pa_size-m","16":"pa_size-s","17":"pa_size-xl","19":"first","20":"instock","21":"shipping-taxable","22":"purchasable","23":"product-type-variable"},"_links":{"self":[{"href":"https:\/\/mod.wisdar.net\/tr\/wp-json\/wp\/v2\/product\/202863","targetHints":{"allow":["GET"]}}],"collection":[{"href":"https:\/\/mod.wisdar.net\/tr\/wp-json\/wp\/v2\/product"}],"about":[{"href":"https:\/\/mod.wisdar.net\/tr\/wp-json\/wp\/v2\/types\/product"}],"replies":[{"embeddable":true,"href":"https:\/\/mod.wisdar.net\/tr\/wp-json\/wp\/v2\/comments?post=202863"}],"wp:featuredmedia":[{"embeddable":true,"href":"https:\/\/mod.wisdar.net\/tr\/wp-json\/wp\/v2\/media\/202858"}],"wp:attachment":[{"href":"https:\/\/mod.wisdar.net\/tr\/wp-json\/wp\/v2\/media?parent=202863"}],"wp:term":[{"taxonomy":"product_brand","embeddable":true,"href":"https:\/\/mod.wisdar.net\/tr\/wp-json\/wp\/v2\/product_brand?post=202863"},{"taxonomy":"product_cat","embeddable":true,"href":"https:\/\/mod.wisdar.net\/tr\/wp-json\/wp\/v2\/product_cat?post=202863"},{"taxonomy":"product_tag","embeddable":true,"href":"https:\/\/mod.wisdar.net\/tr\/wp-json\/wp\/v2\/product_tag?post=202863"}],"curies":[{"name":"wp","href":"https:\/\/api.w.org\/{rel}","templated":true}]}}