{"id":20287,"date":"2025-11-07T20:16:06","date_gmt":"2025-11-02T14:26:28","guid":{"rendered":"https:\/\/modesthanim.com\/product\/bol-paca-beli-kemerli-pantolon-bej\/"},"modified":"2026-04-14T04:41:42","modified_gmt":"2026-04-14T04:41:42","slug":"bol-paca-beli-kemerli-pantolon-bej","status":"publish","type":"product","link":"https:\/\/mod.wisdar.net\/tr\/urun\/bol-paca-beli-kemerli-pantolon-bej\/","title":{"rendered":"Bol Pa\u00e7a Beli Kemerli Pantolon \u2013 Bej"},"content":{"rendered":"<p>Y\u00fcksek belli formu ve \u00e7\u0131kar\u0131labilir kemer detay\u0131yla belinizi vurgulayan bu pantolon, bol pa\u00e7a kesimiyle modern ve \u00f6zg\u00fcr bir siluet sunar.<\/p>\n<p>Kuma\u015f \u0130\u00e7eri\u011fi: %58 Lyocell, %42 Viskon<br \/>\nDesen: D\u00fcz<br \/>\nBel Tipi: Normal Bel<br \/>\nPa\u00e7a Tipi: Bol Pa\u00e7a<br \/>\nCep: Yan Cep<br \/>\nAstar: Astars\u0131z<br \/>\n\u00dcr\u00fcn Boyu: 110 cm<br \/>\nKal\u0131p Tipi: Rahat Kal\u0131p<br \/>\nMankenin Giydi\u011fi Beden: 36<br \/>\nManken \u00d6l\u00e7\u00fcleri: Boy: 177 cm G\u00f6\u011f\u00fcs: 88 cm Bel: 61 cm Basen: 93 cm<\/p>\n<p>\u2014 Technical Details \u2014<br \/>\nDesen: D\u00fcz<br \/>\nBel Tipi: Normal Bel<br \/>\nPa\u00e7a Tipi: Bol Pa\u00e7a<br \/>\nCep: Yan Cep<br \/>\nAstar: Astars\u0131z<br \/>\n\u00dcr\u00fcn Boyu: 110 cm<br \/>\nKal\u0131p Tipi: Rahat Kal\u0131p<br \/>\nMankenin Giydi\u011fi Beden: 36<br \/>\nManken \u00d6l\u00e7\u00fcleri: Boy: 177 cm, G\u00f6\u011f\u00fcs: 88 cm, Bel: 61 cm, Basen: 93 cm<\/p>\n","protected":false},"excerpt":{"rendered":"<p>Y\u00fcksek belli formu ve \u00e7\u0131kar\u0131labilir kemer detay\u0131yla belinizi vurgulayan bu pantolon, bol pa\u00e7a kesimiyle modern ve \u00f6zg\u00fcr bir siluet sunar. Kuma\u015f \u0130\u00e7eri\u011fi: %58 Lyocell, %42 Viskon Desen: D\u00fcz Bel Tipi: Normal Bel Pa\u00e7a Tipi: Bol Pa\u00e7a Cep: Yan Cep Astar: Astars\u0131z \u00dcr\u00fcn Boyu: 110 cm Kal\u0131p Tipi: Rahat Kal\u0131p Mankenin Giydi\u011fi Beden: 36 Manken \u00d6l\u00e7\u00fcleri: [&hellip;]<\/p>\n","protected":false},"featured_media":0,"comment_status":"open","ping_status":"closed","template":"","meta":[],"product_brand":[],"product_cat":[1882],"product_tag":[],"class_list":{"0":"post-20287","1":"product","2":"type-product","3":"status-publish","5":"product_cat-alt-giyim","6":"pa_brand-tugba","7":"pa_color-bej","8":"pa_size-4701","9":"pa_size-4706","10":"pa_size-4711","11":"pa_size-4713","12":"pa_size-4751","14":"first","15":"instock","16":"sale","17":"shipping-taxable","18":"purchasable","19":"product-type-variable"},"_links":{"self":[{"href":"https:\/\/mod.wisdar.net\/tr\/wp-json\/wp\/v2\/product\/20287","targetHints":{"allow":["GET"]}}],"collection":[{"href":"https:\/\/mod.wisdar.net\/tr\/wp-json\/wp\/v2\/product"}],"about":[{"href":"https:\/\/mod.wisdar.net\/tr\/wp-json\/wp\/v2\/types\/product"}],"replies":[{"embeddable":true,"href":"https:\/\/mod.wisdar.net\/tr\/wp-json\/wp\/v2\/comments?post=20287"}],"wp:attachment":[{"href":"https:\/\/mod.wisdar.net\/tr\/wp-json\/wp\/v2\/media?parent=20287"}],"wp:term":[{"taxonomy":"product_brand","embeddable":true,"href":"https:\/\/mod.wisdar.net\/tr\/wp-json\/wp\/v2\/product_brand?post=20287"},{"taxonomy":"product_cat","embeddable":true,"href":"https:\/\/mod.wisdar.net\/tr\/wp-json\/wp\/v2\/product_cat?post=20287"},{"taxonomy":"product_tag","embeddable":true,"href":"https:\/\/mod.wisdar.net\/tr\/wp-json\/wp\/v2\/product_tag?post=20287"}],"curies":[{"name":"wp","href":"https:\/\/api.w.org\/{rel}","templated":true}]}}