{"id":202932,"date":"2026-04-03T14:15:34","date_gmt":"2026-04-03T14:15:34","guid":{"rendered":"https:\/\/modesthanim.com\/product\/mavi-dokulu-muslin-gomlek-elbise\/"},"modified":"2026-04-15T20:52:21","modified_gmt":"2026-04-15T20:52:21","slug":"mavi-dokulu-muslin-gomlek-elbise","status":"publish","type":"product","link":"https:\/\/mod.wisdar.net\/tr\/urun\/mavi-dokulu-muslin-gomlek-elbise\/","title":{"rendered":"Mavi Dokulu M\u00fcslin G\u00f6mlek Elbise"},"content":{"rendered":"<p>LCWAIKIKI Classic Mavi Dokulu M\u00fcslin G\u00f6mlek Elbise size \u00f6zel indirim, taksit ve kap\u0131da \u00f6deme avantajlar\u0131yla LCW&#8217;de! Hemen online al\u0131\u015fveri\u015f yap, \u00fcr\u00fcn kap\u0131na gelsin! \u2013 W5FO25Z8-ZKA<\/p>\n<p>\u2014 Technical Details \u2014<br \/>\nMen\u015fei: Turk\u0131ye<br \/>\nSat\u0131c\u0131: LC Waikiki<br \/>\nMarka: LCWAIKIKI Classic<br \/>\n\u00dcr\u00fcn Tipi: G\u00f6mlek Elbise<br \/>\nCinsiyet: Kad\u0131n<br \/>\nAstar Detay: Astars\u0131z<br \/>\nDesen: D\u00fcz<br \/>\nKal\u0131p: Loose &amp; Bol<br \/>\nKol Boyu: Truvakar  Kol<br \/>\nKuma\u015f: M\u00fcslin<br \/>\nUzunluk: Midi<br \/>\nYaka: G\u00f6mlek Yaka<br \/>\nEk \u00d6zellik: Y\u0131rtma\u00e7l\u0131<br \/>\nV\u00fccut Tipi: B\u00fcy\u00fck Beden<\/p>\n","protected":false},"excerpt":{"rendered":"<p>LCWAIKIKI Classic Mavi Dokulu M\u00fcslin G\u00f6mlek Elbise size \u00f6zel indirim, taksit ve kap\u0131da \u00f6deme avantajlar\u0131yla LCW&#8217;de! Hemen online al\u0131\u015fveri\u015f yap, \u00fcr\u00fcn kap\u0131na gelsin! \u2013 W5FO25Z8-ZKA \u2014 Technical Details \u2014 Men\u015fei: Turk\u0131ye Sat\u0131c\u0131: LC Waikiki Marka: LCWAIKIKI Classic \u00dcr\u00fcn Tipi: G\u00f6mlek Elbise Cinsiyet: Kad\u0131n Astar Detay: Astars\u0131z Desen: D\u00fcz Kal\u0131p: Loose &amp; Bol Kol Boyu: Truvakar [&hellip;]<\/p>\n","protected":false},"featured_media":202918,"comment_status":"open","ping_status":"closed","template":"","meta":[],"product_brand":[],"product_cat":[1909],"product_tag":[7326,7563,7564,6744,7567,7562,7566,7565],"class_list":{"0":"post-202932","1":"product","2":"type-product","3":"status-publish","4":"has-post-thumbnail","6":"product_cat-bluzlar-ve-gomlekler","7":"product_tag-bol-kesim","8":"product_tag-buyuk-beden","9":"product_tag-gomlek-elbise","10":"product_tag-kadin-modasi","11":"product_tag-lcwaikiki","12":"product_tag-mavi-elbise","13":"product_tag-midi-boy","14":"product_tag-muslin-kumas","15":"pa_brand-lcwaikiki-classic","16":"pa_color-mavi","17":"pa_size-4701","18":"pa_size-4706","19":"pa_size-4711","20":"pa_size-4713","21":"pa_size-4751","22":"pa_size-4749","23":"pa_size-4747","25":"first","26":"instock","27":"shipping-taxable","28":"purchasable","29":"product-type-variable"},"_links":{"self":[{"href":"https:\/\/mod.wisdar.net\/tr\/wp-json\/wp\/v2\/product\/202932","targetHints":{"allow":["GET"]}}],"collection":[{"href":"https:\/\/mod.wisdar.net\/tr\/wp-json\/wp\/v2\/product"}],"about":[{"href":"https:\/\/mod.wisdar.net\/tr\/wp-json\/wp\/v2\/types\/product"}],"replies":[{"embeddable":true,"href":"https:\/\/mod.wisdar.net\/tr\/wp-json\/wp\/v2\/comments?post=202932"}],"wp:featuredmedia":[{"embeddable":true,"href":"https:\/\/mod.wisdar.net\/tr\/wp-json\/wp\/v2\/media\/202918"}],"wp:attachment":[{"href":"https:\/\/mod.wisdar.net\/tr\/wp-json\/wp\/v2\/media?parent=202932"}],"wp:term":[{"taxonomy":"product_brand","embeddable":true,"href":"https:\/\/mod.wisdar.net\/tr\/wp-json\/wp\/v2\/product_brand?post=202932"},{"taxonomy":"product_cat","embeddable":true,"href":"https:\/\/mod.wisdar.net\/tr\/wp-json\/wp\/v2\/product_cat?post=202932"},{"taxonomy":"product_tag","embeddable":true,"href":"https:\/\/mod.wisdar.net\/tr\/wp-json\/wp\/v2\/product_tag?post=202932"}],"curies":[{"name":"wp","href":"https:\/\/api.w.org\/{rel}","templated":true}]}}