{"id":202944,"date":"2026-04-03T14:15:40","date_gmt":"2026-04-03T14:15:40","guid":{"rendered":"https:\/\/modesthanim.com\/product\/pileli-uzun-tunik-kahverengi\/"},"modified":"2026-04-03T14:15:54","modified_gmt":"2026-04-03T14:15:54","slug":"pileli-uzun-tunik-kahverengi","status":"publish","type":"product","link":"https:\/\/mod.wisdar.net\/tr\/urun\/pileli-uzun-tunik-kahverengi\/","title":{"rendered":"Pileli Uzun Tunik Kahverengi"},"content":{"rendered":"<p>Pileli Uzun Tunik Kahverengi, 1899,00 TL Fiyat\u0131yla Minik Terzi de. \u015e\u0131k ve Sade tasar\u0131m, rahat kal\u0131p ve uygun fiyatlar ile \u015fimdi al\u0131\u015fveri\u015f yap\u0131n!<\/p>\n<p>\u2014 Technical Details \u2014<br \/>\nMarka: Minik Terzi<br \/>\nSezon: YAZ<br \/>\nCinsiyet: Kad\u0131n<br \/>\nMalzeme: Modal<br \/>\nKuma\u015f \u0130\u00e7eri\u011fi: %88 Modal %12 Pes<br \/>\nKal\u0131p: Bol Kal\u0131p<br \/>\nKol Boyu: Uzun Kollu<br \/>\nYaka Tipi: G\u00f6mlek Yaka<br \/>\nManken \u00d6l\u00e7\u00fcleri: 1,75<br \/>\nMankenin Giydi\u011fi Beden: S Beden<\/p>\n","protected":false},"excerpt":{"rendered":"<p>Pileli Uzun Tunik Kahverengi, 1899,00 TL Fiyat\u0131yla Minik Terzi de. \u015e\u0131k ve Sade tasar\u0131m, rahat kal\u0131p ve uygun fiyatlar ile \u015fimdi al\u0131\u015fveri\u015f yap\u0131n! \u2014 Technical Details \u2014 Marka: Minik Terzi Sezon: YAZ Cinsiyet: Kad\u0131n Malzeme: Modal Kuma\u015f \u0130\u00e7eri\u011fi: %88 Modal %12 Pes Kal\u0131p: Bol Kal\u0131p Kol Boyu: Uzun Kollu Yaka Tipi: G\u00f6mlek Yaka Manken \u00d6l\u00e7\u00fcleri: [&hellip;]<\/p>\n","protected":false},"featured_media":202919,"comment_status":"open","ping_status":"closed","template":"","meta":[],"product_brand":[],"product_cat":[2050],"product_tag":[5117,5115,5113,5112],"class_list":{"0":"post-202944","1":"product","2":"type-product","3":"status-publish","4":"has-post-thumbnail","6":"product_cat-blazer-ceketler","7":"product_tag-and-affordable-prices-now","8":"product_tag-comfortable-cut","9":"product_tag-experience-minik-terzi-quality-discover-stylish-design","10":"product_tag-pleated-long-tunic-brown","11":"pa_brand-minik-terzi","12":"pa_color-kahverengi","13":"pa_size-l","14":"pa_size-m","15":"pa_size-s","17":"first","18":"instock","19":"shipping-taxable","20":"purchasable","21":"product-type-variable"},"_links":{"self":[{"href":"https:\/\/mod.wisdar.net\/tr\/wp-json\/wp\/v2\/product\/202944","targetHints":{"allow":["GET"]}}],"collection":[{"href":"https:\/\/mod.wisdar.net\/tr\/wp-json\/wp\/v2\/product"}],"about":[{"href":"https:\/\/mod.wisdar.net\/tr\/wp-json\/wp\/v2\/types\/product"}],"replies":[{"embeddable":true,"href":"https:\/\/mod.wisdar.net\/tr\/wp-json\/wp\/v2\/comments?post=202944"}],"wp:featuredmedia":[{"embeddable":true,"href":"https:\/\/mod.wisdar.net\/tr\/wp-json\/wp\/v2\/media\/202919"}],"wp:attachment":[{"href":"https:\/\/mod.wisdar.net\/tr\/wp-json\/wp\/v2\/media?parent=202944"}],"wp:term":[{"taxonomy":"product_brand","embeddable":true,"href":"https:\/\/mod.wisdar.net\/tr\/wp-json\/wp\/v2\/product_brand?post=202944"},{"taxonomy":"product_cat","embeddable":true,"href":"https:\/\/mod.wisdar.net\/tr\/wp-json\/wp\/v2\/product_cat?post=202944"},{"taxonomy":"product_tag","embeddable":true,"href":"https:\/\/mod.wisdar.net\/tr\/wp-json\/wp\/v2\/product_tag?post=202944"}],"curies":[{"name":"wp","href":"https:\/\/api.w.org\/{rel}","templated":true}]}}