{"id":203024,"date":"2026-04-03T14:16:38","date_gmt":"2026-04-03T14:16:38","guid":{"rendered":"https:\/\/modesthanim.com\/product\/kusakli-sal-desenli-elbise-nane-yesili\/"},"modified":"2026-04-10T18:12:52","modified_gmt":"2026-04-10T18:12:52","slug":"kusakli-sal-desenli-elbise-nane-yesili","status":"publish","type":"product","link":"https:\/\/mod.wisdar.net\/tr\/urun\/kusakli-sal-desenli-elbise-nane-yesili\/","title":{"rendered":"Ku\u015fakl\u0131 \u015eal Desenli Elbise \u2013 Nane Ye\u015fili"},"content":{"rendered":"<p>\u015eal desenli bu \u00e7arp\u0131c\u0131 elbise, beldeki ku\u015fak detay\u0131 sayesinde \u015f\u0131k bir duru\u015f sunar.<\/p>\n<p>Kuma\u015f \u0130\u00e7eri\u011fi: %100 Viskon<br \/>\nDesen: \u015eal Deseni<br \/>\nYaka Tipi: Dik Yaka<br \/>\nKol Tipi: Uzun Kol<br \/>\nCepli: Cepsiz<br \/>\nAstar: Astarl\u0131<br \/>\n\u00dcr\u00fcn Uzunlu\u011fu: 140 cm<br \/>\nKal\u0131p: Normal Kal\u0131p<br \/>\nModelin Giydi\u011fi Beden: 38<br \/>\nModel \u00d6l\u00e7\u00fcleri: Boy: 177 cm, G\u00f6\u011f\u00fcs: 88 cm, Bel: 58 cm, Kal\u00e7a: 93 cm<\/p>\n<p>\u2014 Teknik Detaylar \u2014<br \/>\nDesen: \u015eal Deseni<br \/>\nYaka Tipi: Dik Yaka<br \/>\nKol Tipi: Uzun Kol<br \/>\nCepli: Cepsiz<br \/>\nAstar: Astarl\u0131<br \/>\n\u00dcr\u00fcn Uzunlu\u011fu: 140 cm<br \/>\nKal\u0131p: Normal Kal\u0131p<br \/>\nModelin Giydi\u011fi Beden: 38<br \/>\nModel \u00d6l\u00e7\u00fcleri: Boy: 177 cm, G\u00f6\u011f\u00fcs: 88 cm, Bel: 58 cm, Kal\u00e7a: 93 cm<\/p>\n","protected":false},"excerpt":{"rendered":"<p>\u015eal desenli bu \u00e7arp\u0131c\u0131 elbise, beldeki ku\u015fak detay\u0131 sayesinde \u015f\u0131k bir duru\u015f sunar. Kuma\u015f \u0130\u00e7eri\u011fi: %100 Viskon Desen: \u015eal Deseni Yaka Tipi: Dik Yaka Kol Tipi: Uzun Kol Cepli: Cepsiz Astar: Astarl\u0131 \u00dcr\u00fcn Uzunlu\u011fu: 140 cm Kal\u0131p: Normal Kal\u0131p Modelin Giydi\u011fi Beden: 38 Model \u00d6l\u00e7\u00fcleri: Boy: 177 cm, G\u00f6\u011f\u00fcs: 88 cm, Bel: 58 cm, Kal\u00e7a: [&hellip;]<\/p>\n","protected":false},"featured_media":203012,"comment_status":"open","ping_status":"closed","template":"","meta":[],"product_brand":[],"product_cat":[6249],"product_tag":[5012,7668,6768],"class_list":{"0":"post-203024","1":"product","2":"type-product","3":"status-publish","4":"has-post-thumbnail","6":"product_cat-elbiseler","7":"product_tag-elegant","8":"product_tag-kemerli","9":"product_tag-uzun-kol","10":"pa_brand-tugba","11":"pa_color-mint","12":"pa_size-4706","13":"pa_size-4711","14":"pa_size-4713","15":"pa_size-4751","16":"pa_size-4749","17":"pa_size-4747","19":"first","20":"instock","21":"sale","22":"shipping-taxable","23":"purchasable","24":"product-type-variable"},"_links":{"self":[{"href":"https:\/\/mod.wisdar.net\/tr\/wp-json\/wp\/v2\/product\/203024","targetHints":{"allow":["GET"]}}],"collection":[{"href":"https:\/\/mod.wisdar.net\/tr\/wp-json\/wp\/v2\/product"}],"about":[{"href":"https:\/\/mod.wisdar.net\/tr\/wp-json\/wp\/v2\/types\/product"}],"replies":[{"embeddable":true,"href":"https:\/\/mod.wisdar.net\/tr\/wp-json\/wp\/v2\/comments?post=203024"}],"wp:featuredmedia":[{"embeddable":true,"href":"https:\/\/mod.wisdar.net\/tr\/wp-json\/wp\/v2\/media\/203012"}],"wp:attachment":[{"href":"https:\/\/mod.wisdar.net\/tr\/wp-json\/wp\/v2\/media?parent=203024"}],"wp:term":[{"taxonomy":"product_brand","embeddable":true,"href":"https:\/\/mod.wisdar.net\/tr\/wp-json\/wp\/v2\/product_brand?post=203024"},{"taxonomy":"product_cat","embeddable":true,"href":"https:\/\/mod.wisdar.net\/tr\/wp-json\/wp\/v2\/product_cat?post=203024"},{"taxonomy":"product_tag","embeddable":true,"href":"https:\/\/mod.wisdar.net\/tr\/wp-json\/wp\/v2\/product_tag?post=203024"}],"curies":[{"name":"wp","href":"https:\/\/api.w.org\/{rel}","templated":true}]}}