{"id":203042,"date":"2026-04-03T14:16:50","date_gmt":"2026-04-03T14:16:50","guid":{"rendered":"https:\/\/modesthanim.com\/product\/kemerli-elbise-takimi-bordo\/"},"modified":"2026-04-03T18:12:45","modified_gmt":"2026-04-03T18:12:45","slug":"kemerli-elbise-takimi-bordo","status":"publish","type":"product","link":"https:\/\/mod.wisdar.net\/tr\/urun\/kemerli-elbise-takimi-bordo\/","title":{"rendered":"Kemerli Elbise Tak\u0131m\u0131 \u2013 Bordo"},"content":{"rendered":"<p>Yumu\u015fak dokulu \u00f6rg\u00fc bluzu ve sade uzun tuni\u011fi ile bu tak\u0131m, rahat \u015f\u0131kl\u0131\u011f\u0131n ideal yans\u0131mas\u0131n\u0131 sergiliyor. Uyumlu tasar\u0131m\u0131, \u00e7aba gerektirmeyen \u015f\u0131k bir g\u00f6r\u00fcn\u00fcm sunar. G\u00fcnl\u00fck giyimde hem rahat hem de \u015f\u0131k olmak isteyenler i\u00e7in m\u00fckemmeldir.<\/p>\n<p>DI\u015e \u00dcST<br \/>\nKuma\u015f \u0130\u00e7eri\u011fi: %100 Polyester<br \/>\nDesen: D\u00fcz<br \/>\nKol Tipi: Uzun Kol<br \/>\nCep: Cep Yok<br \/>\nAstar: Astar Yok<br \/>\n\u00dcr\u00fcn Uzunlu\u011fu: 140 cm<br \/>\nKal\u0131p: Rahat Kal\u0131p<\/p>\n<p>\u0130\u00c7 \u00dcST<br \/>\nKuma\u015f \u0130\u00e7eri\u011fi: %100 Polyester<br \/>\nDesen: D\u00fcz<br \/>\nYaka Tipi: Yaka Yok<br \/>\nKol Tipi: Kolsuz<br \/>\nCep: Cep Yok<br \/>\nAstar: Astar Yok<br \/>\n\u00dcr\u00fcn Uzunlu\u011fu: 140 cm<br \/>\nKal\u0131p: Rahat Kal\u0131p<br \/>\nModelin Giydi\u011fi Beden: 38<br \/>\nModel \u00d6l\u00e7\u00fcleri: Boy: 175 cm, G\u00f6\u011f\u00fcs: 80 cm, Bel: 62 cm, Kal\u00e7a: 89 cm<\/p>\n","protected":false},"excerpt":{"rendered":"<p>Yumu\u015fak dokulu \u00f6rg\u00fc bluzu ve sade uzun tuni\u011fi ile bu tak\u0131m, rahat \u015f\u0131kl\u0131\u011f\u0131n ideal yans\u0131mas\u0131n\u0131 sergiliyor. Uyumlu tasar\u0131m\u0131, \u00e7aba gerektirmeyen \u015f\u0131k bir g\u00f6r\u00fcn\u00fcm sunar. G\u00fcnl\u00fck giyimde hem rahat hem de \u015f\u0131k olmak isteyenler i\u00e7in m\u00fckemmeldir. DI\u015e \u00dcST Kuma\u015f \u0130\u00e7eri\u011fi: %100 Polyester Desen: D\u00fcz Kol Tipi: Uzun Kol Cep: Cep Yok Astar: Astar Yok \u00dcr\u00fcn Uzunlu\u011fu: [&hellip;]<\/p>\n","protected":false},"featured_media":203023,"comment_status":"open","ping_status":"closed","template":"","meta":[],"product_brand":[],"product_cat":[1900],"product_tag":[7150,5012,6751,8107],"class_list":{"0":"post-203042","1":"product","2":"type-product","3":"status-publish","4":"has-post-thumbnail","6":"product_cat-koordinatlar-setler","7":"product_tag-bordo","8":"product_tag-elegant","9":"product_tag-rahat","10":"product_tag-sik","11":"pa_brand-tugba","12":"pa_color-bordo","13":"pa_size-4706","14":"pa_size-4711","15":"pa_size-4713","16":"pa_size-4751","17":"pa_size-4749","18":"pa_size-4747","20":"first","21":"instock","22":"sale","23":"shipping-taxable","24":"purchasable","25":"product-type-variable"},"_links":{"self":[{"href":"https:\/\/mod.wisdar.net\/tr\/wp-json\/wp\/v2\/product\/203042","targetHints":{"allow":["GET"]}}],"collection":[{"href":"https:\/\/mod.wisdar.net\/tr\/wp-json\/wp\/v2\/product"}],"about":[{"href":"https:\/\/mod.wisdar.net\/tr\/wp-json\/wp\/v2\/types\/product"}],"replies":[{"embeddable":true,"href":"https:\/\/mod.wisdar.net\/tr\/wp-json\/wp\/v2\/comments?post=203042"}],"wp:featuredmedia":[{"embeddable":true,"href":"https:\/\/mod.wisdar.net\/tr\/wp-json\/wp\/v2\/media\/203023"}],"wp:attachment":[{"href":"https:\/\/mod.wisdar.net\/tr\/wp-json\/wp\/v2\/media?parent=203042"}],"wp:term":[{"taxonomy":"product_brand","embeddable":true,"href":"https:\/\/mod.wisdar.net\/tr\/wp-json\/wp\/v2\/product_brand?post=203042"},{"taxonomy":"product_cat","embeddable":true,"href":"https:\/\/mod.wisdar.net\/tr\/wp-json\/wp\/v2\/product_cat?post=203042"},{"taxonomy":"product_tag","embeddable":true,"href":"https:\/\/mod.wisdar.net\/tr\/wp-json\/wp\/v2\/product_tag?post=203042"}],"curies":[{"name":"wp","href":"https:\/\/api.w.org\/{rel}","templated":true}]}}