{"id":203135,"date":"2026-04-03T14:18:37","date_gmt":"2026-04-03T14:18:37","guid":{"rendered":"https:\/\/modesthanim.com\/product\/siyah-kapusonlu-kadin-kalin-fermuarli-sweatshirt\/"},"modified":"2026-04-03T14:18:46","modified_gmt":"2026-04-03T14:18:46","slug":"siyah-kapusonlu-kadin-kalin-fermuarli-sweatshirt","status":"publish","type":"product","link":"https:\/\/mod.wisdar.net\/tr\/urun\/siyah-kapusonlu-kadin-kalin-fermuarli-sweatshirt\/","title":{"rendered":"Siyah Kap\u00fc\u015fonlu Kad\u0131n Kal\u0131n Fermuarl\u0131 Sweatshirt"},"content":{"rendered":"<p>Kap\u00fc\u015fonlu kad\u0131n fermuarl\u0131 sweatshirt, 3 iplik \u015fardonlu kuma\u015ftan \u00fcretilmi\u015ftir. Fermuar kapamal\u0131 ve iki yandan cepli tasar\u0131ma sahiptir.<\/p>\n<p>\u2014 Technical Details \u2014<br \/>\nMen\u015fei: Turk\u0131ye<br \/>\nSat\u0131c\u0131: LC Waikiki<br \/>\nMarka: XSIDE<br \/>\n\u00dcr\u00fcn Tipi: Fermuarl\u0131 Sweatshirt<br \/>\nCinsiyet: Kad\u0131n<br \/>\nKal\u0131p: Oversize<br \/>\nKuma\u015f: 3 \u0130plik \u015eardonlu<br \/>\nDesen: D\u00fcz<br \/>\nYaka: Kap\u00fc\u015fonlu<br \/>\nKal\u0131nl\u0131k: Kal\u0131n<br \/>\nKol Boyu: Uzun Kollu<br \/>\nEk \u00d6zellik: Fermuarl\u0131<\/p>\n","protected":false},"excerpt":{"rendered":"<p>Kap\u00fc\u015fonlu kad\u0131n fermuarl\u0131 sweatshirt, 3 iplik \u015fardonlu kuma\u015ftan \u00fcretilmi\u015ftir. Fermuar kapamal\u0131 ve iki yandan cepli tasar\u0131ma sahiptir. \u2014 Technical Details \u2014 Men\u015fei: Turk\u0131ye Sat\u0131c\u0131: LC Waikiki Marka: XSIDE \u00dcr\u00fcn Tipi: Fermuarl\u0131 Sweatshirt Cinsiyet: Kad\u0131n Kal\u0131p: Oversize Kuma\u015f: 3 \u0130plik \u015eardonlu Desen: D\u00fcz Yaka: Kap\u00fc\u015fonlu Kal\u0131nl\u0131k: Kal\u0131n Kol Boyu: Uzun Kollu Ek \u00d6zellik: Fermuarl\u0131<\/p>\n","protected":false},"featured_media":203129,"comment_status":"open","ping_status":"closed","template":"","meta":[],"product_brand":[],"product_cat":[1927],"product_tag":[7418,7419,6744,7766,7758,7327,7422],"class_list":{"0":"post-203135","1":"product","2":"type-product","3":"status-publish","4":"has-post-thumbnail","6":"product_cat-hoodies-sweatshirtler","7":"product_tag-fermuar","8":"product_tag-gunluk","9":"product_tag-kadin-modasi","10":"product_tag-kapusonlu-sweatshirt-2","11":"product_tag-kis-giyim","12":"product_tag-oversize","13":"product_tag-sweatshirt","14":"pa_brand-xside","15":"pa_color-siyah","16":"pa_size-m-l-2","17":"pa_size-xs-s","19":"first","20":"instock","21":"shipping-taxable","22":"purchasable","23":"product-type-variable"},"_links":{"self":[{"href":"https:\/\/mod.wisdar.net\/tr\/wp-json\/wp\/v2\/product\/203135","targetHints":{"allow":["GET"]}}],"collection":[{"href":"https:\/\/mod.wisdar.net\/tr\/wp-json\/wp\/v2\/product"}],"about":[{"href":"https:\/\/mod.wisdar.net\/tr\/wp-json\/wp\/v2\/types\/product"}],"replies":[{"embeddable":true,"href":"https:\/\/mod.wisdar.net\/tr\/wp-json\/wp\/v2\/comments?post=203135"}],"wp:featuredmedia":[{"embeddable":true,"href":"https:\/\/mod.wisdar.net\/tr\/wp-json\/wp\/v2\/media\/203129"}],"wp:attachment":[{"href":"https:\/\/mod.wisdar.net\/tr\/wp-json\/wp\/v2\/media?parent=203135"}],"wp:term":[{"taxonomy":"product_brand","embeddable":true,"href":"https:\/\/mod.wisdar.net\/tr\/wp-json\/wp\/v2\/product_brand?post=203135"},{"taxonomy":"product_cat","embeddable":true,"href":"https:\/\/mod.wisdar.net\/tr\/wp-json\/wp\/v2\/product_cat?post=203135"},{"taxonomy":"product_tag","embeddable":true,"href":"https:\/\/mod.wisdar.net\/tr\/wp-json\/wp\/v2\/product_tag?post=203135"}],"curies":[{"name":"wp","href":"https:\/\/api.w.org\/{rel}","templated":true}]}}