{"id":203213,"date":"2026-04-03T14:19:16","date_gmt":"2026-04-03T14:19:16","guid":{"rendered":"https:\/\/modesthanim.com\/product\/bel-lastikli-pliseli-elbise-sari\/"},"modified":"2026-04-03T18:44:28","modified_gmt":"2026-04-03T18:44:28","slug":"bel-lastikli-pliseli-elbise-sari","status":"publish","type":"product","link":"https:\/\/mod.wisdar.net\/tr\/urun\/bel-lastikli-pliseli-elbise-sari\/","title":{"rendered":"Bel Lastikli Pliseli Elbise \u2013 Sar\u0131"},"content":{"rendered":"<p>Zarif pliseler ve konforlu lastik detay\u0131 ile \u00f6ne \u00e7\u0131kan bu bel lastikli pliseli elbise, hareketli tasar\u0131m\u0131 ve rahat kesimi ile her ortamda \u015f\u0131kl\u0131\u011f\u0131n\u0131z\u0131 tamamlar. Teknik Detaylar: Desen: Puantiye. Yaka Tipi: S\u0131f\u0131r Yaka. Kol Tipi: Reglan Kol. Cep: Cepsiz. Astar: Astarl\u0131. \u00dcr\u00fcn Boyu: 137 cm. Kal\u0131p Tipi: Normal Kal\u0131p. Mankenin Giydi\u011fi Beden: 36. Manken \u00d6l\u00e7\u00fcleri: Boy: 175 cm, G\u00f6\u011f\u00fcs: 82 cm, Bel: 60 cm, Basen: 90 cm. Beden \u00d6l\u00e7\u00fc Tablosu mevcuttur.<\/p>\n","protected":false},"excerpt":{"rendered":"<p>Zarif pliseler ve konforlu lastik detay\u0131 ile \u00f6ne \u00e7\u0131kan bu bel lastikli pliseli elbise, hareketli tasar\u0131m\u0131 ve rahat kesimi ile her ortamda \u015f\u0131kl\u0131\u011f\u0131n\u0131z\u0131 tamamlar. Teknik Detaylar: Desen: Puantiye. Yaka Tipi: S\u0131f\u0131r Yaka. Kol Tipi: Reglan Kol. Cep: Cepsiz. Astar: Astarl\u0131. \u00dcr\u00fcn Boyu: 137 cm. Kal\u0131p Tipi: Normal Kal\u0131p. Mankenin Giydi\u011fi Beden: 36. Manken \u00d6l\u00e7\u00fcleri: Boy: [&hellip;]<\/p>\n","protected":false},"featured_media":203194,"comment_status":"open","ping_status":"closed","template":"","meta":[],"product_brand":[],"product_cat":[6249],"product_tag":[],"class_list":{"0":"post-203213","1":"product","2":"type-product","3":"status-publish","4":"has-post-thumbnail","6":"product_cat-elbiseler","7":"pa_brand-tugba","8":"pa_color-sari","9":"pa_size-4701","10":"pa_size-4706","11":"pa_size-4711","12":"pa_size-4713","14":"first","15":"instock","16":"sale","17":"shipping-taxable","18":"purchasable","19":"product-type-variable"},"_links":{"self":[{"href":"https:\/\/mod.wisdar.net\/tr\/wp-json\/wp\/v2\/product\/203213","targetHints":{"allow":["GET"]}}],"collection":[{"href":"https:\/\/mod.wisdar.net\/tr\/wp-json\/wp\/v2\/product"}],"about":[{"href":"https:\/\/mod.wisdar.net\/tr\/wp-json\/wp\/v2\/types\/product"}],"replies":[{"embeddable":true,"href":"https:\/\/mod.wisdar.net\/tr\/wp-json\/wp\/v2\/comments?post=203213"}],"wp:featuredmedia":[{"embeddable":true,"href":"https:\/\/mod.wisdar.net\/tr\/wp-json\/wp\/v2\/media\/203194"}],"wp:attachment":[{"href":"https:\/\/mod.wisdar.net\/tr\/wp-json\/wp\/v2\/media?parent=203213"}],"wp:term":[{"taxonomy":"product_brand","embeddable":true,"href":"https:\/\/mod.wisdar.net\/tr\/wp-json\/wp\/v2\/product_brand?post=203213"},{"taxonomy":"product_cat","embeddable":true,"href":"https:\/\/mod.wisdar.net\/tr\/wp-json\/wp\/v2\/product_cat?post=203213"},{"taxonomy":"product_tag","embeddable":true,"href":"https:\/\/mod.wisdar.net\/tr\/wp-json\/wp\/v2\/product_tag?post=203213"}],"curies":[{"name":"wp","href":"https:\/\/api.w.org\/{rel}","templated":true}]}}