{"id":203239,"date":"2026-04-03T14:19:56","date_gmt":"2026-04-03T14:19:56","guid":{"rendered":"https:\/\/modesthanim.com\/product\/lacivert-dugmeli-yuvarlak-yaka-orgu-hirka-2\/"},"modified":"2026-04-05T21:51:34","modified_gmt":"2026-04-05T21:51:34","slug":"lacivert-dugmeli-yuvarlak-yaka-orgu-hirka-2","status":"publish","type":"product","link":"https:\/\/mod.wisdar.net\/tr\/urun\/lacivert-dugmeli-yuvarlak-yaka-orgu-hirka-2\/","title":{"rendered":"Lacivert D\u00fc\u011fmeli Yuvarlak Yaka \u00d6rg\u00fc H\u0131rka"},"content":{"rendered":"<p>\u00dcR\u00dcN A\u00c7IKLAMASI Lacivert D\u00fc\u011fmeli Yuvarlak Yaka \u00d6rg\u00fc H\u0131rka, basit tasar\u0131m\u0131 ve \u015f\u0131k detaylar\u0131 ile g\u00fcnl\u00fck stilinize \u015f\u0131k bir katk\u0131 sa\u011flar. Yumu\u015fak \u00f6rg\u00fc kuma\u015f\u0131 t\u00fcm g\u00fcn konfor sunarken, yuvarlak yaka kesimi klasik ve zamans\u0131z bir g\u00f6r\u00fcn\u00fcm yarat\u0131r. \u00d6n taraftaki d\u00fc\u011fme kapatma, a\u00e7\u0131k veya kapal\u0131 olarak \u00e7e\u015fitli \u015fekillerde giyilmesine olanak tan\u0131r. Gard\u0131robunuzdaki temel par\u00e7alardan biridir, ge\u00e7i\u015f mevsimlerinde kat kat giymek veya tek ba\u015f\u0131na giymek i\u00e7in m\u00fckemmeldir. \u00dcR\u00dcN \u00d6ZELL\u0130KLER\u0130 \u00dcr\u00fcn Tipi: \u00d6rg\u00fc h\u0131rka Yaka: Yuvarlak yaka Kapatma: D\u00fc\u011fme kapatma Kol ve Etek: Kabartmal\u0131 \u00f6rg\u00fc BAKIM VE \u0130\u00c7ER\u0130K %52 Viskoz, %28 PES, %20 POLIAKRIL. D\u00fc\u015f\u00fck s\u0131cakl\u0131kta makinede y\u0131kanabilir. D\u00fc\u015f\u00fck \u0131s\u0131da tersinden \u00fct\u00fcleyin, d\u00fcz kurutun. \u00d6l\u00e7\u00fcler 2-3 cm de\u011fi\u015febilir. Model \u00d6l\u00e7\u00fcleri: Boy 177cm, G\u00f6\u011f\u00fcs 69cm, Kal\u00e7a 89cm. Modelin giydi\u011fi \u00fcr\u00fcn 36 bedendir.<\/p>\n","protected":false},"excerpt":{"rendered":"<p>\u00dcR\u00dcN A\u00c7IKLAMASI Lacivert D\u00fc\u011fmeli Yuvarlak Yaka \u00d6rg\u00fc H\u0131rka, basit tasar\u0131m\u0131 ve \u015f\u0131k detaylar\u0131 ile g\u00fcnl\u00fck stilinize \u015f\u0131k bir katk\u0131 sa\u011flar. Yumu\u015fak \u00f6rg\u00fc kuma\u015f\u0131 t\u00fcm g\u00fcn konfor sunarken, yuvarlak yaka kesimi klasik ve zamans\u0131z bir g\u00f6r\u00fcn\u00fcm yarat\u0131r. \u00d6n taraftaki d\u00fc\u011fme kapatma, a\u00e7\u0131k veya kapal\u0131 olarak \u00e7e\u015fitli \u015fekillerde giyilmesine olanak tan\u0131r. Gard\u0131robunuzdaki temel par\u00e7alardan biridir, ge\u00e7i\u015f mevsimlerinde [&hellip;]<\/p>\n","protected":false},"featured_media":203234,"comment_status":"open","ping_status":"closed","template":"","meta":[],"product_brand":[],"product_cat":[1909],"product_tag":[6936,5012,7308,8282],"class_list":{"0":"post-203239","1":"product","2":"type-product","3":"status-publish","4":"has-post-thumbnail","6":"product_cat-bluzlar-ve-gomlekler","7":"product_tag-cok-yonlu","8":"product_tag-elegant","9":"product_tag-hirka","10":"product_tag-lacivert-2","11":"pa_brand-kadriye-basturk","12":"pa_color-lacivert","13":"pa_size-4701","14":"pa_size-4706","15":"pa_size-4711","16":"pa_size-4713","18":"first","19":"outofstock","20":"shipping-taxable","21":"product-type-variable"},"_links":{"self":[{"href":"https:\/\/mod.wisdar.net\/tr\/wp-json\/wp\/v2\/product\/203239","targetHints":{"allow":["GET"]}}],"collection":[{"href":"https:\/\/mod.wisdar.net\/tr\/wp-json\/wp\/v2\/product"}],"about":[{"href":"https:\/\/mod.wisdar.net\/tr\/wp-json\/wp\/v2\/types\/product"}],"replies":[{"embeddable":true,"href":"https:\/\/mod.wisdar.net\/tr\/wp-json\/wp\/v2\/comments?post=203239"}],"wp:featuredmedia":[{"embeddable":true,"href":"https:\/\/mod.wisdar.net\/tr\/wp-json\/wp\/v2\/media\/203234"}],"wp:attachment":[{"href":"https:\/\/mod.wisdar.net\/tr\/wp-json\/wp\/v2\/media?parent=203239"}],"wp:term":[{"taxonomy":"product_brand","embeddable":true,"href":"https:\/\/mod.wisdar.net\/tr\/wp-json\/wp\/v2\/product_brand?post=203239"},{"taxonomy":"product_cat","embeddable":true,"href":"https:\/\/mod.wisdar.net\/tr\/wp-json\/wp\/v2\/product_cat?post=203239"},{"taxonomy":"product_tag","embeddable":true,"href":"https:\/\/mod.wisdar.net\/tr\/wp-json\/wp\/v2\/product_tag?post=203239"}],"curies":[{"name":"wp","href":"https:\/\/api.w.org\/{rel}","templated":true}]}}