{"id":203301,"date":"2026-04-03T14:20:40","date_gmt":"2026-04-03T14:20:40","guid":{"rendered":"https:\/\/modesthanim.com\/product\/polo-tisort-erkek-cocuk-2\/"},"modified":"2026-04-03T14:20:54","modified_gmt":"2026-04-03T14:20:54","slug":"polo-tisort-erkek-cocuk-2","status":"publish","type":"product","link":"https:\/\/mod.wisdar.net\/tr\/urun\/polo-tisort-erkek-cocuk-2\/","title":{"rendered":"Polo Ti\u015f\u00f6rt Erkek \u00c7ocuk"},"content":{"rendered":"<p>Polo ti\u015f\u00f6rt, klasik ve \u015f\u0131k tasar\u0131m\u0131yla erkek \u00e7ocuklar\u0131n g\u00fcnl\u00fck stiline zamans\u0131z bir dokunu\u015f katar. Rahat kesimi sayesinde g\u00fcn boyu konforlu bir kullan\u0131m sunar.<\/p>\n<p>\u2014 Technical Details \u2014<br \/>\nModelin \u00d6l\u00e7\u00fcleri: 8\/9 Ya\u015f (134cm) Beden \u2013 1,37cm<br \/>\nAna Kuma\u015f \u0130\u00e7eri\u011fi: Pamuk 96%,Elastan 4%<br \/>\nMarka: Defacto<br \/>\nMen\u015fei: TR<br \/>\n\u00dcr\u00fcn Grubu: Erkek \u00c7ocuk \u2013 Gen\u00e7 Erkek Ti\u015f\u00f6rt<br \/>\nRenk: Beyaz<br \/>\nKal\u0131p: New Regular F\u0131t<br \/>\nCinsiyet: Erkek \u00c7ocuk<br \/>\n\u00dcr\u00fcn Tipi: K\u0131sa Kollu Polo Ti\u015f\u00f6rt<br \/>\nKol Boyu: K\u0131sa Kollu<br \/>\nYaka: Polo Yaka<\/p>\n","protected":false},"excerpt":{"rendered":"<p>Polo ti\u015f\u00f6rt, klasik ve \u015f\u0131k tasar\u0131m\u0131yla erkek \u00e7ocuklar\u0131n g\u00fcnl\u00fck stiline zamans\u0131z bir dokunu\u015f katar. Rahat kesimi sayesinde g\u00fcn boyu konforlu bir kullan\u0131m sunar. \u2014 Technical Details \u2014 Modelin \u00d6l\u00e7\u00fcleri: 8\/9 Ya\u015f (134cm) Beden \u2013 1,37cm Ana Kuma\u015f \u0130\u00e7eri\u011fi: Pamuk 96%,Elastan 4% Marka: Defacto Men\u015fei: TR \u00dcr\u00fcn Grubu: Erkek \u00c7ocuk \u2013 Gen\u00e7 Erkek Ti\u015f\u00f6rt Renk: Beyaz [&hellip;]<\/p>\n","protected":false},"featured_media":203294,"comment_status":"open","ping_status":"closed","template":"","meta":[],"product_brand":[],"product_cat":[8739,8694,8742],"product_tag":[7426],"class_list":{"0":"post-203301","1":"product","2":"type-product","3":"status-publish","4":"has-post-thumbnail","6":"product_cat-erkek-cocuklar-2-14-yas","7":"product_cat-cocuklar","8":"product_cat-tisortler-gomlekler","9":"product_tag-gunluk-giyim-3","10":"pa_brand-defacto","11":"pa_color-beyaz","12":"pa_size-11-12-yas-152cm","13":"pa_size-13-14-yas-164cm","14":"pa_size-5-6-yas-116cm","15":"pa_size-7-8-yas-128cm","16":"pa_size-8-9-yas-134cm","17":"pa_size-9-10-yas-140cm","19":"first","20":"outofstock","21":"shipping-taxable","22":"product-type-variable"},"_links":{"self":[{"href":"https:\/\/mod.wisdar.net\/tr\/wp-json\/wp\/v2\/product\/203301","targetHints":{"allow":["GET"]}}],"collection":[{"href":"https:\/\/mod.wisdar.net\/tr\/wp-json\/wp\/v2\/product"}],"about":[{"href":"https:\/\/mod.wisdar.net\/tr\/wp-json\/wp\/v2\/types\/product"}],"replies":[{"embeddable":true,"href":"https:\/\/mod.wisdar.net\/tr\/wp-json\/wp\/v2\/comments?post=203301"}],"wp:featuredmedia":[{"embeddable":true,"href":"https:\/\/mod.wisdar.net\/tr\/wp-json\/wp\/v2\/media\/203294"}],"wp:attachment":[{"href":"https:\/\/mod.wisdar.net\/tr\/wp-json\/wp\/v2\/media?parent=203301"}],"wp:term":[{"taxonomy":"product_brand","embeddable":true,"href":"https:\/\/mod.wisdar.net\/tr\/wp-json\/wp\/v2\/product_brand?post=203301"},{"taxonomy":"product_cat","embeddable":true,"href":"https:\/\/mod.wisdar.net\/tr\/wp-json\/wp\/v2\/product_cat?post=203301"},{"taxonomy":"product_tag","embeddable":true,"href":"https:\/\/mod.wisdar.net\/tr\/wp-json\/wp\/v2\/product_tag?post=203301"}],"curies":[{"name":"wp","href":"https:\/\/api.w.org\/{rel}","templated":true}]}}