{"id":203319,"date":"2026-04-03T14:21:04","date_gmt":"2026-04-03T14:21:04","guid":{"rendered":"https:\/\/modesthanim.com\/product\/dinozor-baskili-penye-2li-kisa-kollu-tulum-kiz-bebek-yenidogan-2\/"},"modified":"2026-04-03T14:21:16","modified_gmt":"2026-04-03T14:21:16","slug":"dinozor-baskili-penye-2li-kisa-kollu-tulum-kiz-bebek-yenidogan-2","status":"publish","type":"product","link":"https:\/\/mod.wisdar.net\/tr\/urun\/dinozor-baskili-penye-2li-kisa-kollu-tulum-kiz-bebek-yenidogan-2\/","title":{"rendered":"Dinozor Bask\u0131l\u0131 Penye 2&#8217;li K\u0131sa Kollu Tulum K\u0131z Bebek Yenido\u011fan"},"content":{"rendered":"<p>Sevimli dinazor bask\u0131lar\u0131yla s\u00fcslenmi\u015f, yumu\u015fac\u0131k penye kuma\u015ftan \u00fcretilmi\u015f bu 2&#8217;li k\u0131sa kollu tulum seti, yenido\u011fan bebekler i\u00e7in hem konforlu hem de e\u011flenceli bir se\u00e7enek. G\u00fcnl\u00fck kullan\u0131m i\u00e7in ideal tasar\u0131m\u0131yla miniklere \u00f6zg\u00fcrce hareket etme imk\u00e2n\u0131 sunar.<\/p>\n","protected":false},"excerpt":{"rendered":"<p>Sevimli dinazor bask\u0131lar\u0131yla s\u00fcslenmi\u015f, yumu\u015fac\u0131k penye kuma\u015ftan \u00fcretilmi\u015f bu 2&#8217;li k\u0131sa kollu tulum seti, yenido\u011fan bebekler i\u00e7in hem konforlu hem de e\u011flenceli bir se\u00e7enek. G\u00fcnl\u00fck kullan\u0131m i\u00e7in ideal tasar\u0131m\u0131yla miniklere \u00f6zg\u00fcrce hareket etme imk\u00e2n\u0131 sunar.<\/p>\n","protected":false},"featured_media":203315,"comment_status":"open","ping_status":"closed","template":"","meta":[],"product_brand":[],"product_cat":[8694,8706,8697],"product_tag":[7743],"class_list":{"0":"post-203319","1":"product","2":"type-product","3":"status-publish","4":"has-post-thumbnail","6":"product_cat-cocuklar","7":"product_cat-tulum","8":"product_cat-yenidogan-0-12-ay","9":"product_tag-jarse-kumas","10":"pa_brand-defacto","11":"pa_color-koyu-pembe","12":"pa_size-1-3-ay-62cm","13":"pa_size-12-18-ay-86cm","14":"pa_size-18-24-ay-92cm","15":"pa_size-24-36-ay-98-cm","16":"pa_size-3-6-ay-68cm","17":"pa_size-6-9-ay-74cm","18":"pa_size-9-12-ay-80cm","20":"first","21":"outofstock","22":"shipping-taxable","23":"product-type-variable"},"_links":{"self":[{"href":"https:\/\/mod.wisdar.net\/tr\/wp-json\/wp\/v2\/product\/203319","targetHints":{"allow":["GET"]}}],"collection":[{"href":"https:\/\/mod.wisdar.net\/tr\/wp-json\/wp\/v2\/product"}],"about":[{"href":"https:\/\/mod.wisdar.net\/tr\/wp-json\/wp\/v2\/types\/product"}],"replies":[{"embeddable":true,"href":"https:\/\/mod.wisdar.net\/tr\/wp-json\/wp\/v2\/comments?post=203319"}],"wp:featuredmedia":[{"embeddable":true,"href":"https:\/\/mod.wisdar.net\/tr\/wp-json\/wp\/v2\/media\/203315"}],"wp:attachment":[{"href":"https:\/\/mod.wisdar.net\/tr\/wp-json\/wp\/v2\/media?parent=203319"}],"wp:term":[{"taxonomy":"product_brand","embeddable":true,"href":"https:\/\/mod.wisdar.net\/tr\/wp-json\/wp\/v2\/product_brand?post=203319"},{"taxonomy":"product_cat","embeddable":true,"href":"https:\/\/mod.wisdar.net\/tr\/wp-json\/wp\/v2\/product_cat?post=203319"},{"taxonomy":"product_tag","embeddable":true,"href":"https:\/\/mod.wisdar.net\/tr\/wp-json\/wp\/v2\/product_tag?post=203319"}],"curies":[{"name":"wp","href":"https:\/\/api.w.org\/{rel}","templated":true}]}}