{"id":203359,"date":"2026-04-03T14:21:47","date_gmt":"2026-04-03T14:21:47","guid":{"rendered":"https:\/\/modesthanim.com\/product\/mavi-ince-kemerli-gomlek-tunik\/"},"modified":"2026-04-03T14:21:58","modified_gmt":"2026-04-03T14:21:58","slug":"mavi-ince-kemerli-gomlek-tunik","status":"publish","type":"product","link":"https:\/\/mod.wisdar.net\/tr\/urun\/mavi-ince-kemerli-gomlek-tunik\/","title":{"rendered":"Mavi \u0130nce Kemerli G\u00f6mlek Tunik"},"content":{"rendered":"<p>Mavi \u0130nce Kemerli G\u00f6mlek ile modern ve rahat bir stil yakalay\u0131n, ALLDAY G\u00f6mlek koleksiyonunun dikkat \u00e7eken par\u00e7as\u0131. K\u0131yafetinizi tamamlamak i\u00e7in koleksiyondaki di\u011fer modelleri ke\u015ffedin. \u015eimdi ke\u015ffet!<\/p>\n<p>\u2014 Teknik Detaylar \u2014<br \/>\nSezon: 25-Yaz Rpt<br \/>\nCep Detay\u0131: Cepsiz<br \/>\nYaka: G\u00f6mlek<br \/>\nKol Deseni: D\u00fc\u015f\u00fck<br \/>\nBoyut \/ Uzunluk: 80 CM<br \/>\nTasar\u0131m D\u00f6nemi: 25-Yaz<br \/>\nKal\u0131p: OVERSIZE<br \/>\nBel: Kemerli<br \/>\nDesen: D\u00fcz<br \/>\nTema: 2.D\u00dcZ<br \/>\n\u00c7izgi: GEN\u00c7<br \/>\n\u00dcr\u00fcn Lig: A Kalite<br \/>\nSat\u0131\u015f Sezonu: Yaz<br \/>\nY\u0131kama Talimatlar\u0131: 30\u00b0&#8217;ye kadar y\u0131kanabilir<br \/>\nMalzeme T\u00fcr\u00fc: Dokuma<\/p>\n","protected":false},"excerpt":{"rendered":"<p>Mavi \u0130nce Kemerli G\u00f6mlek ile modern ve rahat bir stil yakalay\u0131n, ALLDAY G\u00f6mlek koleksiyonunun dikkat \u00e7eken par\u00e7as\u0131. K\u0131yafetinizi tamamlamak i\u00e7in koleksiyondaki di\u011fer modelleri ke\u015ffedin. \u015eimdi ke\u015ffet! \u2014 Teknik Detaylar \u2014 Sezon: 25-Yaz Rpt Cep Detay\u0131: Cepsiz Yaka: G\u00f6mlek Kol Deseni: D\u00fc\u015f\u00fck Boyut \/ Uzunluk: 80 CM Tasar\u0131m D\u00f6nemi: 25-Yaz Kal\u0131p: OVERSIZE Bel: Kemerli Desen: D\u00fcz [&hellip;]<\/p>\n","protected":false},"featured_media":203352,"comment_status":"open","ping_status":"closed","template":"","meta":[],"product_brand":[],"product_cat":[2050],"product_tag":[4861,4905,7668],"class_list":{"0":"post-203359","1":"product","2":"type-product","3":"status-publish","4":"has-post-thumbnail","6":"product_cat-blazer-ceketler","7":"product_tag-allday","8":"product_tag-blue","9":"product_tag-kemerli","10":"pa_brand-allday","11":"pa_color-mavi","12":"pa_size-l","13":"pa_size-m","14":"pa_size-s","16":"first","17":"instock","18":"sale","19":"shipping-taxable","20":"purchasable","21":"product-type-variable"},"_links":{"self":[{"href":"https:\/\/mod.wisdar.net\/tr\/wp-json\/wp\/v2\/product\/203359","targetHints":{"allow":["GET"]}}],"collection":[{"href":"https:\/\/mod.wisdar.net\/tr\/wp-json\/wp\/v2\/product"}],"about":[{"href":"https:\/\/mod.wisdar.net\/tr\/wp-json\/wp\/v2\/types\/product"}],"replies":[{"embeddable":true,"href":"https:\/\/mod.wisdar.net\/tr\/wp-json\/wp\/v2\/comments?post=203359"}],"wp:featuredmedia":[{"embeddable":true,"href":"https:\/\/mod.wisdar.net\/tr\/wp-json\/wp\/v2\/media\/203352"}],"wp:attachment":[{"href":"https:\/\/mod.wisdar.net\/tr\/wp-json\/wp\/v2\/media?parent=203359"}],"wp:term":[{"taxonomy":"product_brand","embeddable":true,"href":"https:\/\/mod.wisdar.net\/tr\/wp-json\/wp\/v2\/product_brand?post=203359"},{"taxonomy":"product_cat","embeddable":true,"href":"https:\/\/mod.wisdar.net\/tr\/wp-json\/wp\/v2\/product_cat?post=203359"},{"taxonomy":"product_tag","embeddable":true,"href":"https:\/\/mod.wisdar.net\/tr\/wp-json\/wp\/v2\/product_tag?post=203359"}],"curies":[{"name":"wp","href":"https:\/\/api.w.org\/{rel}","templated":true}]}}