{"id":203407,"date":"2026-04-03T14:22:29","date_gmt":"2026-04-03T14:22:29","guid":{"rendered":"https:\/\/modesthanim.com\/product\/beyaz-bej-oversize-temel-gomlek\/"},"modified":"2026-04-03T14:22:40","modified_gmt":"2026-04-03T14:22:40","slug":"beyaz-bej-oversize-temel-gomlek","status":"publish","type":"product","link":"https:\/\/mod.wisdar.net\/tr\/urun\/beyaz-bej-oversize-temel-gomlek\/","title":{"rendered":"Beyaz-Bej Oversize Temel G\u00f6mlek"},"content":{"rendered":"<p>Beyaz-Bej Oversize Temel G\u00f6mlek ile modern ve rahat bir stil yakalay\u0131n. ALLDAY&#8217;in G\u00f6mlek kategorisindeki di\u011fer modelleri ke\u015ffedin. K\u0131yafetinizi tamamlamak i\u00e7in hemen ke\u015ffedin!<\/p>\n<p>\u2014 Teknik Detaylar \u2014<br \/>\nSezon: Temel Outlet<br \/>\nKuma\u015f \u0130\u00e7eri\u011fi: %53 Pamuk, %47 Polyester<br \/>\nKuma\u015f Grubu: Pamuk Polyester<br \/>\nCep Detay\u0131: Cepsiz<br \/>\nYaka: G\u00f6mlek Yaka<br \/>\nKol Deseni: D\u00fc\u015f\u00fck<br \/>\nBeden \/ Boy: 80 CM<br \/>\nTasar\u0131m D\u00f6nemi: Temel<br \/>\nKal\u0131p: OVERSIZE<br \/>\nDesen: \u00c7izgili<br \/>\nTema: Temel<br \/>\nSeri: Temel<br \/>\n\u00dcr\u00fcn Kalitesi: A S\u0131n\u0131f\u0131<br \/>\nSat\u0131\u015f Sezonu: Sezonsuz<br \/>\nMateryal Tipi: Dokuma<\/p>\n","protected":false},"excerpt":{"rendered":"<p>Beyaz-Bej Oversize Temel G\u00f6mlek ile modern ve rahat bir stil yakalay\u0131n. ALLDAY&#8217;in G\u00f6mlek kategorisindeki di\u011fer modelleri ke\u015ffedin. K\u0131yafetinizi tamamlamak i\u00e7in hemen ke\u015ffedin! \u2014 Teknik Detaylar \u2014 Sezon: Temel Outlet Kuma\u015f \u0130\u00e7eri\u011fi: %53 Pamuk, %47 Polyester Kuma\u015f Grubu: Pamuk Polyester Cep Detay\u0131: Cepsiz Yaka: G\u00f6mlek Yaka Kol Deseni: D\u00fc\u015f\u00fck Beden \/ Boy: 80 CM Tasar\u0131m D\u00f6nemi: [&hellip;]<\/p>\n","protected":false},"featured_media":203402,"comment_status":"open","ping_status":"closed","template":"","meta":[],"product_brand":[],"product_cat":[1909],"product_tag":[4861,4886,6753,7294,7912,7423,7488,7021],"class_list":{"0":"post-203407","1":"product","2":"type-product","3":"status-publish","4":"has-post-thumbnail","6":"product_cat-bluzlar-ve-gomlekler","7":"product_tag-allday","8":"product_tag-basic","9":"product_tag-bej","10":"product_tag-beyaz","11":"product_tag-cizgili","12":"product_tag-oversize-2","13":"product_tag-pamuk","14":"product_tag-polyester","15":"pa_brand-allday","16":"pa_color-beyaz-bej","17":"pa_size-l","18":"pa_size-m","19":"pa_size-s","21":"first","22":"instock","23":"sale","24":"shipping-taxable","25":"purchasable","26":"product-type-variable"},"_links":{"self":[{"href":"https:\/\/mod.wisdar.net\/tr\/wp-json\/wp\/v2\/product\/203407","targetHints":{"allow":["GET"]}}],"collection":[{"href":"https:\/\/mod.wisdar.net\/tr\/wp-json\/wp\/v2\/product"}],"about":[{"href":"https:\/\/mod.wisdar.net\/tr\/wp-json\/wp\/v2\/types\/product"}],"replies":[{"embeddable":true,"href":"https:\/\/mod.wisdar.net\/tr\/wp-json\/wp\/v2\/comments?post=203407"}],"wp:featuredmedia":[{"embeddable":true,"href":"https:\/\/mod.wisdar.net\/tr\/wp-json\/wp\/v2\/media\/203402"}],"wp:attachment":[{"href":"https:\/\/mod.wisdar.net\/tr\/wp-json\/wp\/v2\/media?parent=203407"}],"wp:term":[{"taxonomy":"product_brand","embeddable":true,"href":"https:\/\/mod.wisdar.net\/tr\/wp-json\/wp\/v2\/product_brand?post=203407"},{"taxonomy":"product_cat","embeddable":true,"href":"https:\/\/mod.wisdar.net\/tr\/wp-json\/wp\/v2\/product_cat?post=203407"},{"taxonomy":"product_tag","embeddable":true,"href":"https:\/\/mod.wisdar.net\/tr\/wp-json\/wp\/v2\/product_tag?post=203407"}],"curies":[{"name":"wp","href":"https:\/\/api.w.org\/{rel}","templated":true}]}}