{"id":203495,"date":"2026-04-03T14:23:09","date_gmt":"2026-04-03T14:23:09","guid":{"rendered":"https:\/\/modesthanim.com\/product\/indigo-cepli-gizli-patli-gomlek-tunik\/"},"modified":"2026-04-03T14:23:27","modified_gmt":"2026-04-03T14:23:27","slug":"indigo-cepli-gizli-patli-gomlek-tunik","status":"publish","type":"product","link":"https:\/\/mod.wisdar.net\/tr\/urun\/indigo-cepli-gizli-patli-gomlek-tunik\/","title":{"rendered":"Indigo Cepli Gizli Patl\u0131 G\u00f6mlek Tunik"},"content":{"rendered":"<p>Indigo Cepli Gizli Patl\u0131 G\u00f6mlek Tunik ile modern ve rahat bir stil yakalay\u0131n. ALLDAY&#8217;nin G\u00f6mlek kategorisindeki di\u011fer modelleri ke\u015ffedin. K\u0131yafetinizi tamamlamak i\u00e7in \u015fimdi ke\u015ffedin!<\/p>\n<p>\u2014 Teknik Detaylar \u2014<br \/>\nKuma\u015f Grubu: Pamuk Polyester<br \/>\nCep Detay\u0131: Kapakl\u0131<br \/>\nYaka: G\u00f6mlek<br \/>\nKol Deseni: D\u00fc\u015f\u00fck<br \/>\nBoyut \/ Uzunluk: 80 CM<br \/>\nTasar\u0131m D\u00f6nemi: 25-Yaz<br \/>\nKal\u0131p: RAHAT<br \/>\nBel: Y\u0131rtma\u00e7<br \/>\nDesen: D\u00fcz<br \/>\nTema: 3.DO\u011eAL<br \/>\n\u00c7izgi: G\u00dcNL\u00dcK<br \/>\n\u00dcr\u00fcn Lig: A Kalite<br \/>\nSezon Sat\u0131\u015f D\u00f6nemi: Yaz<br \/>\nMalzeme T\u00fcr\u00fc: Dokuma<br \/>\nSezon: 25-Yaz Rpt<\/p>\n","protected":false},"excerpt":{"rendered":"<p>Indigo Cepli Gizli Patl\u0131 G\u00f6mlek Tunik ile modern ve rahat bir stil yakalay\u0131n. ALLDAY&#8217;nin G\u00f6mlek kategorisindeki di\u011fer modelleri ke\u015ffedin. K\u0131yafetinizi tamamlamak i\u00e7in \u015fimdi ke\u015ffedin! \u2014 Teknik Detaylar \u2014 Kuma\u015f Grubu: Pamuk Polyester Cep Detay\u0131: Kapakl\u0131 Yaka: G\u00f6mlek Kol Deseni: D\u00fc\u015f\u00fck Boyut \/ Uzunluk: 80 CM Tasar\u0131m D\u00f6nemi: 25-Yaz Kal\u0131p: RAHAT Bel: Y\u0131rtma\u00e7 Desen: D\u00fcz Tema: [&hellip;]<\/p>\n","protected":false},"featured_media":203489,"comment_status":"open","ping_status":"closed","template":"","meta":[],"product_brand":[],"product_cat":[1909],"product_tag":[7419,4998],"class_list":{"0":"post-203495","1":"product","2":"type-product","3":"status-publish","4":"has-post-thumbnail","6":"product_cat-bluzlar-ve-gomlekler","7":"product_tag-gunluk","8":"product_tag-indigo","9":"pa_brand-allday","10":"pa_color-indigo","11":"pa_size-4701","12":"pa_size-4706","13":"pa_size-4711","14":"pa_size-4713","15":"pa_size-4751","17":"first","18":"instock","19":"sale","20":"shipping-taxable","21":"purchasable","22":"product-type-variable"},"_links":{"self":[{"href":"https:\/\/mod.wisdar.net\/tr\/wp-json\/wp\/v2\/product\/203495","targetHints":{"allow":["GET"]}}],"collection":[{"href":"https:\/\/mod.wisdar.net\/tr\/wp-json\/wp\/v2\/product"}],"about":[{"href":"https:\/\/mod.wisdar.net\/tr\/wp-json\/wp\/v2\/types\/product"}],"replies":[{"embeddable":true,"href":"https:\/\/mod.wisdar.net\/tr\/wp-json\/wp\/v2\/comments?post=203495"}],"wp:featuredmedia":[{"embeddable":true,"href":"https:\/\/mod.wisdar.net\/tr\/wp-json\/wp\/v2\/media\/203489"}],"wp:attachment":[{"href":"https:\/\/mod.wisdar.net\/tr\/wp-json\/wp\/v2\/media?parent=203495"}],"wp:term":[{"taxonomy":"product_brand","embeddable":true,"href":"https:\/\/mod.wisdar.net\/tr\/wp-json\/wp\/v2\/product_brand?post=203495"},{"taxonomy":"product_cat","embeddable":true,"href":"https:\/\/mod.wisdar.net\/tr\/wp-json\/wp\/v2\/product_cat?post=203495"},{"taxonomy":"product_tag","embeddable":true,"href":"https:\/\/mod.wisdar.net\/tr\/wp-json\/wp\/v2\/product_tag?post=203495"}],"curies":[{"name":"wp","href":"https:\/\/api.w.org\/{rel}","templated":true}]}}