{"id":203514,"date":"2026-04-03T14:23:24","date_gmt":"2026-04-03T14:23:24","guid":{"rendered":"https:\/\/modesthanim.com\/product\/yaka-detayli-keten-yelek-bej\/"},"modified":"2026-04-03T14:23:47","modified_gmt":"2026-04-03T14:23:47","slug":"yaka-detayli-keten-yelek-bej","status":"publish","type":"product","link":"https:\/\/mod.wisdar.net\/tr\/urun\/yaka-detayli-keten-yelek-bej\/","title":{"rendered":"Yaka Detayl\u0131 Keten Yelek \u2013 Bej"},"content":{"rendered":"<p>Do\u011fal dokularla basit \u015f\u0131kl\u0131k: Yaka Detayl\u0131 Keten Yelek. Yaz aylar\u0131 i\u00e7in vazge\u00e7ilmez bir kuma\u015f olan ketenin hafifli\u011fini modern kesim ve \u015f\u0131k yaka detaylar\u0131 ile birle\u015ftiren bu \u00f6zel tasar\u0131m, minimal tarz\u0131 sevenler i\u00e7in ideal bir se\u00e7imdir.<br \/>\nKuma\u015f \u0130\u00e7eri\u011fi: %100 Keten<br \/>\nDesen: D\u00fcz<br \/>\nYaka Tipi: \u015eal Yaka<br \/>\nKol Tipi: Kolsuz<br \/>\nCep: Yama Cep<br \/>\nAstar: Astars\u0131z<br \/>\n\u00dcr\u00fcn Uzunlu\u011fu: 110 cm<br \/>\nKal\u0131p: Normal Kal\u0131p<br \/>\nModelin Giydi\u011fi Beden: 36<br \/>\nModel \u00d6l\u00e7\u00fcleri: Boy: 176 cm, G\u00f6\u011f\u00fcs: 80 cm, Bel: 60 cm, Kal\u00e7a: 90 cm<\/p>\n","protected":false},"excerpt":{"rendered":"<p>Do\u011fal dokularla basit \u015f\u0131kl\u0131k: Yaka Detayl\u0131 Keten Yelek. Yaz aylar\u0131 i\u00e7in vazge\u00e7ilmez bir kuma\u015f olan ketenin hafifli\u011fini modern kesim ve \u015f\u0131k yaka detaylar\u0131 ile birle\u015ftiren bu \u00f6zel tasar\u0131m, minimal tarz\u0131 sevenler i\u00e7in ideal bir se\u00e7imdir. Kuma\u015f \u0130\u00e7eri\u011fi: %100 Keten Desen: D\u00fcz Yaka Tipi: \u015eal Yaka Kol Tipi: Kolsuz Cep: Yama Cep Astar: Astars\u0131z \u00dcr\u00fcn Uzunlu\u011fu: [&hellip;]<\/p>\n","protected":false},"featured_media":203512,"comment_status":"open","ping_status":"closed","template":"","meta":[],"product_brand":[],"product_cat":[2053],"product_tag":[5012],"class_list":{"0":"post-203514","1":"product","2":"type-product","3":"status-publish","4":"has-post-thumbnail","6":"product_cat-yelekler-yelekler","7":"product_tag-elegant","8":"pa_brand-tugba","9":"pa_color-bej","10":"pa_size-4701","11":"pa_size-4706","12":"pa_size-4711","13":"pa_size-4713","14":"pa_size-4751","15":"pa_size-4749","17":"first","18":"instock","19":"sale","20":"shipping-taxable","21":"purchasable","22":"product-type-variable"},"_links":{"self":[{"href":"https:\/\/mod.wisdar.net\/tr\/wp-json\/wp\/v2\/product\/203514","targetHints":{"allow":["GET"]}}],"collection":[{"href":"https:\/\/mod.wisdar.net\/tr\/wp-json\/wp\/v2\/product"}],"about":[{"href":"https:\/\/mod.wisdar.net\/tr\/wp-json\/wp\/v2\/types\/product"}],"replies":[{"embeddable":true,"href":"https:\/\/mod.wisdar.net\/tr\/wp-json\/wp\/v2\/comments?post=203514"}],"wp:featuredmedia":[{"embeddable":true,"href":"https:\/\/mod.wisdar.net\/tr\/wp-json\/wp\/v2\/media\/203512"}],"wp:attachment":[{"href":"https:\/\/mod.wisdar.net\/tr\/wp-json\/wp\/v2\/media?parent=203514"}],"wp:term":[{"taxonomy":"product_brand","embeddable":true,"href":"https:\/\/mod.wisdar.net\/tr\/wp-json\/wp\/v2\/product_brand?post=203514"},{"taxonomy":"product_cat","embeddable":true,"href":"https:\/\/mod.wisdar.net\/tr\/wp-json\/wp\/v2\/product_cat?post=203514"},{"taxonomy":"product_tag","embeddable":true,"href":"https:\/\/mod.wisdar.net\/tr\/wp-json\/wp\/v2\/product_tag?post=203514"}],"curies":[{"name":"wp","href":"https:\/\/api.w.org\/{rel}","templated":true}]}}