{"id":203554,"date":"2026-04-03T14:24:11","date_gmt":"2026-04-03T14:24:11","guid":{"rendered":"https:\/\/modesthanim.com\/product\/kruvaze-blazer-murdum-ceket\/"},"modified":"2026-04-04T07:14:32","modified_gmt":"2026-04-04T07:14:32","slug":"kruvaze-blazer-murdum-ceket","status":"publish","type":"product","link":"https:\/\/mod.wisdar.net\/tr\/urun\/kruvaze-blazer-murdum-ceket\/","title":{"rendered":"Kruvaze Blazer M\u00fcrd\u00fcm Ceket"},"content":{"rendered":"<p>KRUVAZE BLAZER M\u00dcRD\u00dcM CEKET \u00d6ZELL\u0130KLER\u0130<br \/>\nCeket yaka, kruvaze kapama, vatkal\u0131, \u00fcstten s\u00fcs cepli, \u00e7ift d\u00fc\u011fme kapamal\u0131, cepli ve diki\u015fli cep torbas\u0131na sahip iste\u011fe ba\u011fl\u0131 dikkatlice a\u00e7arak aktif hale kullanabilirsiniz, kollar\u0131 s\u00fcs d\u00fc\u011fmeli, arka yanlardan y\u0131rtma\u00e7l\u0131, astarl\u0131 kruvaze blazer ceket.<br \/>\n\u0130\u00c7ER\u0130\u011e\u0130 VE YIKANMASI<br \/>\n%100 Pes<br \/>\n30 derecede k\u0131sa programda makinede y\u0131kay\u0131n\u0131z, hassas y\u0131kama yap\u0131n\u0131z. Tersten y\u0131kay\u0131n\u0131z. A\u011fart\u0131c\u0131 kullanmay\u0131n\u0131z. D\u00fc\u015f\u00fck \u0131s\u0131da \u00fct\u00fcleyiniz.<br \/>\nEl ile \u00f6l\u00e7\u00fcmlerde 2-3 cm farkl\u0131l\u0131k g\u00f6sterebilir.<br \/>\nManken Bedeni: S-M<br \/>\nManken \u00d6l\u00e7\u00fcs\u00fc: Boy: 1.74 cm, G\u00f6\u011f\u00fcs: 82 cm, Bel: 61 cm, Basen: 92 cm<\/p>\n","protected":false},"excerpt":{"rendered":"<p>KRUVAZE BLAZER M\u00dcRD\u00dcM CEKET \u00d6ZELL\u0130KLER\u0130 Ceket yaka, kruvaze kapama, vatkal\u0131, \u00fcstten s\u00fcs cepli, \u00e7ift d\u00fc\u011fme kapamal\u0131, cepli ve diki\u015fli cep torbas\u0131na sahip iste\u011fe ba\u011fl\u0131 dikkatlice a\u00e7arak aktif hale kullanabilirsiniz, kollar\u0131 s\u00fcs d\u00fc\u011fmeli, arka yanlardan y\u0131rtma\u00e7l\u0131, astarl\u0131 kruvaze blazer ceket. \u0130\u00c7ER\u0130\u011e\u0130 VE YIKANMASI %100 Pes 30 derecede k\u0131sa programda makinede y\u0131kay\u0131n\u0131z, hassas y\u0131kama yap\u0131n\u0131z. Tersten y\u0131kay\u0131n\u0131z. [&hellip;]<\/p>\n","protected":false},"featured_media":203544,"comment_status":"open","ping_status":"closed","template":"","meta":[],"product_brand":[],"product_cat":[2050],"product_tag":[7943,5012,6744,6754],"class_list":{"0":"post-203554","1":"product","2":"type-product","3":"status-publish","4":"has-post-thumbnail","6":"product_cat-blazer-ceketler","7":"product_tag-blazer","8":"product_tag-elegant","9":"product_tag-kadin-modasi","10":"product_tag-ofis-kiyafeti","11":"pa_brand-hooopstore","12":"pa_color-murdum-rengi","13":"pa_size-l-xl-2","14":"pa_size-s-m","16":"first","17":"instock","18":"sale","19":"shipping-taxable","20":"purchasable","21":"product-type-variable"},"_links":{"self":[{"href":"https:\/\/mod.wisdar.net\/tr\/wp-json\/wp\/v2\/product\/203554","targetHints":{"allow":["GET"]}}],"collection":[{"href":"https:\/\/mod.wisdar.net\/tr\/wp-json\/wp\/v2\/product"}],"about":[{"href":"https:\/\/mod.wisdar.net\/tr\/wp-json\/wp\/v2\/types\/product"}],"replies":[{"embeddable":true,"href":"https:\/\/mod.wisdar.net\/tr\/wp-json\/wp\/v2\/comments?post=203554"}],"wp:featuredmedia":[{"embeddable":true,"href":"https:\/\/mod.wisdar.net\/tr\/wp-json\/wp\/v2\/media\/203544"}],"wp:attachment":[{"href":"https:\/\/mod.wisdar.net\/tr\/wp-json\/wp\/v2\/media?parent=203554"}],"wp:term":[{"taxonomy":"product_brand","embeddable":true,"href":"https:\/\/mod.wisdar.net\/tr\/wp-json\/wp\/v2\/product_brand?post=203554"},{"taxonomy":"product_cat","embeddable":true,"href":"https:\/\/mod.wisdar.net\/tr\/wp-json\/wp\/v2\/product_cat?post=203554"},{"taxonomy":"product_tag","embeddable":true,"href":"https:\/\/mod.wisdar.net\/tr\/wp-json\/wp\/v2\/product_tag?post=203554"}],"curies":[{"name":"wp","href":"https:\/\/api.w.org\/{rel}","templated":true}]}}