{"id":203635,"date":"2026-04-03T14:25:01","date_gmt":"2026-04-03T14:25:01","guid":{"rendered":"https:\/\/modesthanim.com\/product\/sari-pece-ceket-elbise-takimi\/"},"modified":"2026-04-10T18:42:51","modified_gmt":"2026-04-10T18:42:51","slug":"sari-pece-ceket-elbise-takimi","status":"publish","type":"product","link":"https:\/\/mod.wisdar.net\/tr\/urun\/sari-pece-ceket-elbise-takimi\/","title":{"rendered":"Sar\u0131 Pe\u00e7e Ceket Elbise Tak\u0131m\u0131"},"content":{"rendered":"<p>Y\u00fczde y\u00fcz pamuk pe\u00e7e kuma\u015ftan \u00fcretilmi\u015f bu tak\u0131m, \u00f6n\u00fc ba\u011flamal\u0131 k\u0131sa ceket, geni\u015f kollu ve fermuarl\u0131 s\u0131rt\u0131 olan kal\u0131n ask\u0131l\u0131 bir elbiseden olu\u015fmaktad\u0131r.<\/p>\n<p>36 Beden \u00d6l\u00e7\u00fcleri: Uzunluk: 143 cm, Kol Uzunlu\u011fu: 61 cm, Omuz Geni\u015fli\u011fi: 39 cm, G\u00f6\u011f\u00fcs: 47 cm, Bel: 42 cm.<\/p>\n<p>\u2014 Teknik Detaylar \u2014<br \/>\nUzunluk: 143 cm<br \/>\nKol Uzunlu\u011fu: 61 cm<br \/>\nOmuz Geni\u015fli\u011fi: 39 cm<br \/>\nG\u00f6\u011f\u00fcs: 47 cm<br \/>\nBel: 42 cm<\/p>\n","protected":false},"excerpt":{"rendered":"<p>Y\u00fczde y\u00fcz pamuk pe\u00e7e kuma\u015ftan \u00fcretilmi\u015f bu tak\u0131m, \u00f6n\u00fc ba\u011flamal\u0131 k\u0131sa ceket, geni\u015f kollu ve fermuarl\u0131 s\u0131rt\u0131 olan kal\u0131n ask\u0131l\u0131 bir elbiseden olu\u015fmaktad\u0131r. 36 Beden \u00d6l\u00e7\u00fcleri: Uzunluk: 143 cm, Kol Uzunlu\u011fu: 61 cm, Omuz Geni\u015fli\u011fi: 39 cm, G\u00f6\u011f\u00fcs: 47 cm, Bel: 42 cm. \u2014 Teknik Detaylar \u2014 Uzunluk: 143 cm Kol Uzunlu\u011fu: 61 cm Omuz [&hellip;]<\/p>\n","protected":false},"featured_media":203624,"comment_status":"open","ping_status":"closed","template":"","meta":[],"product_brand":[],"product_cat":[1900],"product_tag":[5012,7488],"class_list":{"0":"post-203635","1":"product","2":"type-product","3":"status-publish","4":"has-post-thumbnail","6":"product_cat-koordinatlar-setler","7":"product_tag-elegant","8":"product_tag-pamuk","9":"pa_brand-fahhar","10":"pa_color-sari","11":"pa_size-1-36-38","12":"pa_size-2-40-42","14":"first","15":"instock","16":"sale","17":"shipping-taxable","18":"purchasable","19":"product-type-variable"},"_links":{"self":[{"href":"https:\/\/mod.wisdar.net\/tr\/wp-json\/wp\/v2\/product\/203635","targetHints":{"allow":["GET"]}}],"collection":[{"href":"https:\/\/mod.wisdar.net\/tr\/wp-json\/wp\/v2\/product"}],"about":[{"href":"https:\/\/mod.wisdar.net\/tr\/wp-json\/wp\/v2\/types\/product"}],"replies":[{"embeddable":true,"href":"https:\/\/mod.wisdar.net\/tr\/wp-json\/wp\/v2\/comments?post=203635"}],"wp:featuredmedia":[{"embeddable":true,"href":"https:\/\/mod.wisdar.net\/tr\/wp-json\/wp\/v2\/media\/203624"}],"wp:attachment":[{"href":"https:\/\/mod.wisdar.net\/tr\/wp-json\/wp\/v2\/media?parent=203635"}],"wp:term":[{"taxonomy":"product_brand","embeddable":true,"href":"https:\/\/mod.wisdar.net\/tr\/wp-json\/wp\/v2\/product_brand?post=203635"},{"taxonomy":"product_cat","embeddable":true,"href":"https:\/\/mod.wisdar.net\/tr\/wp-json\/wp\/v2\/product_cat?post=203635"},{"taxonomy":"product_tag","embeddable":true,"href":"https:\/\/mod.wisdar.net\/tr\/wp-json\/wp\/v2\/product_tag?post=203635"}],"curies":[{"name":"wp","href":"https:\/\/api.w.org\/{rel}","templated":true}]}}