{"id":203783,"date":"2026-04-03T14:26:23","date_gmt":"2026-04-03T14:26:23","guid":{"rendered":"https:\/\/modesthanim.com\/product\/dugme-detayli-premium-trenckot-camel\/"},"modified":"2026-04-03T14:50:17","modified_gmt":"2026-04-03T14:50:17","slug":"dugme-detayli-premium-trenckot-camel","status":"publish","type":"product","link":"https:\/\/mod.wisdar.net\/tr\/urun\/dugme-detayli-premium-trenckot-camel\/","title":{"rendered":"D\u00dc\u011eME DETAYLI PREM\u0130UM TREN\u00c7KOT CAMEL"},"content":{"rendered":"<p>\u00d6zel tasar\u0131m, %100 su ge\u00e7irmez kuma\u015ftan yap\u0131lm\u0131\u015f tren\u00e7kot. Kendinden d\u00fc\u011fmeli ku\u015fak, hem ku\u015fak hem de kemer olarak kullan\u0131labilir ve fonksiyoneldir. Reglan kol kal\u0131b\u0131, i\u00e7i tamamen astarl\u0131d\u0131r. D\u0131\u015f kuma\u015f\u0131 %100 pamuk, i\u00e7 astar\u0131 %100 poly. Bedenler: 1 (36-38), 2 (38-40), 3 (40-42), 4 (44-46). \u00dcr\u00fcn \u00f6zellikleri (1 Beden i\u00e7in); G\u00f6\u011f\u00fcs: 42 cm, Bel: 41 cm, Basen: 50 cm, Boy: 117 cm. Manken \u00fczerindeki beden 1. Teknik Detaylar: D\u0131\u015f Kuma\u015f: %100 Pamuk, \u0130\u00e7 Astar: %100 Poly, Su Ge\u00e7irmez: Evet, Kal\u0131p: Reglan Kol, Astar: Tam, Bedenler: 1 (36-38), 2 (38-40), 3 (40-42), 4 (44-46), \u00d6l\u00e7\u00fcler (1 Beden): G\u00f6\u011f\u00fcs: 42 cm, Bel: 41 cm, Basen: 50 cm, Boy: 117 cm.<\/p>\n","protected":false},"excerpt":{"rendered":"<p>\u00d6zel tasar\u0131m, %100 su ge\u00e7irmez kuma\u015ftan yap\u0131lm\u0131\u015f tren\u00e7kot. Kendinden d\u00fc\u011fmeli ku\u015fak, hem ku\u015fak hem de kemer olarak kullan\u0131labilir ve fonksiyoneldir. Reglan kol kal\u0131b\u0131, i\u00e7i tamamen astarl\u0131d\u0131r. D\u0131\u015f kuma\u015f\u0131 %100 pamuk, i\u00e7 astar\u0131 %100 poly. Bedenler: 1 (36-38), 2 (38-40), 3 (40-42), 4 (44-46). \u00dcr\u00fcn \u00f6zellikleri (1 Beden i\u00e7in); G\u00f6\u011f\u00fcs: 42 cm, Bel: 41 cm, Basen: [&hellip;]<\/p>\n","protected":false},"featured_media":203767,"comment_status":"open","ping_status":"closed","template":"","meta":[],"product_brand":[],"product_cat":[2047],"product_tag":[],"class_list":{"0":"post-203783","1":"product","2":"type-product","3":"status-publish","4":"has-post-thumbnail","6":"product_cat-paltolar","7":"pa_brand-nurkalay","8":"pa_color-camel","9":"pa_size-4446","10":"pa_size-4463","11":"pa_size-4680","12":"pa_size-4694","14":"first","15":"instock","16":"sale","17":"shipping-taxable","18":"purchasable","19":"product-type-variable"},"_links":{"self":[{"href":"https:\/\/mod.wisdar.net\/tr\/wp-json\/wp\/v2\/product\/203783","targetHints":{"allow":["GET"]}}],"collection":[{"href":"https:\/\/mod.wisdar.net\/tr\/wp-json\/wp\/v2\/product"}],"about":[{"href":"https:\/\/mod.wisdar.net\/tr\/wp-json\/wp\/v2\/types\/product"}],"replies":[{"embeddable":true,"href":"https:\/\/mod.wisdar.net\/tr\/wp-json\/wp\/v2\/comments?post=203783"}],"wp:featuredmedia":[{"embeddable":true,"href":"https:\/\/mod.wisdar.net\/tr\/wp-json\/wp\/v2\/media\/203767"}],"wp:attachment":[{"href":"https:\/\/mod.wisdar.net\/tr\/wp-json\/wp\/v2\/media?parent=203783"}],"wp:term":[{"taxonomy":"product_brand","embeddable":true,"href":"https:\/\/mod.wisdar.net\/tr\/wp-json\/wp\/v2\/product_brand?post=203783"},{"taxonomy":"product_cat","embeddable":true,"href":"https:\/\/mod.wisdar.net\/tr\/wp-json\/wp\/v2\/product_cat?post=203783"},{"taxonomy":"product_tag","embeddable":true,"href":"https:\/\/mod.wisdar.net\/tr\/wp-json\/wp\/v2\/product_tag?post=203783"}],"curies":[{"name":"wp","href":"https:\/\/api.w.org\/{rel}","templated":true}]}}