{"id":20393,"date":"2025-11-07T20:16:06","date_gmt":"2025-11-02T14:28:39","guid":{"rendered":"https:\/\/modesthanim.com\/product\/anvelop-pileli-pantolon-siyah\/"},"modified":"2026-04-07T04:41:08","modified_gmt":"2026-04-07T04:41:08","slug":"anvelop-pileli-pantolon-siyah","status":"publish","type":"product","link":"https:\/\/mod.wisdar.net\/tr\/urun\/anvelop-pileli-pantolon-siyah\/","title":{"rendered":"Anvelop Pileli Pantolon \u2013 Siyah"},"content":{"rendered":"<p>Katmanl\u0131 anvelop kesimi ile dikkat \u00e7eken bu pantolon, pile detaylar\u0131 sayesinde dinamik ve ak\u0131c\u0131 bir siluet sunar. Kuma\u015f \u0130\u00e7eri\u011fi: %100 Polyester. Desen: D\u00fcz. Bel Tipi: Normal Bel. Pa\u00e7a Tipi: Bol Pa\u00e7a. Cep: Cepsiz. Astar: Astars\u0131z. \u00dcr\u00fcn Boyu: 95 cm. Kal\u0131p Tipi: Rahat Kal\u0131p. Mankenin Giydi\u011fi Beden: 38. Manken \u00d6l\u00e7\u00fcleri: Boy: 176 cm, G\u00f6\u011f\u00fcs: 80 cm, Bel: 61 cm, Basen: 87 cm.<\/p>\n","protected":false},"excerpt":{"rendered":"<p>Katmanl\u0131 anvelop kesimi ile dikkat \u00e7eken bu pantolon, pile detaylar\u0131 sayesinde dinamik ve ak\u0131c\u0131 bir siluet sunar. Kuma\u015f \u0130\u00e7eri\u011fi: %100 Polyester. Desen: D\u00fcz. Bel Tipi: Normal Bel. Pa\u00e7a Tipi: Bol Pa\u00e7a. Cep: Cepsiz. Astar: Astars\u0131z. \u00dcr\u00fcn Boyu: 95 cm. Kal\u0131p Tipi: Rahat Kal\u0131p. Mankenin Giydi\u011fi Beden: 38. Manken \u00d6l\u00e7\u00fcleri: Boy: 176 cm, G\u00f6\u011f\u00fcs: 80 cm, [&hellip;]<\/p>\n","protected":false},"featured_media":0,"comment_status":"open","ping_status":"closed","template":"","meta":[],"product_brand":[],"product_cat":[1882],"product_tag":[],"class_list":{"0":"post-20393","1":"product","2":"type-product","3":"status-publish","5":"product_cat-alt-giyim","6":"pa_brand-tugba","7":"pa_color-siyah","8":"pa_size-4706","9":"pa_size-4711","10":"pa_size-4713","11":"pa_size-4751","12":"pa_size-4749","14":"first","15":"instock","16":"sale","17":"shipping-taxable","18":"purchasable","19":"product-type-variable"},"_links":{"self":[{"href":"https:\/\/mod.wisdar.net\/tr\/wp-json\/wp\/v2\/product\/20393","targetHints":{"allow":["GET"]}}],"collection":[{"href":"https:\/\/mod.wisdar.net\/tr\/wp-json\/wp\/v2\/product"}],"about":[{"href":"https:\/\/mod.wisdar.net\/tr\/wp-json\/wp\/v2\/types\/product"}],"replies":[{"embeddable":true,"href":"https:\/\/mod.wisdar.net\/tr\/wp-json\/wp\/v2\/comments?post=20393"}],"wp:attachment":[{"href":"https:\/\/mod.wisdar.net\/tr\/wp-json\/wp\/v2\/media?parent=20393"}],"wp:term":[{"taxonomy":"product_brand","embeddable":true,"href":"https:\/\/mod.wisdar.net\/tr\/wp-json\/wp\/v2\/product_brand?post=20393"},{"taxonomy":"product_cat","embeddable":true,"href":"https:\/\/mod.wisdar.net\/tr\/wp-json\/wp\/v2\/product_cat?post=20393"},{"taxonomy":"product_tag","embeddable":true,"href":"https:\/\/mod.wisdar.net\/tr\/wp-json\/wp\/v2\/product_tag?post=20393"}],"curies":[{"name":"wp","href":"https:\/\/api.w.org\/{rel}","templated":true}]}}