{"id":203983,"date":"2026-04-03T14:34:48","date_gmt":"2026-04-03T14:34:48","guid":{"rendered":"https:\/\/modesthanim.com\/product\/buzgu-detayli-tunik-olive\/"},"modified":"2026-04-03T14:35:15","modified_gmt":"2026-04-03T14:35:15","slug":"buzgu-detayli-tunik-olive","status":"publish","type":"product","link":"https:\/\/mod.wisdar.net\/tr\/urun\/buzgu-detayli-tunik-olive\/","title":{"rendered":"B\u00fczg\u00fc Detayl\u0131 Tunik \u2013 Olive"},"content":{"rendered":"<p>Bel k\u0131sm\u0131ndaki b\u00fczg\u00fc detaylar\u0131yla \u00f6ne \u00e7\u0131kan bu tunik, modern ve \u015f\u0131k bir siluet sunar. Rahat kal\u0131b\u0131 sayesinde g\u00fcn boyu konfor sa\u011flarken, zarif tasar\u0131m\u0131 g\u00fcnl\u00fck kombinlerden \u00f6zel davetlere kadar geni\u015f bir kullan\u0131m alan\u0131 yarat\u0131r.<br \/>\nKuma\u015f \u0130\u00e7eri\u011fi: %100 Viskon<br \/>\nDesen: D\u00fcz<br \/>\nYaka Tipi: G\u00f6mlek Yaka<br \/>\nKol Tipi: Uzun Kol<br \/>\nCep: Cepsiz<br \/>\nAstar: Astars\u0131z<br \/>\n\u00dcr\u00fcn Boyu: 80 cm<br \/>\nKal\u0131p Tipi: Normal Kal\u0131p<br \/>\nMankenin Giydi\u011fi Beden: 38<br \/>\nManken \u00d6l\u00e7\u00fcleri:<br \/>\nBoy: 175 cm<br \/>\nG\u00f6\u011f\u00fcs: 85 cm<br \/>\nBel: 70 cm<br \/>\nBasen: 98 cm<\/p>\n<p>\u2014 Technical Details \u2014<br \/>\nDesen: D\u00fcz<br \/>\nYaka Tipi: G\u00f6mlek Yaka<br \/>\nKol Tipi: Uzun Kol<br \/>\nCep: Cepsiz<br \/>\nAstar: Astars\u0131z<br \/>\n\u00dcr\u00fcn Boyu: 80 cm<br \/>\nKal\u0131p Tipi: Normal Kal\u0131p<br \/>\nMankenin Giydi\u011fi Beden: 38<br \/>\nManken \u00d6l\u00e7\u00fcleri: Boy: 175 cm, G\u00f6\u011f\u00fcs: 85 cm, Bel: 70 cm, Basen: 98 cm<\/p>\n","protected":false},"excerpt":{"rendered":"<p>Bel k\u0131sm\u0131ndaki b\u00fczg\u00fc detaylar\u0131yla \u00f6ne \u00e7\u0131kan bu tunik, modern ve \u015f\u0131k bir siluet sunar. Rahat kal\u0131b\u0131 sayesinde g\u00fcn boyu konfor sa\u011flarken, zarif tasar\u0131m\u0131 g\u00fcnl\u00fck kombinlerden \u00f6zel davetlere kadar geni\u015f bir kullan\u0131m alan\u0131 yarat\u0131r. Kuma\u015f \u0130\u00e7eri\u011fi: %100 Viskon Desen: D\u00fcz Yaka Tipi: G\u00f6mlek Yaka Kol Tipi: Uzun Kol Cep: Cepsiz Astar: Astars\u0131z \u00dcr\u00fcn Boyu: 80 cm [&hellip;]<\/p>\n","protected":false},"featured_media":203976,"comment_status":"open","ping_status":"closed","template":"","meta":[],"product_brand":[],"product_cat":[2050],"product_tag":[7826,6771,6744,5014,6768],"class_list":{"0":"post-203983","1":"product","2":"type-product","3":"status-publish","4":"has-post-thumbnail","6":"product_cat-blazer-ceketler","7":"product_tag-buzgulu-bel","8":"product_tag-gomlek-yaka","9":"product_tag-kadin-modasi","10":"product_tag-olive","11":"product_tag-uzun-kol","12":"pa_brand-tugba","13":"pa_color-olive","14":"pa_size-4701","15":"pa_size-4706","16":"pa_size-4711","17":"pa_size-4713","18":"pa_size-4751","20":"first","21":"instock","22":"sale","23":"shipping-taxable","24":"purchasable","25":"product-type-variable"},"_links":{"self":[{"href":"https:\/\/mod.wisdar.net\/tr\/wp-json\/wp\/v2\/product\/203983","targetHints":{"allow":["GET"]}}],"collection":[{"href":"https:\/\/mod.wisdar.net\/tr\/wp-json\/wp\/v2\/product"}],"about":[{"href":"https:\/\/mod.wisdar.net\/tr\/wp-json\/wp\/v2\/types\/product"}],"replies":[{"embeddable":true,"href":"https:\/\/mod.wisdar.net\/tr\/wp-json\/wp\/v2\/comments?post=203983"}],"wp:featuredmedia":[{"embeddable":true,"href":"https:\/\/mod.wisdar.net\/tr\/wp-json\/wp\/v2\/media\/203976"}],"wp:attachment":[{"href":"https:\/\/mod.wisdar.net\/tr\/wp-json\/wp\/v2\/media?parent=203983"}],"wp:term":[{"taxonomy":"product_brand","embeddable":true,"href":"https:\/\/mod.wisdar.net\/tr\/wp-json\/wp\/v2\/product_brand?post=203983"},{"taxonomy":"product_cat","embeddable":true,"href":"https:\/\/mod.wisdar.net\/tr\/wp-json\/wp\/v2\/product_cat?post=203983"},{"taxonomy":"product_tag","embeddable":true,"href":"https:\/\/mod.wisdar.net\/tr\/wp-json\/wp\/v2\/product_tag?post=203983"}],"curies":[{"name":"wp","href":"https:\/\/api.w.org\/{rel}","templated":true}]}}