{"id":204026,"date":"2026-04-03T14:35:38","date_gmt":"2026-04-03T14:35:38","guid":{"rendered":"https:\/\/modesthanim.com\/product\/siyah-beli-lastikli-soft-touch-kadin-esofman-alti\/"},"modified":"2026-04-03T14:35:49","modified_gmt":"2026-04-03T14:35:49","slug":"siyah-beli-lastikli-soft-touch-kadin-esofman-alti","status":"publish","type":"product","link":"https:\/\/mod.wisdar.net\/tr\/urun\/siyah-beli-lastikli-soft-touch-kadin-esofman-alti\/","title":{"rendered":"Siyah Beli Lastikli Soft Touch Kad\u0131n E\u015fofman Alt\u0131"},"content":{"rendered":"<p>XSIDE Siyah Beli Lastikli Soft Touch Kad\u0131n E\u015fofman Alt\u0131 size \u00f6zel indirim, taksit ve kap\u0131da \u00f6deme avantajlar\u0131yla LCW&#8217;de! Hemen online al\u0131\u015fveri\u015f yap, \u00fcr\u00fcn kap\u0131na gelsin! \u2013 S6IO69Z8-CVL<\/p>\n<p>\u2014 Technical Details \u2014<br \/>\n\u00dcr\u00fcn Tipi: E\u015fofman Alt\u0131<br \/>\nCinsiyet: Kad\u0131n<br \/>\nKal\u0131p: Standart &amp; Regular<br \/>\nKuma\u015f: Dalg\u0131\u00e7 Kuma\u015f\u0131<br \/>\nBel Fiti: Beli Lastikli<br \/>\nPa\u00e7a Fiti: Geni\u015f Pa\u00e7a<br \/>\nDesen: D\u00fcz<br \/>\nStil: Spor<\/p>\n","protected":false},"excerpt":{"rendered":"<p>XSIDE Siyah Beli Lastikli Soft Touch Kad\u0131n E\u015fofman Alt\u0131 size \u00f6zel indirim, taksit ve kap\u0131da \u00f6deme avantajlar\u0131yla LCW&#8217;de! Hemen online al\u0131\u015fveri\u015f yap, \u00fcr\u00fcn kap\u0131na gelsin! \u2013 S6IO69Z8-CVL \u2014 Technical Details \u2014 \u00dcr\u00fcn Tipi: E\u015fofman Alt\u0131 Cinsiyet: Kad\u0131n Kal\u0131p: Standart &amp; Regular Kuma\u015f: Dalg\u0131\u00e7 Kuma\u015f\u0131 Bel Fiti: Beli Lastikli Pa\u00e7a Fiti: Geni\u015f Pa\u00e7a Desen: D\u00fcz Stil: [&hellip;]<\/p>\n","protected":false},"featured_media":204019,"comment_status":"open","ping_status":"closed","template":"","meta":[],"product_brand":[],"product_cat":[1882],"product_tag":[6761,7724,7726,6765,7747,7424,7742],"class_list":{"0":"post-204026","1":"product","2":"type-product","3":"status-publish","4":"has-post-thumbnail","6":"product_cat-alt-giyim","7":"product_tag-bol-paca","8":"product_tag-ev-giyimi","9":"product_tag-kadin-esofman-alti","10":"product_tag-lastikli-bel","11":"product_tag-siyah-pantolon","12":"product_tag-spor-giyim","13":"product_tag-yumusak-dokunus","14":"pa_brand-xside","15":"pa_color-siyah","16":"pa_size-l","17":"pa_size-m","18":"pa_size-s","19":"pa_size-xl","20":"pa_size-xs","22":"first","23":"instock","24":"shipping-taxable","25":"purchasable","26":"product-type-variable"},"_links":{"self":[{"href":"https:\/\/mod.wisdar.net\/tr\/wp-json\/wp\/v2\/product\/204026","targetHints":{"allow":["GET"]}}],"collection":[{"href":"https:\/\/mod.wisdar.net\/tr\/wp-json\/wp\/v2\/product"}],"about":[{"href":"https:\/\/mod.wisdar.net\/tr\/wp-json\/wp\/v2\/types\/product"}],"replies":[{"embeddable":true,"href":"https:\/\/mod.wisdar.net\/tr\/wp-json\/wp\/v2\/comments?post=204026"}],"wp:featuredmedia":[{"embeddable":true,"href":"https:\/\/mod.wisdar.net\/tr\/wp-json\/wp\/v2\/media\/204019"}],"wp:attachment":[{"href":"https:\/\/mod.wisdar.net\/tr\/wp-json\/wp\/v2\/media?parent=204026"}],"wp:term":[{"taxonomy":"product_brand","embeddable":true,"href":"https:\/\/mod.wisdar.net\/tr\/wp-json\/wp\/v2\/product_brand?post=204026"},{"taxonomy":"product_cat","embeddable":true,"href":"https:\/\/mod.wisdar.net\/tr\/wp-json\/wp\/v2\/product_cat?post=204026"},{"taxonomy":"product_tag","embeddable":true,"href":"https:\/\/mod.wisdar.net\/tr\/wp-json\/wp\/v2\/product_tag?post=204026"}],"curies":[{"name":"wp","href":"https:\/\/api.w.org\/{rel}","templated":true}]}}