{"id":204170,"date":"2026-04-03T14:37:16","date_gmt":"2026-04-03T14:37:16","guid":{"rendered":"https:\/\/modesthanim.com\/product\/sari-katmanli-firfirli-etek-2\/"},"modified":"2026-04-10T15:51:31","modified_gmt":"2026-04-10T15:51:31","slug":"sari-katmanli-firfirli-etek-2","status":"publish","type":"product","link":"https:\/\/mod.wisdar.net\/tr\/urun\/sari-katmanli-firfirli-etek-2\/","title":{"rendered":"Sar\u0131 Katmanl\u0131 F\u0131rf\u0131rl\u0131 Etek"},"content":{"rendered":"<p>D\u00fcz kemerli bel, fermuar kapatma ve katmanl\u0131 f\u0131rf\u0131rl\u0131 paneller ile bu ince dokuma kuma\u015f etek astarl\u0131d\u0131r ve maxi boydad\u0131r.<br \/>\nBEDEN 36 Uzunluk: 96 cm, Kal\u00e7a: 46 cm, Bel: 35 cm.<br \/>\nBEDEN 38 Uzunluk: 97 cm, Kal\u00e7a: 49 cm, Bel: 37 cm.<br \/>\nBEDEN 40 Uzunluk: 98 cm, Kal\u00e7a: 51 cm, Bel: 38 cm.<\/p>\n","protected":false},"excerpt":{"rendered":"<p>D\u00fcz kemerli bel, fermuar kapatma ve katmanl\u0131 f\u0131rf\u0131rl\u0131 paneller ile bu ince dokuma kuma\u015f etek astarl\u0131d\u0131r ve maxi boydad\u0131r. BEDEN 36 Uzunluk: 96 cm, Kal\u00e7a: 46 cm, Bel: 35 cm. BEDEN 38 Uzunluk: 97 cm, Kal\u00e7a: 49 cm, Bel: 37 cm. BEDEN 40 Uzunluk: 98 cm, Kal\u00e7a: 51 cm, Bel: 38 cm.<\/p>\n","protected":false},"featured_media":204162,"comment_status":"open","ping_status":"closed","template":"","meta":[],"product_brand":[],"product_cat":[1969],"product_tag":[5012,8247],"class_list":{"0":"post-204170","1":"product","2":"type-product","3":"status-publish","4":"has-post-thumbnail","6":"product_cat-etekler","7":"product_tag-elegant","8":"product_tag-klos-etek","9":"pa_brand-fahhar","10":"pa_color-sari","11":"pa_size-4701","12":"pa_size-4706","13":"pa_size-4711","14":"pa_size-4713","16":"first","17":"outofstock","18":"shipping-taxable","19":"product-type-variable"},"_links":{"self":[{"href":"https:\/\/mod.wisdar.net\/tr\/wp-json\/wp\/v2\/product\/204170","targetHints":{"allow":["GET"]}}],"collection":[{"href":"https:\/\/mod.wisdar.net\/tr\/wp-json\/wp\/v2\/product"}],"about":[{"href":"https:\/\/mod.wisdar.net\/tr\/wp-json\/wp\/v2\/types\/product"}],"replies":[{"embeddable":true,"href":"https:\/\/mod.wisdar.net\/tr\/wp-json\/wp\/v2\/comments?post=204170"}],"wp:featuredmedia":[{"embeddable":true,"href":"https:\/\/mod.wisdar.net\/tr\/wp-json\/wp\/v2\/media\/204162"}],"wp:attachment":[{"href":"https:\/\/mod.wisdar.net\/tr\/wp-json\/wp\/v2\/media?parent=204170"}],"wp:term":[{"taxonomy":"product_brand","embeddable":true,"href":"https:\/\/mod.wisdar.net\/tr\/wp-json\/wp\/v2\/product_brand?post=204170"},{"taxonomy":"product_cat","embeddable":true,"href":"https:\/\/mod.wisdar.net\/tr\/wp-json\/wp\/v2\/product_cat?post=204170"},{"taxonomy":"product_tag","embeddable":true,"href":"https:\/\/mod.wisdar.net\/tr\/wp-json\/wp\/v2\/product_tag?post=204170"}],"curies":[{"name":"wp","href":"https:\/\/api.w.org\/{rel}","templated":true}]}}