{"id":204222,"date":"2026-04-03T14:38:06","date_gmt":"2026-04-03T14:38:06","guid":{"rendered":"https:\/\/modesthanim.com\/product\/siyah-jakarli-zincir-desen-ikili-takim\/"},"modified":"2026-04-03T14:38:21","modified_gmt":"2026-04-03T14:38:21","slug":"siyah-jakarli-zincir-desen-ikili-takim","status":"publish","type":"product","link":"https:\/\/mod.wisdar.net\/tr\/urun\/siyah-jakarli-zincir-desen-ikili-takim\/","title":{"rendered":"Siyah Jakarl\u0131 Zincir Desen \u0130kili Tak\u0131m"},"content":{"rendered":"<p>BEDEN TABLOSU<br \/>\nBolum<br \/>\n38<br \/>\n40<br \/>\n42<br \/>\n44<br \/>\n46<br \/>\n48<\/p>\n<p>BASEN 1\/2<br \/>\n51<br \/>\n53<br \/>\n55<br \/>\n57<br \/>\n59<\/p>\n<p>G\u00d6\u011e\u00dcS<br \/>\n53<br \/>\n55<br \/>\n57<br \/>\n59<br \/>\n61<\/p>\n<p>KOL BOYU<br \/>\n61.5<br \/>\n62<br \/>\n62.5<br \/>\n63<br \/>\n63.5<\/p>\n<p>\u00d6N OMUZDAN BOY (\u00c7ATIM)<br \/>\n85.5<br \/>\n86<br \/>\n86.5<br \/>\n87<br \/>\n87.5<\/p>\n<p>PANT BOY<br \/>\n105.5<br \/>\n106<br \/>\n106.5<br \/>\n107<br \/>\n107.5<\/p>\n<p>\u00d6l\u00e7\u00fcmler CM cinsindendir. \u00d6l\u00e7\u00fcler Aras\u0131 + \u2013 1 CM fark olabilir.BAKIMI:<br \/>\n\u00dcr\u00fcn\u00fcm\u00fcz\u00fc tersinden hassas programda tek y\u0131kay\u0131n\u0131z.<br \/>\n S\u0131v\u0131 deterjanla y\u0131kamal\u0131 ve d\u00fc\u015f\u00fck devirde s\u0131kma yapmal\u0131s\u0131n\u0131z.<br \/>\n Sererek kurutmal\u0131 ve d\u00fc\u015f\u00fck s\u0131cakl\u0131kta \u00fct\u00fc yapmal\u0131s\u0131n\u0131z.<br \/>\nED\u0130T\u00d6R\u00dcN YORUMU<br \/>\n Jakarl\u0131 zincir desen ikili tak\u0131m \u015f\u0131kl\u0131\u011f\u0131n\u0131 sade ama etkileyici detaylarla \u00f6n plana \u00e7\u0131kar\u0131yor. Tak\u0131m\u0131n en dikkat \u00e7eken \u00f6zelli\u011fi olan kol a\u011fz\u0131ndaki t\u00fcy detay\u0131 tasar\u0131ma sofistike bir dokunu\u015f katarak asil ve g\u00f6z al\u0131c\u0131 bir duru\u015f sergiliyor. Hem klasik hem de trend \u00e7izgileri bir arada sunan bu tak\u0131m ipek \u015fal ile kombinlendi\u011finde dikkatleri \u00fczerinize \u00e7ekiyor.<\/p>\n<p>\u2014 Technical Details \u2014<br \/>\nKuma\u015f: Viskon<br \/>\nDesen: Jakarl\u0131<br \/>\nManken \u00d6l\u00e7\u00fcs\u00fc: Boy:170 cm,Gog\u00fcs:86 cm,Bel:64 cm,Basen:95 cm,Kol Boyu:60 cm.<br \/>\nKapama Tarz\u0131: D\u00fc\u011fmeli<br \/>\nYaka Tipi: Bisiklet Yaka<\/p>\n","protected":false},"excerpt":{"rendered":"<p>BEDEN TABLOSU Bolum 38 40 42 44 46 48 BASEN 1\/2 51 53 55 57 59 G\u00d6\u011e\u00dcS 53 55 57 59 61 KOL BOYU 61.5 62 62.5 63 63.5 \u00d6N OMUZDAN BOY (\u00c7ATIM) 85.5 86 86.5 87 87.5 PANT BOY 105.5 106 106.5 107 107.5 \u00d6l\u00e7\u00fcmler CM cinsindendir. \u00d6l\u00e7\u00fcler Aras\u0131 + \u2013 1 CM fark [&hellip;]<\/p>\n","protected":false},"featured_media":204213,"comment_status":"open","ping_status":"closed","template":"","meta":[],"product_brand":[],"product_cat":[1900],"product_tag":[5012,6744,7074],"class_list":{"0":"post-204222","1":"product","2":"type-product","3":"status-publish","4":"has-post-thumbnail","6":"product_cat-koordinatlar-setler","7":"product_tag-elegant","8":"product_tag-kadin-modasi","9":"product_tag-siyah","10":"pa_brand-levidor","11":"pa_color-siyah","12":"pa_size-4706","13":"pa_size-4711","14":"pa_size-4713","15":"pa_size-4751","16":"pa_size-4749","18":"first","19":"instock","20":"sale","21":"shipping-taxable","22":"purchasable","23":"product-type-variable"},"_links":{"self":[{"href":"https:\/\/mod.wisdar.net\/tr\/wp-json\/wp\/v2\/product\/204222","targetHints":{"allow":["GET"]}}],"collection":[{"href":"https:\/\/mod.wisdar.net\/tr\/wp-json\/wp\/v2\/product"}],"about":[{"href":"https:\/\/mod.wisdar.net\/tr\/wp-json\/wp\/v2\/types\/product"}],"replies":[{"embeddable":true,"href":"https:\/\/mod.wisdar.net\/tr\/wp-json\/wp\/v2\/comments?post=204222"}],"wp:featuredmedia":[{"embeddable":true,"href":"https:\/\/mod.wisdar.net\/tr\/wp-json\/wp\/v2\/media\/204213"}],"wp:attachment":[{"href":"https:\/\/mod.wisdar.net\/tr\/wp-json\/wp\/v2\/media?parent=204222"}],"wp:term":[{"taxonomy":"product_brand","embeddable":true,"href":"https:\/\/mod.wisdar.net\/tr\/wp-json\/wp\/v2\/product_brand?post=204222"},{"taxonomy":"product_cat","embeddable":true,"href":"https:\/\/mod.wisdar.net\/tr\/wp-json\/wp\/v2\/product_cat?post=204222"},{"taxonomy":"product_tag","embeddable":true,"href":"https:\/\/mod.wisdar.net\/tr\/wp-json\/wp\/v2\/product_tag?post=204222"}],"curies":[{"name":"wp","href":"https:\/\/api.w.org\/{rel}","templated":true}]}}